{"id":4091,"date":"2023-07-20T11:40:55","date_gmt":"2023-07-20T09:40:55","guid":{"rendered":"https:\/\/www.add-associes.com\/add-associes-die-referenz-fuer-erbschaftsgenealogie\/"},"modified":"2025-12-16T09:31:28","modified_gmt":"2025-12-16T08:31:28","slug":"add-associes-die-referenz-fuer-erbschaftsgenealogie","status":"publish","type":"page","link":"https:\/\/www.add-associes.com\/de\/","title":{"rendered":"ADD ASSOCI\u00c9S, DER F\u00dcHRENDE EXPERTE F\u00dcR ERBENERMITTLUNG"},"content":{"rendered":"","protected":false},"excerpt":{"rendered":"<p>Wir, ADD Associ\u00e9s, erm\u00f6glichen es Fachleuten, ihr Erbrecht vertrauensvoll und in einem rechtssicheren Rahmen auszu\u00fcben, und Privatpersonen, fair und menschlich behandelt zu werden.<\/p>\n","protected":false},"author":2,"featured_media":0,"parent":0,"menu_order":0,"comment_status":"closed","ping_status":"closed","template":"","meta":{"_acf_changed":false,"footnotes":""},"class_list":["post-4091","page","type-page","status-publish","hentry"],"acf":[],"_links":{"self":[{"href":"https:\/\/www.add-associes.com\/de\/wp-json\/wp\/v2\/pages\/4091","targetHints":{"allow":["GET"]}}],"collection":[{"href":"https:\/\/www.add-associes.com\/de\/wp-json\/wp\/v2\/pages"}],"about":[{"href":"https:\/\/www.add-associes.com\/de\/wp-json\/wp\/v2\/types\/page"}],"author":[{"embeddable":true,"href":"https:\/\/www.add-associes.com\/de\/wp-json\/wp\/v2\/users\/2"}],"replies":[{"embeddable":true,"href":"https:\/\/www.add-associes.com\/de\/wp-json\/wp\/v2\/comments?post=4091"}],"version-history":[{"count":0,"href":"https:\/\/www.add-associes.com\/de\/wp-json\/wp\/v2\/pages\/4091\/revisions"}],"wp:attachment":[{"href":"https:\/\/www.add-associes.com\/de\/wp-json\/wp\/v2\/media?parent=4091"}],"curies":[{"name":"wp","href":"https:\/\/api.w.org\/{rel}","templated":true}]}}