{"id":4262,"date":"2023-07-19T15:14:46","date_gmt":"2023-07-19T13:14:46","guid":{"rendered":"https:\/\/www.add-associes.com\/wurden-sie-von-einem-genealogen-von-add-associes-kontaktiert\/"},"modified":"2026-01-20T14:27:33","modified_gmt":"2026-01-20T13:27:33","slug":"wurden-sie-von-einem-genealogen-von-add-associes-kontaktiert","status":"publish","type":"page","link":"https:\/\/www.add-associes.com\/de\/wurden-sie-von-einem-genealogen-von-add-associes-kontaktiert\/","title":{"rendered":"Sie wurden von einem Erbenermittler von ADD Associ\u00e9s kontaktiert?"},"content":{"rendered":"\n<div class=\"wp-block-group is-style-container\"><div class=\"wp-block-group__inner-container is-layout-constrained wp-block-group-is-layout-constrained\">\n<h2 class=\"wp-block-heading\">Sie haben eine Erbschaftsenth\u00fcllungsvereinbarung erhalten: Was ist die Erbschaftsenth\u00fcllungsvereinbarung?&nbsp;<\/h2>\n\n\n\n<p>Der Erbschaftsenth\u00fcllungsvereinbarung legt die Bedingungen einer Vereinbarung zwischen Ihnen als zuk\u00fcnftigem Erben und ADD Associ\u00e9s fest. In der Erbschaftsenth\u00fcllungsvereinbarung wird insbesondere das Honorar f\u00fcr unsere Ermittlungsarbeit&nbsp; festgelegt.&nbsp;&nbsp;&nbsp;<\/p>\n\n\n\n<p>Sobald die Erbschaftsenth\u00fcllungsvereinbarung unterzeichnet ist, verpflichten wir uns, Ihre Rechte im Rahmen Ihrer Erbschaft geltend zu machen.&nbsp;<\/p>\n\n\n\n<h2 class=\"wp-block-heading\">Haben Sie noch Fragen?<\/h2>\n\n\n\n<p>Hier finden Sie Antworten auf die wichtigsten rechtlichen, verwaltungstechnischen und praktischen Fragen, die sich Beg\u00fcnstigte eines Nachlasses am h\u00e4ufigsten stellen.<\/p>\n\n\n\n<div class=\"wp-block-buttons is-content-justification-center is-layout-flex wp-container-core-buttons-is-layout-16018d1d wp-block-buttons-is-layout-flex\">\n<div class=\"wp-block-button\"><a class=\"wp-block-button__link has-text-align-center wp-element-button\" href=\"https:\/\/www.add-associes.com\/de\/ihre-fragen-unsere-antworten\/\" target=\"_blank\" rel=\"noreferrer noopener\">faq konsultieren<\/a><\/div>\n<\/div>\n<\/div><\/div>\n\n\n\n<div class=\"wp-block-group is-style-container\"><div class=\"wp-block-group__inner-container is-layout-constrained wp-block-group-is-layout-constrained\">\n<h3 class=\"wp-block-heading has-text-align-center\"><strong>ADD Associ\u00e9s \u2013 Experten zu Ihren Diensten<\/strong><\/h3>\n\n\n\n<figure class=\"wp-block-embed is-type-video is-provider-youtube wp-block-embed-youtube wp-embed-aspect-16-9 wp-has-aspect-ratio\"><div class=\"wp-block-embed__wrapper\">\n<iframe loading=\"lazy\" title=\"Discover ADD Associ\u00e9s, Experts in Estate Genealogy\" width=\"500\" height=\"281\" src=\"https:\/\/www.youtube.com\/embed\/IYnFWAv3AEg?feature=oembed&#038;enablejsapi=1\" frameborder=\"0\" allow=\"accelerometer; autoplay; clipboard-write; encrypted-media; gyroscope; picture-in-picture; web-share\" referrerpolicy=\"strict-origin-when-cross-origin\" allowfullscreen><\/iframe>\n<\/div><\/figure>\n<\/div><\/div>\n\n\n\n<div class=\"wp-block-group has-background custom-form container-lg\" >\n    <div class=\"row\">\n        <div class=\"col-12 col-lg-8\">\n            <h2>Z\u00f6gern Sie nicht, uns zu kontaktieren, wenn Sie nach der Beanspruchung unserer Teams Fragen haben.<\/h2>\n            <p><\/p>\n\n            <div class=\"forminator-ui forminator-custom-form forminator-custom-form-4929 forminator-design--material  forminator_ajax\" data-forminator-render=\"0\" data-form=\"forminator-module-4929\" data-uid=\"69d5ef2643c40\"><br\/><\/div><form\r\n\t\t\t\tid=\"forminator-module-4929\"\r\n\t\t\t\tclass=\"forminator-ui forminator-custom-form forminator-custom-form-4929 forminator-design--material  forminator_ajax\"\r\n\t\t\t\tmethod=\"post\"\r\n\t\t\t\tdata-forminator-render=\"0\"\r\n\t\t\t\tdata-form-id=\"4929\"\r\n\t\t\t\t data-color-option=\"default\" data-design=\"material\" data-grid=\"open\" style=\"display: none;\"\r\n\t\t\t\tdata-uid=\"69d5ef2643c40\"\r\n\t\t\t><div role=\"alert\" aria-live=\"polite\" class=\"forminator-response-message forminator-error\" aria-hidden=\"true\"><\/div><div class=\"forminator-row\"><div id=\"name-1\" class=\"forminator-field-name forminator-col forminator-col-12 \"><div class=\"forminator-row forminator-no-margin\" data-multiple=\"true\"><div class=\"forminator-col forminator-col-md-6\"><div class=\"forminator-field\"><label for=\"forminator-field-first-name-1_69d5ef2643c40\" id=\"forminator-field-first-name-1_69d5ef2643c40-label\" class=\"forminator-label\">Vorname <span class=\"forminator-required\">*<\/span><\/label><input type=\"text\" name=\"name-1-first-name\" placeholder=\"Beispiel: Emma\" id=\"forminator-field-first-name-1_69d5ef2643c40\" class=\"forminator-input\" aria-required=\"true\" data-multi=\"1\" autocomplete=\"given-name\" value=\"\" \/><\/div><\/div><div class=\"forminator-col forminator-col-md-6\"><div class=\"forminator-field\"><label for=\"forminator-field-last-name-1_69d5ef2643c40\" id=\"forminator-field-last-name-1_69d5ef2643c40-label\" class=\"forminator-label\">Nachname <span class=\"forminator-required\">*<\/span><\/label><input type=\"text\" name=\"name-1-last-name\" placeholder=\"Beispiel: Fischer\" id=\"forminator-field-last-name-1_69d5ef2643c40\" class=\"forminator-input\" aria-required=\"true\" data-multi=\"1\" autocomplete=\"family-name\" value=\"\" \/><\/div><\/div><\/div><\/div><\/div><div class=\"forminator-row\"><div id=\"text-1\" class=\"forminator-field-text forminator-col forminator-col-12 \"><div class=\"forminator-field\"><label for=\"forminator-field-text-1_69d5ef2643c40\" id=\"forminator-field-text-1_69d5ef2643c40-label\" class=\"forminator-label\">Aktenzeichen<\/label><input type=\"text\" name=\"text-1\" value=\"\" placeholder=\"Zum Beispiel: 98765\" id=\"forminator-field-text-1_69d5ef2643c40\" class=\"forminator-input forminator-name--field\" data-required=\"\" \/><\/div><\/div><\/div><div class=\"forminator-row\"><div id=\"phone-1\" class=\"forminator-field-phone forminator-col forminator-col-6 \"><div class=\"forminator-field\"><label for=\"forminator-field-phone-1_69d5ef2643c40\" id=\"forminator-field-phone-1_69d5ef2643c40-label\" class=\"forminator-label\">Telefon<\/label><input type=\"text\" name=\"phone-1\" value=\"\" placeholder=\"Beispiel: 06 02 03 05 06\" id=\"forminator-field-phone-1_69d5ef2643c40\" class=\"forminator-input forminator-field--phone\" data-required=\"\" aria-required=\"false\" autocomplete=\"off\" \/><\/div><\/div><div id=\"email-1\" class=\"forminator-field-email forminator-col forminator-col-6 \"><div class=\"forminator-field\"><label for=\"forminator-field-email-1_69d5ef2643c40\" id=\"forminator-field-email-1_69d5ef2643c40-label\" class=\"forminator-label\">E-mail <span class=\"forminator-required\">*<\/span><\/label><input type=\"email\" name=\"email-1\" value=\"\" placeholder=\"Beispiel: emma@fischer.com\" id=\"forminator-field-email-1_69d5ef2643c40\" class=\"forminator-input forminator-email--field\" data-required=\"1\" aria-required=\"true\" autocomplete=\"email\" \/><\/div><\/div><\/div><div class=\"forminator-row\"><div id=\"textarea-1\" class=\"forminator-field-textarea forminator-col forminator-col-12 \"><div class=\"forminator-field\"><label for=\"forminator-field-textarea-1_69d5ef2643c40\" id=\"forminator-field-textarea-1_69d5ef2643c40-label\" class=\"forminator-label\">Ihre Nachricht <span class=\"forminator-required\">*<\/span><\/label><textarea name=\"textarea-1\" placeholder=\"F\u00fcgen Sie hier Ihre Nachricht ein\" id=\"forminator-field-textarea-1_69d5ef2643c40\" class=\"forminator-textarea\" rows=\"6\" style=\"min-height:140px;\" ><\/textarea><\/div><\/div><\/div><div class=\"forminator-row\"><div id=\"checkbox-1\" class=\"forminator-field-checkbox forminator-col forminator-col-12 \"><div role=\"group\" class=\"forminator-field required\" aria-labelledby=\"forminator-checkbox-group-forminator-field-checkbox-1-69d5ef2643c40-label\"><label id=\"forminator-field-checkbox-1-1-69d5ef2643c40-label\" for=\"forminator-field-checkbox-1-1-69d5ef2643c40\" class=\"forminator-checkbox\" title=\"Wenn Sie dieses K\u00e4stchen ankreuzen, erkl\u00e4ren Sie sich damit einverstanden, dass ADD Associ\u00e9s im Rahmen seiner T\u00e4tigkeit der Erbenermittlung gem\u00e4\u00df seiner Datenschutzpolitik personenbezogene Daten \u00fcber Sie sammelt und verarbeitet.\"><input type=\"checkbox\" name=\"checkbox-1[]\" value=\"Lorem-ipsum-dolor-sit-amet,-consectetur-adipiscing-elit.-Ut-aliquet-nec-sapien-sit-amet-consequat.-Nullam-sit-amet-urna-ut-enim-convallis-sagittis.\" id=\"forminator-field-checkbox-1-1-69d5ef2643c40\" aria-labelledby=\"forminator-field-checkbox-1-1-69d5ef2643c40-label\" data-calculation=\"0\" checked=\"checked\"  data-hidden-behavior=\"zero\"\/><span class=\"forminator-checkbox-box\" aria-hidden=\"true\"><\/span><span class=\"forminator-checkbox-label\">Wenn Sie dieses K\u00e4stchen ankreuzen, erkl\u00e4ren Sie sich damit einverstanden, dass ADD Associ\u00e9s im Rahmen seiner T\u00e4tigkeit der Erbenermittlung gem\u00e4\u00df seiner Datenschutzpolitik personenbezogene Daten \u00fcber Sie sammelt und verarbeitet.<\/span><\/label><\/div><\/div><\/div><div class=\"forminator-row\"><div id=\"captcha-1\" class=\"forminator-field-captcha forminator-col forminator-col-12 \"><div class=\"forminator-captcha-left forminator-g-recaptcha\" data-theme=\"light\"  data-sitekey=\"6Ldoi98nAAAAAPeAzVaAgk_N970JYXv8fQoneIWj\" data-size=\"normal\"><\/div> <\/div><\/div><input type=\"hidden\" name=\"referer_url\" value=\"\" \/><div class=\"forminator-row forminator-row-last\"><div class=\"forminator-col\"><div class=\"forminator-field\"><button class=\"forminator-button forminator-button-submit\"><span>Senden<\/span><span aria-hidden=\"true\"><\/span><\/button><\/div><\/div><\/div><input type=\"hidden\" id=\"forminator_nonce\" name=\"forminator_nonce\" value=\"f62004c2ec\" \/><input type=\"hidden\" name=\"_wp_http_referer\" value=\"\/de\/wp-json\/wp\/v2\/pages\/4262\" \/><input type=\"hidden\" name=\"form_id\" value=\"4929\"><input type=\"hidden\" name=\"page_id\" value=\"4262\"><input type=\"hidden\" name=\"form_type\" value=\"default\"><input type=\"hidden\" name=\"current_url\" value=\"https:\/\/www.add-associes.com\/de\/wurden-sie-von-einem-genealogen-von-add-associes-kontaktiert\/\"><input type=\"hidden\" name=\"render_id\" value=\"0\"><input type=\"hidden\" name=\"action\" value=\"forminator_submit_form_custom-forms\"><\/form>        <\/div>\n    <\/div>\n<\/div>\n","protected":false},"excerpt":{"rendered":"<p>Sie haben eine Erbschaftsenth\u00fcllungsvereinbarung erhalten: Was ist die Erbschaftsenth\u00fcllungsvereinbarung?&nbsp; Der Erbschaftsenth\u00fcllungsvereinbarung legt die Bedingungen einer Vereinbarung zwischen Ihnen als zuk\u00fcnftigem Erben und ADD Associ\u00e9s fest. In der Erbschaftsenth\u00fcllungsvereinbarung wird insbesondere das Honorar f\u00fcr unsere Ermittlungsarbeit&nbsp; festgelegt.&nbsp;&nbsp;&nbsp; Sobald die Erbschaftsenth\u00fcllungsvereinbarung unterzeichnet ist, verpflichten wir uns, Ihre Rechte im Rahmen Ihrer Erbschaft geltend zu machen.&nbsp; Haben Sie [&hellip;]<\/p>\n","protected":false},"author":2,"featured_media":0,"parent":0,"menu_order":0,"comment_status":"closed","ping_status":"closed","template":"page-heir-contact.php","meta":{"_acf_changed":false,"footnotes":""},"class_list":["post-4262","page","type-page","status-publish","hentry"],"acf":[],"_links":{"self":[{"href":"https:\/\/www.add-associes.com\/de\/wp-json\/wp\/v2\/pages\/4262","targetHints":{"allow":["GET"]}}],"collection":[{"href":"https:\/\/www.add-associes.com\/de\/wp-json\/wp\/v2\/pages"}],"about":[{"href":"https:\/\/www.add-associes.com\/de\/wp-json\/wp\/v2\/types\/page"}],"author":[{"embeddable":true,"href":"https:\/\/www.add-associes.com\/de\/wp-json\/wp\/v2\/users\/2"}],"replies":[{"embeddable":true,"href":"https:\/\/www.add-associes.com\/de\/wp-json\/wp\/v2\/comments?post=4262"}],"version-history":[{"count":0,"href":"https:\/\/www.add-associes.com\/de\/wp-json\/wp\/v2\/pages\/4262\/revisions"}],"wp:attachment":[{"href":"https:\/\/www.add-associes.com\/de\/wp-json\/wp\/v2\/media?parent=4262"}],"curies":[{"name":"wp","href":"https:\/\/api.w.org\/{rel}","templated":true}]}}