{"id":4302,"date":"2023-07-20T08:50:51","date_gmt":"2023-07-20T06:50:51","guid":{"rendered":"https:\/\/www.add-associes.com\/wurden-sie-von-einem-genealogen-von-add-associes-kontaktiert\/ihre-vorteile-und-garantien\/"},"modified":"2025-01-15T10:32:46","modified_gmt":"2025-01-15T09:32:46","slug":"ihre-vorteile-und-garantien","status":"publish","type":"page","link":"https:\/\/www.add-associes.com\/de\/wurden-sie-von-einem-genealogen-von-add-associes-kontaktiert\/ihre-vorteile-und-garantien\/","title":{"rendered":"Ihre Vorteile und Garantien"},"content":{"rendered":"\n<div class=\"wp-block-group is-style-container\"><div class=\"wp-block-group__inner-container is-layout-constrained wp-block-group-is-layout-constrained\">\n<div class=\"wp-block-columns is-layout-flex wp-container-core-columns-is-layout-9d6595d7 wp-block-columns-is-layout-flex\">\n<div class=\"wp-block-column is-layout-flow wp-block-column-is-layout-flow\">\n<h2 class=\"wp-block-heading\">Warum sollten Sie sich f\u00fcr ADD ASSOCIES entscheiden?&nbsp;<\/h2>\n\n\n\n<p>Bei ADD Associ\u00e9s haben Sie die Gewissheit, von einer&nbsp; Effizienz und einer Fachkompetenz zu profitieren, die von mehreren tausend Kunden \u2013 Rechtsberatern oder Erben \u2013, die uns jedes Jahr ihr Vertrauen schenken, gesch\u00e4tzt werden.&nbsp;&nbsp;<\/p>\n\n\n\n<ul class=\"wp-block-list\">\n<li>200 Experten f\u00fcr Erbrecht und Erbenermittlung\u00a0\u00a0<\/li>\n\n\n\n<li>Kapazit\u00e4ten f\u00fcr die Suche im In- und Ausland&nbsp;&nbsp;<\/li>\n\n\n\n<li>Innovative digitale Instrumente f\u00fcr eine schnellere und zuverl\u00e4ssigere Erbenermittlung&nbsp;&nbsp;&nbsp;<\/li>\n\n\n\n<li>Bew\u00e4hrte und zertifizierte Methoden&nbsp;&nbsp;<\/li>\n<\/ul>\n\n\n\n<p>&nbsp;<br>Sie werden von einem engagierten Team begleitet, das Ihnen w\u00e4hrend des gesamten Nachlassverfahrens zur Seite steht und Ihre Fragen beantwortet.&nbsp;<\/p>\n\n\n\n<ul class=\"wp-block-list\">\n<li>Pers\u00f6nlich bekannte Ansprechpartner, die zeitnah auf Ihre Bed\u00fcrfnisse eingehen.&nbsp;&nbsp;&nbsp;<\/li>\n\n\n\n<li>Ein integriertes internationales Team mit Genealogen, die 17 Sprachen sprechen, um auch nicht-franz\u00f6sischsprachige internationale Zielgruppen optimal zu betreuen.\u00a0<\/li>\n<\/ul>\n\n\n\n<p>Sie k\u00f6nnen sich beruhigt auf eine solide Gruppe verlassen, die Vertrauen, Sicherheit und Ethik in den Mittelpunkt ihre Werte stellt.&nbsp;&nbsp;<\/p>\n\n\n\n<ul class=\"wp-block-list\">\n<li>Mitglieder der franz\u00f6sischen und internationalen Berufsorganisationen (<a href=\"https:\/\/genealogistes-france.org\/\">G\u00e9n\u00e9alogistes de France<\/a>, <a href=\"https:\/\/iappr.org\/fr\/\">IAPPR<\/a>).&nbsp;<\/li>\n\n\n\n<li>Weitere Informationen finden Sie im Ethik-Kodex und in den Compliance-Richtlinien von G\u00e9n\u00e9alogistes de France.&nbsp;<\/li>\n<\/ul>\n\n\n\n<p>Als professionelle Erbenermittler wird jeder unserer Auftr\u00e4ge durch ein Mandat und eine Erbschaftsenth\u00fcllungsvereinbarung geregelt, die den Rahmen unserer T\u00e4tigkeit festlegt und unsere Honorare transparent erl\u00e4utert.&nbsp;<\/p>\n<\/div>\n<\/div>\n<\/div><\/div>\n\n\n\n<div class=\"wp-block-group is-style-container has-light-background-color has-background\"><div class=\"wp-block-group__inner-container is-layout-constrained wp-block-group-is-layout-constrained\">\n<div class=\"wp-block-columns is-layout-flex wp-container-core-columns-is-layout-9d6595d7 wp-block-columns-is-layout-flex\">\n<div class=\"wp-block-column is-layout-flow wp-block-column-is-layout-flow\">\n<h2 class=\"wp-block-heading\">Starke Garantien zu Ihrem Schutz&nbsp;&nbsp;  <\/h2>\n\n\n\n<ul class=\"wp-block-list\">\n<li>Sicherheit der Gelder der Mandanten, die bei der staatlichen Caisse des D\u00e9p\u00f4ts et Consignation hinterlegt sind.&nbsp;&nbsp;<\/li>\n\n\n\n<li>Finanzielle Garantie, die auf die Liquidit\u00e4t abgestimmt ist&nbsp;&nbsp;<\/li>\n\n\n\n<li>Berufshaftpflichtversicherung&nbsp;&nbsp;<\/li>\n\n\n\n<li>J\u00e4hrliche Kontrolle der Handhabung der Kundengelder\/Erbengelder durch KPMG.&nbsp;<\/li>\n<\/ul>\n<\/div>\n<\/div>\n\n\n\n<div class=\"wp-block-buttons is-content-justification-center is-layout-flex wp-container-core-buttons-is-layout-16018d1d wp-block-buttons-is-layout-flex\">\n<div class=\"wp-block-button is-style-fill\"><a class=\"wp-block-button__link wp-element-button\" href=\"https:\/\/www.add-associes.com\/de\/ueber-add-associes\/\"><strong>Mehr Informationen \u00fcber ADD Associ\u00e9s<\/strong><\/a><\/div>\n<\/div>\n<\/div><\/div>\n","protected":false},"excerpt":{"rendered":"<p>Warum sollten Sie sich f\u00fcr ADD ASSOCIES entscheiden?&nbsp; Bei ADD Associ\u00e9s haben Sie die Gewissheit, von einer&nbsp; Effizienz und einer Fachkompetenz zu profitieren, die von mehreren tausend Kunden \u2013 Rechtsberatern oder Erben \u2013, die uns jedes Jahr ihr Vertrauen schenken, gesch\u00e4tzt werden.&nbsp;&nbsp; &nbsp;Sie werden von einem engagierten Team begleitet, das Ihnen w\u00e4hrend des gesamten Nachlassverfahrens [&hellip;]<\/p>\n","protected":false},"author":2,"featured_media":0,"parent":4262,"menu_order":0,"comment_status":"closed","ping_status":"closed","template":"","meta":{"_acf_changed":true,"footnotes":""},"class_list":["post-4302","page","type-page","status-publish","hentry"],"acf":[],"_links":{"self":[{"href":"https:\/\/www.add-associes.com\/de\/wp-json\/wp\/v2\/pages\/4302","targetHints":{"allow":["GET"]}}],"collection":[{"href":"https:\/\/www.add-associes.com\/de\/wp-json\/wp\/v2\/pages"}],"about":[{"href":"https:\/\/www.add-associes.com\/de\/wp-json\/wp\/v2\/types\/page"}],"author":[{"embeddable":true,"href":"https:\/\/www.add-associes.com\/de\/wp-json\/wp\/v2\/users\/2"}],"replies":[{"embeddable":true,"href":"https:\/\/www.add-associes.com\/de\/wp-json\/wp\/v2\/comments?post=4302"}],"version-history":[{"count":0,"href":"https:\/\/www.add-associes.com\/de\/wp-json\/wp\/v2\/pages\/4302\/revisions"}],"up":[{"embeddable":true,"href":"https:\/\/www.add-associes.com\/de\/wp-json\/wp\/v2\/pages\/4262"}],"wp:attachment":[{"href":"https:\/\/www.add-associes.com\/de\/wp-json\/wp\/v2\/media?parent=4302"}],"curies":[{"name":"wp","href":"https:\/\/api.w.org\/{rel}","templated":true}]}}