{"id":4316,"date":"2023-09-01T15:50:24","date_gmt":"2023-09-01T13:50:24","guid":{"rendered":"https:\/\/www.add-associes.com\/rechtliche-hinweise\/"},"modified":"2024-11-21T18:03:23","modified_gmt":"2024-11-21T17:03:23","slug":"rechtliche-hinweise","status":"publish","type":"page","link":"https:\/\/www.add-associes.com\/de\/rechtliche-hinweise\/","title":{"rendered":"Rechtliche Hinweise"},"content":{"rendered":"\n<h3 class=\"wp-block-heading\">Informationen Herausgeber<\/h3>\n\n\n\n<p>Name der Gesellschaft: ETUDE GENEALOGIQUE ADD &amp; ASSOCIES<\/p>\n\n\n\n<p>Hauptsitz: 4, avenue du Coq &#8211; 75009 Paris<\/p>\n\n\n\n<p>Telefonnummer: 01 44 94 91 91  <\/p>\n\n\n\n<p>Faxnummer: 01 44 94 91 92<\/p>\n\n\n\n<p>Kontaktmail: <a href=\"mailto:contact@add-associes.com\">contact@add-associes.com<\/a><\/p>\n\n\n\n<p>Intracom-MwSt.-Nr.: FR76 379427420<\/p>\n\n\n\n<p>RCS-Nummer: 379427420<\/p>\n\n\n\n<p>Stammkapital: SAS mit einem Kapital von 100.000 \u20ac.<\/p>\n\n\n\n<h3 class=\"wp-block-heading\">&nbsp;<\/h3>\n\n\n\n<h3 class=\"wp-block-heading\">Information Designer<\/h3>\n\n\n\n<p>Name des Unternehmens: <a href=\"https:\/\/www.vigicorp.fr\/\" target=\"_blank\" rel=\"noreferrer noopener\">Vigicorp<\/a><\/p>\n\n\n\n<p>Eingetragener Sitz: 49 quai \u00c9mile Cormerais, B\u00e2timent C. 44 800 Saint-Herblain.<\/p>\n\n\n\n<p>Telefonnummer: 02 28 03 55 51<\/p>\n\n\n\n<h3 class=\"wp-block-heading\">Hosting-Informationen<\/h3>\n\n\n\n<p>OVH  <\/p>\n\n\n\n<h3 class=\"wp-block-heading\">Gesetz \u00fcber Informatik und Freiheiten<\/h3>\n\n\n\n<p><\/p>\n\n\n\n<p>Gem\u00e4\u00df Artikel 32 des Gesetzes Nr. 78-17 informieren wir Sie dar\u00fcber, dass personenbezogene Daten (Zivilstand, Namenslisten der Volksz\u00e4hlungen, Wahllisten, Nachlass- und Abwesenheitstabellen, Matrikelregistertabellen, Todesanzeigen&#8230;) von der Ahnenforschungsagentur ADD &amp; Associ\u00e9s zum Zweck der Erbenermittlung automatisiert verarbeitet werden.<br>Die gesammelten Daten sind ausschlie\u00dflich f\u00fcr den internen Gebrauch der Kanzlei bestimmt.<br>Gem\u00e4\u00df den Bestimmungen des Gesetzes &#8222;Informatique et Libert\u00e9s&#8220; (Art. 38 ff.) haben Sie das Recht, auf die Sie betreffenden Daten zuzugreifen und sie zu berichtigen. Sie k\u00f6nnen sich der Verarbeitung auch aus legitimen Gr\u00fcnden widersetzen.<\/p>\n\n\n\n<p>Um Ihre Rechte auszu\u00fcben, wenden Sie sich bitte an :<\/p>\n\n\n\n<p>per Post an ADD &amp; Associ\u00e9s &#8211; M. Le D\u00e9l\u00e9gu\u00e9 \u00e0 la Protection des Donn\u00e9es &#8211; 4, avenue du Coq 75009 Paris,  <\/p>\n\n\n\n<p>oder an die E-Mail-Adresse <a href=\"mailto:dpo-add@add-associes.com\">dpo-add@add-associes.com<\/a><\/p>\n\n\n\n<p>Der Datenschutzbeauftragte der Gruppe ADD &amp; Associ\u00e9s ist Frau Aur\u00e9lie ROGER, 4, avenue du Coq, 75009 Paris.<\/p>\n","protected":false},"excerpt":{"rendered":"<p>Informationen Herausgeber Name der Gesellschaft: ETUDE GENEALOGIQUE ADD &amp; ASSOCIES Hauptsitz: 4, avenue du Coq &#8211; 75009 Paris Telefonnummer: 01 44 94 91 91 Faxnummer: 01 44 94 91 92 Kontaktmail: contact@add-associes.com Intracom-MwSt.-Nr.: FR76 379427420 RCS-Nummer: 379427420 Stammkapital: SAS mit einem Kapital von 100.000 \u20ac. &nbsp; Information Designer Name des Unternehmens: Vigicorp Eingetragener Sitz: 49 [&hellip;]<\/p>\n","protected":false},"author":10,"featured_media":0,"parent":0,"menu_order":0,"comment_status":"closed","ping_status":"closed","template":"","meta":{"_acf_changed":false,"footnotes":""},"class_list":["post-4316","page","type-page","status-publish","hentry"],"acf":[],"_links":{"self":[{"href":"https:\/\/www.add-associes.com\/de\/wp-json\/wp\/v2\/pages\/4316","targetHints":{"allow":["GET"]}}],"collection":[{"href":"https:\/\/www.add-associes.com\/de\/wp-json\/wp\/v2\/pages"}],"about":[{"href":"https:\/\/www.add-associes.com\/de\/wp-json\/wp\/v2\/types\/page"}],"author":[{"embeddable":true,"href":"https:\/\/www.add-associes.com\/de\/wp-json\/wp\/v2\/users\/10"}],"replies":[{"embeddable":true,"href":"https:\/\/www.add-associes.com\/de\/wp-json\/wp\/v2\/comments?post=4316"}],"version-history":[{"count":0,"href":"https:\/\/www.add-associes.com\/de\/wp-json\/wp\/v2\/pages\/4316\/revisions"}],"wp:attachment":[{"href":"https:\/\/www.add-associes.com\/de\/wp-json\/wp\/v2\/media?parent=4316"}],"curies":[{"name":"wp","href":"https:\/\/api.w.org\/{rel}","templated":true}]}}