{"id":4435,"date":"2023-08-23T11:37:36","date_gmt":"2023-08-23T09:37:36","guid":{"rendered":"https:\/\/www.add-associes.com\/unsere-verpflichtungen-und-honorare\/"},"modified":"2026-04-02T14:51:53","modified_gmt":"2026-04-02T12:51:53","slug":"unsere-verpflichtungen-und-honorare","status":"publish","type":"page","link":"https:\/\/www.add-associes.com\/de\/unsere-verpflichtungen-und-honorare\/","title":{"rendered":"Unser Unternehmensleitbild und unsere Honorare"},"content":{"rendered":"\n<div class=\"wp-block-group is-style-container has-white-background-color has-background\"><div class=\"wp-block-group__inner-container is-layout-constrained wp-block-group-is-layout-constrained\">\n<div class=\"wp-block-columns is-layout-flex wp-container-core-columns-is-layout-9d6595d7 wp-block-columns-is-layout-flex\">\n<div class=\"wp-block-column is-layout-flow wp-block-column-is-layout-flow\">\n<h2 class=\"wp-block-heading\">Unsere Verpflichtungen im Dienste von Effizienz und Qualit\u00e4t<\/h2>\n\n\n\n<p>Wir verpflichten uns, die besten personellen und technologischen Ressourcen einzusetzen, um Ihnen schnelleres Handeln bei der Erbenermittlung, hochwertige Mandantenbetreuung und m\u00f6glichst kurze Fristen zu bieten.&nbsp;<\/p>\n\n\n\n<h3 class=\"wp-block-heading\">Fachkompetenz und Gr\u00fcndlichkeit<\/h3>\n\n\n\n<ul class=\"wp-block-list\">\n<li>\u00dcber 250 Experten, die ihren Beruf mit Leidenschaft aus\u00fcben,<\/li>\n\n\n\n<li>Spezialisierte und komplement\u00e4re Experten : Erbenermittler, Juristen, Historiker, Ahnenforscher und Experten f\u00fcr internationale Archive,<\/li>\n\n\n\n<li>Kompetenzen in den Bereichen Recht und Erbschaftssteuer.&nbsp;<\/li>\n<\/ul>\n\n\n\n<h3 class=\"wp-block-heading\">Pr\u00e4senz vor Ort und schnelles Vorgehen <\/h3>\n\n\n\n<ul class=\"wp-block-list\">\n<li><a href=\"https:\/\/www.add-associes.com\/de\/finden-sie-ihr-buero\/\">36 B\u00fcros<\/a> in Frankreich und <a href=\"https:\/\/www.add-associes.com\/de\/finden-sie-ihr-buero\/?region=international\">10 B\u00fcros im Ausland<\/a>,<\/li>\n\n\n\n<li>Ein pers\u00f6nlicher Ansprechpartner, der Sie von A bis Z begleitet,<\/li>\n\n\n\n<li>Dank unseres hauseigenen internationalen Ermittlungsteams mit mehrsprachigen Experten sind wir in der Lage, auf allen f\u00fcnf Kontinenten schnell Recherchen durchzuf\u00fchren, Erben zu finden und mit ihnen in Kontakt zu treten.&nbsp;<\/li>\n<\/ul>\n\n\n\n<h3 class=\"wp-block-heading\">Operative Exzellenz und technologische Innovation&nbsp;&nbsp;<\/h3>\n\n\n\n<ul class=\"wp-block-list\">\n<li>ADD Data: exklusive genealogische Datenbank mit \u00fcber 500 Millionen digitalisierten und indexierten Eintr\u00e4gen.&nbsp;&nbsp;<\/li>\n\n\n\n<li>Digitale Ahnentafel\/Stammbaum&nbsp;&nbsp;<\/li>\n\n\n\n<li>Elektronische Unterzeichnung der Dokumente&nbsp;&nbsp;<\/li>\n\n\n\n<li>Zertifizierung der Methoden nach ISO 9001 seit 2008&nbsp;<\/li>\n<\/ul>\n\n\n\n<div class=\"wp-block-buttons is-layout-flex wp-block-buttons-is-layout-flex\">\n<div class=\"wp-block-button\"><a class=\"wp-block-button__link wp-element-button\" href=\"https:\/\/www.add-associes.com\/de\/unsere-leistungen\/\" target=\"_blank\" rel=\"noreferrer noopener\">UNSERE LEISTUNGEN ENTDECKEN<\/a><\/div>\n<\/div>\n<\/div>\n<\/div>\n<\/div><\/div>\n\n\n\n<div class=\"wp-block-group is-style-container has-light-background-color has-background\"><div class=\"wp-block-group__inner-container is-layout-constrained wp-block-group-is-layout-constrained\">\n<div class=\"wp-block-columns is-layout-flex wp-container-core-columns-is-layout-9d6595d7 wp-block-columns-is-layout-flex\">\n<div class=\"wp-block-column is-layout-flow wp-block-column-is-layout-flow\">\n<h2 class=\"wp-block-heading\"><strong>Unser Honorar<\/strong><\/h2>\n\n\n\n<p>Das Erbenermittlerhonorar bei ADD Associ\u00e9s wird je nach den angebotenen Leistungen auf zwei verschiedene Arten berechnet. Es wird vor der Inanspruchnahme der Leistung angegeben. Das garantiert unseren Gespr\u00e4chspartnern Klarheit und Transparenz.&nbsp;&nbsp;<\/p>\n\n\n\n<h3 class=\"wp-block-heading\">Erfolgshonorar&nbsp;<\/h3>\n\n\n\n<p>Das Erfolgshonorar wird prozentual auf Basis des tats\u00e4chlich ausbezahlten Erbanteils bemessen. Dieses Honorar wird in der Erbschaftsenth\u00fcllungsvereinbarung oder in der Vereinbarung \u00fcber den Nachweis von Rechten, die vom Erben unterzeichnet wird, festgesetzt. Die Rechtsprechung erkennt die Erbschaftsenth\u00fcllungsvereinbarung, die der Erbenermittler dem Erben unterbreitet, seit 1866 an. Das Erfolgshonorar variiert je nach Verwandtschaftsgrad.&nbsp;<\/p>\n\n\n\n<p>Das Erfolgshonorar kommt in folgenden F\u00e4llen zur Anwendung:&nbsp;<\/p>\n\n\n\n<ul class=\"wp-block-list\">\n<li>Die durchgef\u00fchrten Recherchen haben dazu gef\u00fchrt, dass einem Erben oder Berechtigten seine Anspr\u00fcche offenbart wurden,&nbsp;<\/li>\n\n\n\n<li>die durchgef\u00fchrten Recherchen haben dazu gef\u00fchrt, dass die Erbanspr\u00fcche eines Erben oder Berechtigten nachgewiesen werden konnten.&nbsp;<\/li>\n<\/ul>\n\n\n\n<h3 class=\"wp-block-heading\">Pauschalhonorar  <\/h3>\n\n\n\n<p>Man spricht von Pauschalhonorar, wenn die Verg\u00fctung f\u00fcr die vom Erbenermittler erbrachte Leistung pauschal nach der Schwierigkeit und dem Umfang der durchgef\u00fchrten Recherchen festgelegt wird. Dabei wird auch der Wert des Nachlassverm\u00f6gens ber\u00fccksichtigt.&nbsp;<\/p>\n\n\n\n<p>Das Pauschalhonorar kommt zur Anwendung, wenn die durchgef\u00fchrten genealogischen Recherchen<a href=\"https:\/\/www.add-associes.com\/de\/leistungen\/ueberpruefung-der-erbfolge\/\"> eine Erbfolge zugunsten bekannter Erben best\u00e4tigen und legitimieren konnten.&nbsp;<\/a>&nbsp;<\/p>\n<\/div>\n<\/div>\n<\/div><\/div>\n\n\n\n<div class=\"wp-block-group is-style-container has-white-background-color has-background\"><div class=\"wp-block-group__inner-container is-layout-constrained wp-block-group-is-layout-constrained\">\n<div class=\"wp-block-columns is-layout-flex wp-container-core-columns-is-layout-9d6595d7 wp-block-columns-is-layout-flex\">\n<div class=\"wp-block-column is-layout-flow wp-block-column-is-layout-flow\">\n<div class=\"wp-block-columns is-layout-flex wp-container-core-columns-is-layout-9d6595d7 wp-block-columns-is-layout-flex\">\n<div class=\"wp-block-column is-layout-flow wp-block-column-is-layout-flow\">\n<h2 class=\"wp-block-heading\">Berufsethik, Garantien und Zertifizierung: im Herzen unserer DNA<\/h2>\n\n\n\n<p>Da Nachlass- und Erbschaftsangelegenheiten sowohl komplex als auch sensibel sind, spielen bei ADD Associ\u00e9s Vertrauen und Berufsethik eine zentrale Rolle.&nbsp;<\/p>\n\n\n\n<ul class=\"wp-block-list\">\n<li>Wir sind aktive Mitglieder bei den Gremien, die zur Regulierung unseres Berufsstandes beitragen, der wiederum durch eine Compliance-Richtlinie und einen Ethikkodex geregelt wird.&nbsp;&nbsp;<\/li>\n\n\n\n<li>Wir bieten hohe Garantien, die \u00fcber den geforderten Standards liegen.&nbsp;<\/li>\n\n\n\n<li>Wir lassen unsere Arbeitsmethoden von Zertifizierungsstellen validieren.&nbsp;&nbsp;&nbsp;<\/li>\n<\/ul>\n\n\n\n<h3 class=\"wp-block-heading\">Die Erbenermittlung \u2013 ein rechtlich geregelter Beruf&nbsp; <\/h3>\n\n\n\n<p>Unsere T\u00e4tigkeit im Bereich der Erbenermittlung wird durch <a href=\"https:\/\/www.legifrance.gouv.fr\/loda\/article_lc\/LEGIARTI000006284870#:~:text=Hormis%20le%20cas%20des%20successions,mandat%20donn%C3%A9%20%C3%A0%20cette%20fin.\">Artikel 36 des Gesetzes Nr. 2006-728 vom 23. Juni 2006 <\/a>\u2013 Gesetz zur Reform des Erbschafts- und Schenkungsrechts \u2013 geregelt.&nbsp;<\/p>\n\n\n\n<p><em>\u201eAu\u00dfer in F\u00e4llen, in denen Erbschaften den Regelungen der Vakanz oder der Erbenlosigkeit unterliegen, ist niemand berechtigt, bei offenen Erbschaften oder bei Nichtber\u00fccksichtigung eines Verm\u00f6genswerts anl\u00e4sslich der Abwicklung des Nachlasses eine Erbenermittlung zu betreiben oder zu unterst\u00fctzen, sofern er nicht dazu bevollm\u00e4chtigt wurde. Die Bevollm\u00e4chtigung kann von jeder Person erteilt werden, die ein unmittelbares und berechtigtes Interesse an der Ermittlung der Erben oder der Abwicklung des Nachlasses hat.\u201d&nbsp;<\/em>&nbsp;<\/p>\n\n\n\n<p>Die Partner und Mitarbeitenden von ADD Associ\u00e9s besitzen einen Gewerbeschein und verf\u00fcgen \u00fcber spezielle Genehmigungen, die vom franz\u00f6sischen nationalen Archivdienst und von der&nbsp; Staatsanwaltschaft des Pariser Gerichtshofs ausgestellt wurden. Diese Genehmigungen erm\u00f6glichen es uns, Personenstandsregister, die weniger als 75 Jahre alt sind, einzusehen und eine Kopie davon zu erhalten.&nbsp;&nbsp;<\/p>\n<\/div>\n<\/div>\n\n\n\n<h3 class=\"wp-block-heading\">Starke Garantien f\u00fcr unsere Partner und Kunden<\/h3>\n\n\n\n<p>Wenn ein Genealoge t\u00e4tig wird, um einen Erbfall zu bescheinigen, \u00fcbernimmt er die rechtliche und finanzielle Verantwortung, indem er dem liquidierenden Notar eine beglaubigte Tabelle, die den Erbfall belegt, oder eine Bescheinigung, die unsere Schlussfolgerungen festh\u00e4lt, \u00fcbergibt. Die Mitglieder der Chambre syndicale des <a href=\"https:\/\/genealogistes-france.org\/\" target=\"_blank\" rel=\"noreferrer noopener\">G\u00e9n\u00e9alogistes de France<\/a> schlie\u00dfen Berufsversicherungen ab, die ihre zivilrechtliche Haftung abdecken.<\/p>\n\n\n\n<p>ADD Associ\u00e9s hat diese Vorkehrungen durch Hebel f\u00fcr zus\u00e4tzliche Garantien erg\u00e4nzt, die einen wesentlichen Schutz f\u00fcr jeden von Ihnen, ob Berufst\u00e4tiger oder Erbe, darstellen.<\/p>\n\n\n\n<ul class=\"wp-block-list\">\n<li>Vertrag \u00fcber eine Berufshaftpflichtversicherung (MMA IARD Nr.127120688)<\/li>\n\n\n\n<li>Finanzielle Garantie (bei AMLIN INSURANCE SE N\u00b02018PFC002)<\/li>\n\n\n\n<li>Gesichertes Drittkonto bei der Caisse des D\u00e9p\u00f4ts et Consignations<\/li>\n\n\n\n<li>J\u00e4hrliche und unabh\u00e4ngige Pr\u00fcfung durch KPMG<\/li>\n\n\n\n<li>Iso 9001-Zertifizierung seit dem 17. Dezember 2008.<\/li>\n<\/ul>\n\n\n\n<h3 class=\"wp-block-heading\">Deontologie im Mittelpunkt unseres Berufs&nbsp;<\/h3>\n\n\n\n<p>ADD Associ\u00e9s leistet einen entscheidenden Beitrag dazu, dass die Erbenermittlung zu einem Beruf wird, der unseren Mandanten umfassende Garantien bietet.&nbsp;<\/p>\n\n\n\n<p>Seit der Gr\u00fcndung von ADD Associ\u00e9s haben wir entscheidend zur Regulierung des Berufsstandes beigetragen, insbesondere unter der Leitung von Antoine Djikpa, Partner und heute Gesch\u00e4ftsf\u00fchrer der Gruppe. Er wurde au\u00dferdem zum Ehrenvorsitzenden <a href=\"https:\/\/genealogistes-france.org\/\">der G\u00e9n\u00e9alogistes de France<\/a> gew\u00e4hlt. Antoine Delabre ist derzeit Vizepr\u00e4sident dieses Verbands.&nbsp;<\/p>\n\n\n\n<p>Angesichts der internationalen Herausforderungen des Berufsstandes war ADD Associ\u00e9s auch eines der Gr\u00fcndungsmitglieder des internationalen Verbands <a href=\"https:\/\/iappr.org\/fr\/\">IAPPR<\/a> (The International Association of Professional Probate Researchers, Genealogists &amp; Heir Hunters).&nbsp;<\/p>\n\n\n\n<h3 class=\"wp-block-heading\">Mediation&nbsp;<\/h3>\n\n\n\n<p>Gem\u00e4\u00df <a href=\"https:\/\/www.economie.gouv.fr\/mediation-conso\/information-et-assistance-du-consommateur#:~:text=par%20le%20professionnel-,L%27article%20L.,pr%C3%A9sent%20titre%20(%E2%80%A6)%20%C2%BB.\">Artikel R 612.1 Code de la Consommation<\/a> (frz. Verbraucherschutzgesetz) hat jeder Verbraucher das Recht, sich kostenlos an eine Verbraucherschlichtungsstelle zu wenden, um Streitigkeiten mit einem Gewerbetreibenden au\u00dfergerichtlich beizulegen.&nbsp;<\/p>\n\n\n\n<p>Die Branche der professionellen Erbenermittlung verf\u00fcgt \u00fcber eine Verbraucherschlichtungsstelle zur vorrangigen au\u00dfergerichtlichen Beilegung von Vertragsstreitigkeiten, wenn diese die Erf\u00fcllung eines Vertrags oder die Erbringung von Dienstleistungen betreffen. In diesem Zusammenhang hat der Verband der Genealogen Frankreichs Frau Pascale HEULARD zur Mediatorin ernannt, als Nachfolgerin von Frau Christiane MICAL, mit Wirkung vom 1. November 2025.<\/p>\n\n\n\n<p>Der Ombudsmann verf\u00fcgt \u00fcber eine eigene Website mit allen n\u00fctzlichen Informationen f\u00fcr Verbraucher, die sich an ihn wenden m\u00f6chten, und f\u00fcr professionelle Genealogen, die an den Schlichtungsverfahren teilnehmen.&nbsp;<\/p>\n\n\n\n<p><a href=\"http:\/\/mediateurconso-genealogistesfrance.fr\/\">http:\/\/mediateurconso-genealogistesfrance.fr\/<\/a><\/p>\n<\/div>\n<\/div>\n<\/div><\/div>\n","protected":false},"excerpt":{"rendered":"<p>Unsere Verpflichtungen im Dienste von Effizienz und Qualit\u00e4t Wir verpflichten uns, die besten personellen und technologischen Ressourcen einzusetzen, um Ihnen schnelleres Handeln bei der Erbenermittlung, hochwertige Mandantenbetreuung und m\u00f6glichst kurze Fristen zu bieten.&nbsp; Fachkompetenz und Gr\u00fcndlichkeit Pr\u00e4senz vor Ort und schnelles Vorgehen Operative Exzellenz und technologische Innovation&nbsp;&nbsp; Unser Honorar Das Erbenermittlerhonorar bei ADD Associ\u00e9s wird [&hellip;]<\/p>\n","protected":false},"author":8,"featured_media":0,"parent":0,"menu_order":0,"comment_status":"closed","ping_status":"closed","template":"","meta":{"_acf_changed":false,"footnotes":""},"class_list":["post-4435","page","type-page","status-publish","hentry"],"acf":[],"_links":{"self":[{"href":"https:\/\/www.add-associes.com\/de\/wp-json\/wp\/v2\/pages\/4435","targetHints":{"allow":["GET"]}}],"collection":[{"href":"https:\/\/www.add-associes.com\/de\/wp-json\/wp\/v2\/pages"}],"about":[{"href":"https:\/\/www.add-associes.com\/de\/wp-json\/wp\/v2\/types\/page"}],"author":[{"embeddable":true,"href":"https:\/\/www.add-associes.com\/de\/wp-json\/wp\/v2\/users\/8"}],"replies":[{"embeddable":true,"href":"https:\/\/www.add-associes.com\/de\/wp-json\/wp\/v2\/comments?post=4435"}],"version-history":[{"count":0,"href":"https:\/\/www.add-associes.com\/de\/wp-json\/wp\/v2\/pages\/4435\/revisions"}],"wp:attachment":[{"href":"https:\/\/www.add-associes.com\/de\/wp-json\/wp\/v2\/media?parent=4435"}],"curies":[{"name":"wp","href":"https:\/\/api.w.org\/{rel}","templated":true}]}}