{"id":4478,"date":"2023-07-20T09:00:56","date_gmt":"2023-07-20T07:00:56","guid":{"rendered":"https:\/\/www.add-associes.com\/partner-auf-internationaler-ebene\/"},"modified":"2026-02-03T17:02:04","modified_gmt":"2026-02-03T16:02:04","slug":"partner-auf-internationaler-ebene","status":"publish","type":"page","link":"https:\/\/www.add-associes.com\/de\/partner-auf-internationaler-ebene\/","title":{"rendered":"Internationaler Partner"},"content":{"rendered":"\n<div class=\"wp-block-group is-style-container\"><div class=\"wp-block-group__inner-container is-layout-constrained wp-block-group-is-layout-constrained\">\n<p>Mehr als 36 Jahre sp\u00e4ter, mit +250 Mitarbeitenden, 46 B\u00fcros weltweit und einer massiven Investition in IT-L\u00f6sungen haben wir Folgendes geschaffen und entwickelt:&nbsp;<\/p>\n\n\n\n<ul class=\"wp-block-list\">\n<li>Ein <strong>hauseigenes internationales Team<\/strong> mit 15 Mitarbeitenden, die 17 Sprachen sprechen (Deutsch, Englisch, Spanisch, Galizisch, Franz\u00f6sisch, Italienisch, Griechisch, Moldawisch, Portugiesisch, Persisch, Polnisch, Rum\u00e4nisch, Russisch, Serbokroatisch) und das nicht nur \u00fcber ein weltweites Korrespondentennetz verf\u00fcgt, sondern die gesamte Welt bereist, um die Erben selbst aufzusp\u00fcren.&nbsp;<\/li>\n\n\n\n<li><strong><a href=\"https:\/\/www.add-associes.com\/de\/finden-sie-ihr-buero\/?region=international\">10 B\u00fcros im Ausland<\/a><\/strong> : Argentinien \/ Deutschland \/ Italien \/ Marokko \/ Polen \/ Portugal \/ Spanien und \u00d6sterreich.<\/li>\n\n\n\n<li><strong>Unsere eigene Datenbank ADD DATA<\/strong>, mit der wir unsere Recherchen optimieren und Websites f\u00fcr Ahnenforschung erg\u00e4nzen. Sie enth\u00e4lt bereits \u00fcber 500 Millionen indexierte Eintr\u00e4ge und wird t\u00e4glich erweitert.&nbsp;<\/li>\n\n\n\n<li>Wir haben die Ahnentafel\/Stammbaum in Papierform durch eine einzigartige<strong> Software<\/strong> <strong>(TGD)<\/strong> ersetzt, mit der wir unsere Ahnentafeln\/Stammb\u00e4ume ortsunabh\u00e4ngig (auch offline) erstellen, gleichzeitig im Team arbeiten und die Ergebnisse unserer Forschung in Echtzeit teilen k\u00f6nnen.&nbsp;<\/li>\n<\/ul>\n\n\n\n<p>Dank unserer Erfahrung, die von zahlreichen ausl\u00e4ndischen Auftraggebern (Anw\u00e4lten, Nachlasspflegern\/Nachlassverwaltern, Spezialisten f\u00fcr nachrichtenlose Verm\u00f6gen oder Konten usw.), aber auch von unseren ausl\u00e4ndischen Kollegen auf allen Kontinenten, die unsere Teams mit ihren Recherchen beauftragen, anerkannt wird, sind wir heute einer der weltweit f\u00fchrenden Spezialisten im Bereich der <a href=\"https:\/\/www.add-associes.com\/de\/leistungen\/suche-nach-erben\/\">Erbenermittlung<\/a>.&nbsp;<\/p>\n<\/div><\/div>\n\n\n\n<div class=\"wp-block-group is-style-container has-light-background-color has-background\"><div class=\"wp-block-group__inner-container is-layout-constrained wp-block-group-is-layout-constrained\">\n<h2 class=\"wp-block-heading\">Vertrauen Sie Erbenermittlern, die sich durch Professionalit\u00e4t und Berufsethik auszeichnen&nbsp;<\/h2>\n\n\n\n<p>Im Rahmen der Deontologie und der Berufsethik durch unsere Mitgliedschaft in Berufsverb\u00e4nden (<a href=\"https:\/\/genealogistes-france.org\/\">G\u00e9n\u00e9alogistes de France<\/a> und <a href=\"https:\/\/iappr.org\/fr\/\">IAPPR<\/a>) gehen wir folgende Verpflichtungen ein:&nbsp;<\/p>\n\n\n\n<ul class=\"wp-block-list\">\n<li>Entgegennahme der Gelder der Mandanten auf einem Drittkonto bei der staatlichen Caisse des D\u00e9p\u00f4ts et Consignations, wodurch die Sicherheit dieser Gelder garantiert wird und diese Konten von den Betriebskonten unserer Gruppe unterschieden werden.&nbsp;<\/li>\n\n\n\n<li>Abschluss einer Berufshaftpflichtversicherung (MMA IARD Nr.127120688).&nbsp;<\/li>\n\n\n\n<li>Abschluss einer Finanzgarantie (bei AMLIN INSURANCE SE Nr. 2018PFC002).&nbsp;<\/li>\n\n\n\n<li>J\u00e4hrliche Revision durch KPMG, um insbesondere zu \u00fcberpr\u00fcfen, dass das Nachlassverm\u00f6gen korrekt vertreten wird.&nbsp;<\/li>\n<\/ul>\n<\/div><\/div>\n\n\n\n<div class=\"wp-block-group is-style-container\"><div class=\"wp-block-group__inner-container is-layout-constrained wp-block-group-is-layout-constrained\">\n<h2 class=\"wp-block-heading\"><strong>International anerkannte Expertise<\/strong><\/h2>\n\n\n\n<figure class=\"wp-block-gallery has-nested-images columns-default is-cropped wp-block-gallery-1 is-layout-flex wp-block-gallery-is-layout-flex\">\n<figure class=\"wp-block-image size-large\"><img loading=\"lazy\" decoding=\"async\" width=\"800\" height=\"450\" data-id=\"14152\" src=\"https:\/\/www.add-associes.com\/wp-content\/uploads\/2026\/01\/Probate-Industry-awards-2025-Probates25_International-probate-research-firm-of-the-year.jpeg\" alt=\"\" class=\"wp-image-14152\" srcset=\"https:\/\/www.add-associes.com\/wp-content\/uploads\/2026\/01\/Probate-Industry-awards-2025-Probates25_International-probate-research-firm-of-the-year.jpeg 800w, https:\/\/www.add-associes.com\/wp-content\/uploads\/2026\/01\/Probate-Industry-awards-2025-Probates25_International-probate-research-firm-of-the-year-300x169.jpeg 300w, https:\/\/www.add-associes.com\/wp-content\/uploads\/2026\/01\/Probate-Industry-awards-2025-Probates25_International-probate-research-firm-of-the-year-768x432.jpeg 768w, https:\/\/www.add-associes.com\/wp-content\/uploads\/2026\/01\/Probate-Industry-awards-2025-Probates25_International-probate-research-firm-of-the-year-662x372.jpeg 662w\" sizes=\"auto, (max-width: 800px) 100vw, 800px\" \/><\/figure>\n\n\n\n<figure class=\"wp-block-image size-large\"><img loading=\"lazy\" decoding=\"async\" width=\"1024\" height=\"576\" data-id=\"14156\" src=\"https:\/\/www.add-associes.com\/wp-content\/uploads\/2026\/01\/Remise-du-trophe-Best-International-Probate-Research-Firm-of-the-Year-ADD-Associes-1024x576.webp\" alt=\"\" class=\"wp-image-14156\" srcset=\"https:\/\/www.add-associes.com\/wp-content\/uploads\/2026\/01\/Remise-du-trophe-Best-International-Probate-Research-Firm-of-the-Year-ADD-Associes-1024x576.webp 1024w, https:\/\/www.add-associes.com\/wp-content\/uploads\/2026\/01\/Remise-du-trophe-Best-International-Probate-Research-Firm-of-the-Year-ADD-Associes-300x169.webp 300w, https:\/\/www.add-associes.com\/wp-content\/uploads\/2026\/01\/Remise-du-trophe-Best-International-Probate-Research-Firm-of-the-Year-ADD-Associes-768x432.webp 768w, https:\/\/www.add-associes.com\/wp-content\/uploads\/2026\/01\/Remise-du-trophe-Best-International-Probate-Research-Firm-of-the-Year-ADD-Associes-1536x864.webp 1536w, https:\/\/www.add-associes.com\/wp-content\/uploads\/2026\/01\/Remise-du-trophe-Best-International-Probate-Research-Firm-of-the-Year-ADD-Associes-662x372.webp 662w, https:\/\/www.add-associes.com\/wp-content\/uploads\/2026\/01\/Remise-du-trophe-Best-International-Probate-Research-Firm-of-the-Year-ADD-Associes-1333x750.webp 1333w, https:\/\/www.add-associes.com\/wp-content\/uploads\/2026\/01\/Remise-du-trophe-Best-International-Probate-Research-Firm-of-the-Year-ADD-Associes.webp 1920w\" sizes=\"auto, (max-width: 1024px) 100vw, 1024px\" \/><\/figure>\n<\/figure>\n\n\n\n<div style=\"height:50px\" aria-hidden=\"true\" class=\"wp-block-spacer\"><\/div>\n\n\n\n<p>ADD Associ\u00e9s&nbsp;wurde bei den&nbsp;<strong>Probate Industry Awards 2025<\/strong>&nbsp;als&nbsp;Best&nbsp;<strong>International Probate Research Firm of the Year<\/strong>.<\/p>\n\n\n\n<p>Diese internationale Auszeichnung w\u00fcrdigt die Expertise der ADD-Gruppe im Bereich der Erbenermittlung, insbesondere ihre F\u00e4higkeit, komplexe Ermittlungen in einem internationalen Umfeld durchzuf\u00fchren. Sie hebt die kollektive Arbeit unserer Teams, die weltweite Strukturierung unserer Organisation sowie die personellen und technologischen Mittel hervor, die wir in den Dienst unserer Partner und Mandanten stellen.<\/p>\n\n\n\n<p>Dieser Preis stellt f\u00fcr Fachleute, die uns mit F\u00e4llen mit internationalem Bezug betrauen, eine zus\u00e4tzliche Absicherung dar und best\u00e4tigt die Zuverl\u00e4ssigkeit, Genauigkeit und Professionalit\u00e4t unserer Recherchemethode.<\/p>\n<\/div><\/div>\n\n\n\n<div class=\"wp-block-group is-style-container\"><div class=\"wp-block-group__inner-container is-layout-constrained wp-block-group-is-layout-constrained\">\n<h2 class=\"wp-block-heading\">Schlie\u00dfen Sie sich dem Netzwerk unserer Partner und Mandanten an<\/h2>\n\n\n\n<ul class=\"wp-block-list\">\n<li>Eine einzige Kontaktadresse: <a href=\"mailto:international@add-associes.com\">international@add-associes.com<\/a>&nbsp;&nbsp;<\/li>\n\n\n\n<li>Ein einziger Ansprechpartner f\u00fcr die Bearbeitung Ihrer F\u00e4lle.&nbsp;<\/li>\n<\/ul>\n\n\n\n<ul class=\"wp-block-list\">\n<li>Ein spezialisiertes, jederzeit erreichbares Team mit interkultureller Sensibilit\u00e4t.&nbsp;<\/li>\n<\/ul>\n<\/div><\/div>\n","protected":false},"excerpt":{"rendered":"<p>Mehr als 36 Jahre sp\u00e4ter, mit +250 Mitarbeitenden, 46 B\u00fcros weltweit und einer massiven Investition in IT-L\u00f6sungen haben wir Folgendes geschaffen und entwickelt:&nbsp; Dank unserer Erfahrung, die von zahlreichen ausl\u00e4ndischen Auftraggebern (Anw\u00e4lten, Nachlasspflegern\/Nachlassverwaltern, Spezialisten f\u00fcr nachrichtenlose Verm\u00f6gen oder Konten usw.), aber auch von unseren ausl\u00e4ndischen Kollegen auf allen Kontinenten, die unsere Teams mit ihren Recherchen [&hellip;]<\/p>\n","protected":false},"author":2,"featured_media":0,"parent":0,"menu_order":0,"comment_status":"closed","ping_status":"closed","template":"","meta":{"_acf_changed":false,"footnotes":""},"class_list":["post-4478","page","type-page","status-publish","hentry"],"acf":[],"_links":{"self":[{"href":"https:\/\/www.add-associes.com\/de\/wp-json\/wp\/v2\/pages\/4478","targetHints":{"allow":["GET"]}}],"collection":[{"href":"https:\/\/www.add-associes.com\/de\/wp-json\/wp\/v2\/pages"}],"about":[{"href":"https:\/\/www.add-associes.com\/de\/wp-json\/wp\/v2\/types\/page"}],"author":[{"embeddable":true,"href":"https:\/\/www.add-associes.com\/de\/wp-json\/wp\/v2\/users\/2"}],"replies":[{"embeddable":true,"href":"https:\/\/www.add-associes.com\/de\/wp-json\/wp\/v2\/comments?post=4478"}],"version-history":[{"count":0,"href":"https:\/\/www.add-associes.com\/de\/wp-json\/wp\/v2\/pages\/4478\/revisions"}],"wp:attachment":[{"href":"https:\/\/www.add-associes.com\/de\/wp-json\/wp\/v2\/media?parent=4478"}],"curies":[{"name":"wp","href":"https:\/\/api.w.org\/{rel}","templated":true}]}}