{"id":6092,"date":"2023-07-05T10:05:06","date_gmt":"2023-07-05T08:05:06","guid":{"rendered":"https:\/\/www.add-associes.com\/datenschutzrichtlinie\/"},"modified":"2023-10-31T15:08:02","modified_gmt":"2023-10-31T14:08:02","slug":"datenschutzrichtlinie","status":"publish","type":"page","link":"https:\/\/www.add-associes.com\/de\/datenschutzrichtlinie\/","title":{"rendered":"Datenschutzerkl\u00e4rung"},"content":{"rendered":"\n<p>Die Verordnung (EU) 2016\/679 des Europ\u00e4ischen Parlaments und des Rates vom 27. April 2016 zum Schutz nat\u00fcrlicher Personen bei der Verarbeitung personenbezogener Daten und zum freien Datenverkehr, auch als Datenschutz-Grundverordnung (im Folgenden DSGVO) bezeichnet, legt den Rechtsrahmen f\u00fcr die Verarbeitung personenbezogener Daten fest.&nbsp;<\/p>\n\n\n\n<p>Die DSGVO st\u00e4rkt die Rechte und Pflichten der Verantwortlichen, der Auftragsverarbeiter, der betroffenen Personen und der Empf\u00e4nger der Daten.&nbsp;<\/p>\n\n\n\n<p>Im Rahmen ihrer T\u00e4tigkeiten muss ADD &amp; Associ\u00e9s die personenbezogenen Daten der Mandanten und der potenziellen Mandanten verarbeiten.&nbsp;<\/p>\n\n\n\n<p>Zum besseren Verst\u00e4ndnis dieser Datenschutzerkl\u00e4rung wird Folgendes klargestellt:&nbsp;<\/p>\n\n\n\n<ul class=\"wp-block-list\">\n<li>\u201eVerantwortlicher\u201c: bezeichnet ADD &amp; Associ\u00e9s;&nbsp;<\/li>\n<\/ul>\n\n\n\n<ul class=\"wp-block-list\">\n<li>\u201eAuftragsverarbeiter\u201c: bezeichnet jede nat\u00fcrliche oder juristische Person, die personenbezogene Daten im Auftrag von ADD &amp; Associ\u00e9s verarbeitet;&nbsp;<\/li>\n\n\n\n<li>\u201eBetroffene Personen\u201c: bezeichnet die Erben und\/oder die zuk\u00fcnftigen Erben, die von ADD &amp; Associ\u00e9s ermittelt werden;;&nbsp;<\/li>\n\n\n\n<li>\u201eEmpf\u00e4nger\u201c: bezeichnet die nat\u00fcrlichen oder juristischen Person, die personenbezogene Daten seitens ADD &amp; Associ\u00e9s erhalten. Bei den Empf\u00e4ngern der Daten kann es sich somit um Mitarbeitende von ADD &amp; Associ\u00e9s sowie um externe Organisationen handeln (Partner, Banken, IT-Dienstleister usw.).&nbsp;<\/li>\n<\/ul>\n\n\n\n<p>Artikel 12 der DSGVO fordert, dass die betroffenen Personen in pr\u00e4ziser, transparenter, verst\u00e4ndlicher und leicht zug\u00e4nglicher Form \u00fcber ihre Rechte informiert werden.&nbsp;<\/p>\n\n\n\n<div class=\"wp-block-buttons is-content-justification-center is-layout-flex wp-container-core-buttons-is-layout-16018d1d wp-block-buttons-is-layout-flex\">\n<div class=\"wp-block-button\"><a class=\"wp-block-button__link wp-element-button\" href=\"https:\/\/www.add-associes.com\/wp-content\/uploads\/2023\/09\/POLITIQUE-DE-PROTECTION-DONNEES-ADD.pdf\" target=\"_blank\" rel=\"noreferrer noopener\">UNSERE DATENSCHUTZERKL\u00c4RUNG HERUNTERLADEN<\/a><\/div>\n<\/div>\n","protected":false},"excerpt":{"rendered":"<p>Die Verordnung (EU) 2016\/679 des Europ\u00e4ischen Parlaments und des Rates vom 27. April 2016 zum Schutz nat\u00fcrlicher Personen bei der Verarbeitung personenbezogener Daten und zum freien Datenverkehr, auch als Datenschutz-Grundverordnung (im Folgenden DSGVO) bezeichnet, legt den Rechtsrahmen f\u00fcr die Verarbeitung personenbezogener Daten fest.&nbsp; Die DSGVO st\u00e4rkt die Rechte und Pflichten der Verantwortlichen, der Auftragsverarbeiter, der [&hellip;]<\/p>\n","protected":false},"author":1,"featured_media":0,"parent":0,"menu_order":0,"comment_status":"closed","ping_status":"closed","template":"","meta":{"_acf_changed":false,"footnotes":""},"class_list":["post-6092","page","type-page","status-publish","hentry"],"acf":[],"_links":{"self":[{"href":"https:\/\/www.add-associes.com\/de\/wp-json\/wp\/v2\/pages\/6092","targetHints":{"allow":["GET"]}}],"collection":[{"href":"https:\/\/www.add-associes.com\/de\/wp-json\/wp\/v2\/pages"}],"about":[{"href":"https:\/\/www.add-associes.com\/de\/wp-json\/wp\/v2\/types\/page"}],"author":[{"embeddable":true,"href":"https:\/\/www.add-associes.com\/de\/wp-json\/wp\/v2\/users\/1"}],"replies":[{"embeddable":true,"href":"https:\/\/www.add-associes.com\/de\/wp-json\/wp\/v2\/comments?post=6092"}],"version-history":[{"count":0,"href":"https:\/\/www.add-associes.com\/de\/wp-json\/wp\/v2\/pages\/6092\/revisions"}],"wp:attachment":[{"href":"https:\/\/www.add-associes.com\/de\/wp-json\/wp\/v2\/media?parent=6092"}],"curies":[{"name":"wp","href":"https:\/\/api.w.org\/{rel}","templated":true}]}}