{"id":7149,"date":"2023-10-27T18:45:43","date_gmt":"2023-10-27T16:45:43","guid":{"rendered":"https:\/\/www.add-associes.com\/travailler-chez-addla-reference-de-la-genealogie-successorale\/"},"modified":"2025-09-23T14:21:55","modified_gmt":"2025-09-23T12:21:55","slug":"arbeiten-bei-add-associes","status":"publish","type":"page","link":"https:\/\/www.add-associes.com\/de\/arbeiten-bei-add-associes\/","title":{"rendered":"Arbeiten bei ADD Associ\u00e9s"},"content":{"rendered":"\n<p>Bei ADD Associ\u00e9s verk\u00f6rpert jeder Mitarbeitende vier Werte, die er im Alltag vertritt:&nbsp;<\/p>\n\n\n\n<ul class=\"wp-block-list\">\n<li><strong>Exzellenz<\/strong>: Verbindung von Leistung und Qualit\u00e4t im Dienste des Mandanten&nbsp;<\/li>\n\n\n\n<li><strong>Freiheit<\/strong>: neue Wege gehen, Kompetenzen b\u00fcndeln und innovative Methoden und Werkzeuge wagen&nbsp;<\/li>\n\n\n\n<li><strong>Mut<\/strong>: sich von Vergleichen und Modellen l\u00f6sen und zu unserer Identit\u00e4t stehen&nbsp;<\/li>\n\n\n\n<li><strong>Authentizit\u00e4t<\/strong>: Wertsch\u00e4tzen der Talente jedes einzelnen&nbsp;<\/li>\n<\/ul>\n\n\n\n<p>Bei ADD Associ\u00e9s zu arbeiten bedeutet, in diesen Werten das Wesen und den Antrieb unseres t\u00e4glichen Engagements zu erkennen und sich gemeinsam daf\u00fcr einzusetzen.&nbsp;<\/p>\n\n\n\n<p>Wir setzen diese Werte in verschiedenen \u00fcbergreifenden Projekten um, \u00fcber die Grenzen der einzelnen Berufsfelder hinweg, und bereichern damit das t\u00e4gliche Leben der Gruppe, damit sie ihre Ambitionen erf\u00fcllen kann. Wenn Sie bei ADD Associ\u00e9s arbeiten m\u00f6chten, werden Sie Botschafter dieser Werte sein, die uns alle pr\u00e4gen. Erkennen Sie sich in dieser Einstellung wieder? <a href=\"https:\/\/www.add-associes.com\/espace-candidat\/\" data-type=\"URL\" data-id=\"https:\/\/www.add-associes.com\/espace-candidat\/\">Lesen Sie unsere Stellenanzeigen<\/a> f\u00fcr Genealogen und alle anderen Berufe im Zusammenhang mit der Erbenermittlung.&nbsp;&nbsp;<\/p>\n\n\n\n<div class=\"wp-block-group has-light-background-color has-background\"><div class=\"wp-block-group__inner-container is-layout-constrained wp-block-group-is-layout-constrained\">\n<h2 class=\"wp-block-heading\"><strong><strong>Die \u00dcberzeugungen, die unser Antrieb sind<\/strong>&nbsp;<\/strong><\/h2>\n\n\n\n<h3 class=\"wp-block-heading\">Gleichstellung von Mann und Frau im Mittelpunkt unseres Berufs&nbsp;&nbsp;<\/h3>\n\n\n\n<p>Als Erbenermittler bei ADD Associ\u00e9s sind Sie Teil von Teams, die jedes ihrer Mitglieder wertsch\u00e4tzen f\u00fcr das, was sie einbringen, und nicht f\u00fcr das, was sie sind. Mann oder Frau, \u201eJunior\u201c oder \u201eSenior \u2013 jeder findet seinen Platz und geht seinen Weg, begleitet von hohem Anspruch und Wohlwollen.&nbsp;<\/p>\n\n\n\n<p>Bei ADD Associ\u00e9s ist das Gehalt weder rosa noch blau. Es hat nur einen gemeinsamen Nenner: Leistung und Engagement im Dienste unserer Mandanten. Bei der ersten Ver\u00f6ffentlichung des Gleichstellungsindex haben wir von 99 von 100 Punkten erhalten.&nbsp;<\/p>\n\n\n\n<p>Bei Ihrem Karriereweg bei ADD Associ\u00e9s k\u00f6nnen Sie auf die Unterst\u00fctzung von Managern und auf ein Personalteam z\u00e4hlen, das sich um Ihre Fortbildung und Ihre Entwicklungsperspektiven k\u00fcmmert. Unabh\u00e4ngig von Ihrem Beruf \u2013 Erbenermittler, Ahnenforscher, Jurist, Supportfunktion \u2013 liegt es uns am Herzen, mit Ihnen zusammenzuarbeiten und Ihnen eine erf\u00fcllende und bereichernde Zusammenarbeit zu erm\u00f6glichen.&nbsp;<\/p>\n\n\n\n<h3 class=\"wp-block-heading\">Entwicklung einer Work-Life-Balance&nbsp;<\/h3>\n\n\n\n<p>Bei ADD Associ\u00e9s arbeiten wird entschieden digitalorientiert und sch\u00e4tzen die Autonomie und Eigenverantwortung unserer Mitarbeitenden.&nbsp;&nbsp;<\/p>\n\n\n\n<p>Mit einer Homeoffice-Richtlinie und mobilen Ger\u00e4ten f\u00fcr jeden \u2013 einschlie\u00dflich f\u00fcr die Support-Funktionen \u2013 werden wir den W\u00fcnschen nach flexibler Arbeitszeitgestaltung gerecht. Sie w\u00fcnschen mehr Flexibilit\u00e4t bei der Arbeit und wir ber\u00fccksichtigen dieses Bed\u00fcrfnis.&nbsp;&nbsp;<\/p>\n\n\n\n<p>Wir sind gemeinsam darauf bedacht, dass diese Instrumente die operative Exzellenz wirksam unterst\u00fctzen und garantieren gleichzeitig das Recht auf Abschalten und eine Work-Life-Balance.&nbsp;<\/p>\n\n\n\n<h3 class=\"wp-block-heading\">Der Vielfalt verpflichtet&nbsp;<\/h3>\n\n\n\n<p>Unsere Teams sind unser Reichtum, und die Vielfalt der Profile, die wir einstellen, beschr\u00e4nkt sich nicht auf glatten und artige Lebensl\u00e4ufe. Bei ADD Associ\u00e9s sind wir stolz darauf, Personen mit Behinderungen zu besch\u00e4ftigen, wie es seit vielen Jahren der Fall ist.&nbsp;&nbsp;<\/p>\n\n\n\n<p>ADD Associ\u00e9s zeichnet sich au\u00dferdem seit seiner Gr\u00fcndung durch die Diversit\u00e4t der Profile seiner Mitarbeitenden aus, insbesondere in der Abteilung f\u00fcr internationale Erbensuche.&nbsp;&nbsp;<\/p>\n\n\n\n<p>Unabh\u00e4ngig seiner Herkunft oder seiner Besonderheiten sch\u00e4tzen wir den Beitrag jedes Einzelnen zu unserem gemeinsamen Projekt und zur Exzellenz der t\u00e4glichen Arbeit.&nbsp;&nbsp;<\/p>\n<\/div><\/div>\n\n\n\n<div style=\"height:35px\" aria-hidden=\"true\" class=\"wp-block-spacer\"><\/div>\n\n\n\n<h2 class=\"wp-block-heading\">Ihre Entwicklung z\u00e4hlt&nbsp;<\/h2>\n\n\n\n<p>In Frankreich existieren einige Ausbildungen zum Erbenermittler. Bei ADD Associ\u00e9s suchen wir vor allem motivierte und dynamische Profile, die Lust haben, etwas zu lernen. Der Rest ist eine Geschichte, die wir gerne mit Ihnen schreiben m\u00f6chten, indem wir Sie in einen speziellen, auf Ihren Beruf ausgerichteten Lernpfad einbinden.&nbsp;<\/p>\n\n\n\n<p>Zu dieser Grundausbildung kommen regelm\u00e4\u00dfige interne und externe Schulungen hinzu, um Ihre Kompetenzen bestm\u00f6glich an die Erwartungen unserer Kunden und Auftraggeber sowie an Ihr Team anzupassen.&nbsp;<\/p>\n\n\n\n<p>Wir bei ADD Associ\u00e9s freuen uns auch, das ganze Jahr \u00fcber Praktikanten zu empfangen, die die verschiedenen Komponenten des Berufs des Erbenermittlers (Suche und Abwicklung) kennenlernen m\u00f6chten. Entdecken Sie unsere Stellenangebote f\u00fcr Praktika oder unbefristete Arbeitsvertr\u00e4ge.&nbsp;&nbsp;<\/p>\n\n\n\n<div class=\"wp-block-buttons is-content-justification-center is-layout-flex wp-container-core-buttons-is-layout-16018d1d wp-block-buttons-is-layout-flex\">\n<div class=\"wp-block-button\"><a class=\"wp-block-button__link has-text-align-center wp-element-button\" href=\"https:\/\/www.add-associes.com\/espace-candidat\/\"><strong>Entdecken Sie unsere Stellenangebote in Frankreich<\/strong><\/a><\/div>\n<\/div>\n\n\n\n<div style=\"height:44px\" aria-hidden=\"true\" class=\"wp-block-spacer\"><\/div>\n\n\n<div class=\"wp-block-image\">\n<figure class=\"aligncenter size-full\"><img loading=\"lazy\" decoding=\"async\" width=\"951\" height=\"535\" src=\"https:\/\/www.add-associes.com\/wp-content\/uploads\/2025\/09\/Portraits-congres-ADD-2025.gif\" alt=\"\" class=\"wp-image-12900\" \/><\/figure>\n<\/div>","protected":false},"excerpt":{"rendered":"<p>Bei ADD Associ\u00e9s verk\u00f6rpert jeder Mitarbeitende vier Werte, die er im Alltag vertritt:&nbsp; Bei ADD Associ\u00e9s zu arbeiten bedeutet, in diesen Werten das Wesen und den Antrieb unseres t\u00e4glichen Engagements zu erkennen und sich gemeinsam daf\u00fcr einzusetzen.&nbsp; Wir setzen diese Werte in verschiedenen \u00fcbergreifenden Projekten um, \u00fcber die Grenzen der einzelnen Berufsfelder hinweg, und bereichern [&hellip;]<\/p>\n","protected":false},"author":8,"featured_media":0,"parent":0,"menu_order":0,"comment_status":"closed","ping_status":"closed","template":"","meta":{"_acf_changed":false,"footnotes":""},"class_list":["post-7149","page","type-page","status-publish","hentry"],"acf":[],"_links":{"self":[{"href":"https:\/\/www.add-associes.com\/de\/wp-json\/wp\/v2\/pages\/7149","targetHints":{"allow":["GET"]}}],"collection":[{"href":"https:\/\/www.add-associes.com\/de\/wp-json\/wp\/v2\/pages"}],"about":[{"href":"https:\/\/www.add-associes.com\/de\/wp-json\/wp\/v2\/types\/page"}],"author":[{"embeddable":true,"href":"https:\/\/www.add-associes.com\/de\/wp-json\/wp\/v2\/users\/8"}],"replies":[{"embeddable":true,"href":"https:\/\/www.add-associes.com\/de\/wp-json\/wp\/v2\/comments?post=7149"}],"version-history":[{"count":0,"href":"https:\/\/www.add-associes.com\/de\/wp-json\/wp\/v2\/pages\/7149\/revisions"}],"wp:attachment":[{"href":"https:\/\/www.add-associes.com\/de\/wp-json\/wp\/v2\/media?parent=7149"}],"curies":[{"name":"wp","href":"https:\/\/api.w.org\/{rel}","templated":true}]}}