{"id":4334,"date":"2023-08-23T11:56:53","date_gmt":"2023-08-23T09:56:53","guid":{"rendered":"https:\/\/www.add-associes.com\/add-associes-patronage\/"},"modified":"2025-10-21T11:18:25","modified_gmt":"2025-10-21T09:18:25","slug":"add-associes-patronage","status":"publish","type":"page","link":"https:\/\/www.add-associes.com\/en\/add-associes-patronage\/","title":{"rendered":"ADD Associ\u00e9s\u2019 charitable giving\u00a0"},"content":{"rendered":"\n<div class=\"wp-block-group is-style-container has-white-background-color has-background\"><div class=\"wp-block-group__inner-container is-layout-constrained wp-block-group-is-layout-constrained\">\n<div class=\"wp-block-columns is-layout-flex wp-container-core-columns-is-layout-9d6595d7 wp-block-columns-is-layout-flex\">\n<div class=\"wp-block-column is-layout-flow wp-block-column-is-layout-flow\">\n<h2 class=\"wp-block-heading has-text-align-center\">The Petits Princes Association<\/h2>\n\n\n\n<blockquote class=\"wp-block-quote is-layout-flow wp-block-quote-is-layout-flow\">\n<div class=\"wp-block-media-text alignwide is-stacked-on-mobile\"><figure class=\"wp-block-media-text__media\"><img loading=\"lazy\" decoding=\"async\" width=\"293\" height=\"376\" src=\"https:\/\/www.add-associes.com\/wp-content\/uploads\/2023\/08\/association-petits-pricnes.jpg\" alt=\"M\u00e9c\u00e9nat Add\u00e9s Associ\u00e9s, Petits Princes association\" class=\"wp-image-1175 size-full\" srcset=\"https:\/\/www.add-associes.com\/wp-content\/uploads\/2023\/08\/association-petits-pricnes.jpg 293w, https:\/\/www.add-associes.com\/wp-content\/uploads\/2023\/08\/association-petits-pricnes-234x300.jpg 234w\" sizes=\"auto, (max-width: 293px) 100vw, 293px\" \/><\/figure><div class=\"wp-block-media-text__content\">\n<p><em>&#8220;Just because it&#8217;s impossible to accomplish everything in a day doesn&#8217;t mean we shouldn&#8217;t do anything at all.&#8221;<\/em> Abb\u00e9 Pierre&nbsp;<\/p>\n\n\n\n<p><\/p>\n\n\n\n<p><a href=\"https:\/\/www.petitsprinces.com\/\">The Petits Princes Association<\/a> makes dreams come true for gravely ill children and teenagers. It gives the child an extra morale boost to fight the disease ailing them.&nbsp;<\/p>\n\n\n\n<p>Since 1987, <strong>10,000 dreams<\/strong> have come true, and <strong>every day<\/strong> another child&#8217;s wish gets fulfilled.\u00a0<\/p>\n\n\n\n<p><\/p>\n<\/div><\/div>\n<\/blockquote>\n\n\n\n<p><\/p>\n\n\n\n<p>Since 2003, The Petits Princes Association has joined us at our booth at the Congr\u00e8s des Notaires. Every visit to our booth brings in euros, which are donated in full to the association. The congress is also an opportunity for notaries to get better acquainted with the association.&nbsp;<\/p>\n\n\n\n<p>For the past 3 years, ADD employees have been sporting the colors of the Petits Princes Association in the Course des H\u00e9ros (a 7 km \/ 4.35 mi. run).&nbsp;<\/p>\n\n\n\n<p><\/p>\n\n\n\n<figure class=\"wp-block-embed is-type-video is-provider-youtube wp-block-embed-youtube wp-embed-aspect-16-9 wp-has-aspect-ratio\"><div class=\"wp-block-embed__wrapper\">\n<iframe loading=\"lazy\" title=\"ADD ASSOCIE\u0301S &amp; ASSOCIATION PETITS PRINCES\" width=\"500\" height=\"281\" src=\"https:\/\/www.youtube.com\/embed\/zkVWgMSypxo?feature=oembed&#038;enablejsapi=1\" frameborder=\"0\" allow=\"accelerometer; autoplay; clipboard-write; encrypted-media; gyroscope; picture-in-picture; web-share\" referrerpolicy=\"strict-origin-when-cross-origin\" allowfullscreen><\/iframe>\n<\/div><\/figure>\n\n\n\n<div class=\"wp-block-buttons is-content-justification-center is-layout-flex wp-container-core-buttons-is-layout-16018d1d wp-block-buttons-is-layout-flex\">\n<div class=\"wp-block-button\"><a class=\"wp-block-button__link wp-element-button\" href=\"https:\/\/www.petitsprinces.com\/\" target=\"_blank\" rel=\"noreferrer noopener\">Find out more about the Petits Princes Association&nbsp;<\/a><\/div>\n<\/div>\n<\/div>\n<\/div>\n<\/div><\/div>\n\n\n\n<div class=\"wp-block-group is-style-container has-white-background-color has-background\"><div class=\"wp-block-group__inner-container is-layout-constrained wp-block-group-is-layout-constrained\">\n<div class=\"wp-block-columns is-layout-flex wp-container-core-columns-is-layout-9d6595d7 wp-block-columns-is-layout-flex\">\n<div class=\"wp-block-column is-layout-flow wp-block-column-is-layout-flow\">\n<h2 class=\"wp-block-heading has-text-align-center\">ASEDEME Association<\/h2>\n\n\n\n<div class=\"wp-block-media-text alignwide is-stacked-on-mobile is-vertically-aligned-center\"><figure class=\"wp-block-media-text__media\"><img loading=\"lazy\" decoding=\"async\" width=\"1024\" height=\"631\" src=\"https:\/\/www.add-associes.com\/wp-content\/uploads\/2023\/09\/Asedeme-1024x631.png\" alt=\"Asedeme patronage add associates\" class=\"wp-image-2293 size-full\" srcset=\"https:\/\/www.add-associes.com\/wp-content\/uploads\/2023\/09\/Asedeme-1024x631.png 1024w, https:\/\/www.add-associes.com\/wp-content\/uploads\/2023\/09\/Asedeme-300x185.png 300w, https:\/\/www.add-associes.com\/wp-content\/uploads\/2023\/09\/Asedeme-768x473.png 768w, https:\/\/www.add-associes.com\/wp-content\/uploads\/2023\/09\/Asedeme-662x408.png 662w, https:\/\/www.add-associes.com\/wp-content\/uploads\/2023\/09\/Asedeme-1218x750.png 1218w, https:\/\/www.add-associes.com\/wp-content\/uploads\/2023\/09\/Asedeme.png 1414w\" sizes=\"auto, (max-width: 1024px) 100vw, 1024px\" \/><\/figure><div class=\"wp-block-media-text__content\">\n<p>Since 2003, ADD has also supported <a href=\"https:\/\/asedeme.org\/\">ASEDEME<\/a> (Association S\u00e9n\u00e9galaise pour la protection des Enfants D\u00e9ficients Mentaux), which works to highlight the problems of intellectual disability in Senegal. Christophe Aubrun, one of ADD&#8217;s founders, has been the ASEDEME\u2019s General Secretary since 2010, and has been devoting his time and energy to growing this association.&nbsp;<\/p>\n<\/div><\/div>\n\n\n\n<p><em>Cr\u00e9dit photo : Audyssey Prod and Alun Be<\/em>&nbsp;<\/p>\n\n\n\n<p><\/p>\n\n\n\n<p>The ASEDEME has been an NGO since 2009 and has been recognized as a service in the public interest since 2017. It promotes the care of children through the creation of medical-educational facilities known as Centres Aminata Mbaye (Dakar 2003, Saint-Louis 2008), which aim to rehabilitate, educate, and socialize children with intellectual disabilities. 200 children and young adults are cared for each year.&nbsp;&nbsp;<\/p>\n\n\n\n<p>The ASEDEME&#8217;s mission is to bring these children with special educational needs out of the shadows, provide them with a suitable environment and encourage their socialization by teaching them job skills.&nbsp;<\/p>\n<\/div>\n<\/div>\n\n\n\n<div class=\"wp-block-buttons is-content-justification-center is-layout-flex wp-container-core-buttons-is-layout-16018d1d wp-block-buttons-is-layout-flex\">\n<div class=\"wp-block-button\"><a class=\"wp-block-button__link wp-element-button\" href=\"https:\/\/asedeme.org\/\" target=\"_blank\" rel=\"noreferrer noopener\">Find out about the ASEDEME Association<\/a><\/div>\n<\/div>\n<\/div><\/div>\n","protected":false},"excerpt":{"rendered":"<p>The Petits Princes Association &#8220;Just because it&#8217;s impossible to accomplish everything in a day doesn&#8217;t mean we shouldn&#8217;t do anything at all.&#8221; Abb\u00e9 Pierre&nbsp; The Petits Princes Association makes dreams come true for gravely ill children and teenagers. It gives the child an extra morale boost to fight the disease ailing them.&nbsp; Since 1987, 10,000 [&hellip;]<\/p>\n","protected":false},"author":8,"featured_media":0,"parent":0,"menu_order":0,"comment_status":"closed","ping_status":"closed","template":"","meta":{"_acf_changed":false,"footnotes":""},"class_list":["post-4334","page","type-page","status-publish","hentry"],"acf":[],"_links":{"self":[{"href":"https:\/\/www.add-associes.com\/en\/wp-json\/wp\/v2\/pages\/4334","targetHints":{"allow":["GET"]}}],"collection":[{"href":"https:\/\/www.add-associes.com\/en\/wp-json\/wp\/v2\/pages"}],"about":[{"href":"https:\/\/www.add-associes.com\/en\/wp-json\/wp\/v2\/types\/page"}],"author":[{"embeddable":true,"href":"https:\/\/www.add-associes.com\/en\/wp-json\/wp\/v2\/users\/8"}],"replies":[{"embeddable":true,"href":"https:\/\/www.add-associes.com\/en\/wp-json\/wp\/v2\/comments?post=4334"}],"version-history":[{"count":0,"href":"https:\/\/www.add-associes.com\/en\/wp-json\/wp\/v2\/pages\/4334\/revisions"}],"wp:attachment":[{"href":"https:\/\/www.add-associes.com\/en\/wp-json\/wp\/v2\/media?parent=4334"}],"curies":[{"name":"wp","href":"https:\/\/api.w.org\/{rel}","templated":true}]}}