{"id":4265,"date":"2023-07-19T15:14:46","date_gmt":"2023-07-19T13:14:46","guid":{"rendered":"https:\/\/www.add-associes.com\/se-ha-puesto-en-contacto-con-usted-un-genealogista-de-add-associes\/"},"modified":"2026-01-20T14:28:15","modified_gmt":"2026-01-20T13:28:15","slug":"se-ha-puesto-en-contacto-con-usted-un-genealogista-de-add-associes","status":"publish","type":"page","link":"https:\/\/www.add-associes.com\/es\/se-ha-puesto-en-contacto-con-usted-un-genealogista-de-add-associes\/","title":{"rendered":"\u00bfHa sido contactado por un genealogista de ADD Associ\u00e9s?"},"content":{"rendered":"\n<div class=\"wp-block-group is-style-container\"><div class=\"wp-block-group__inner-container is-layout-constrained wp-block-group-is-layout-constrained\">\n<h2 class=\"wp-block-heading\">Ha recibido un contrato de revelaci\u00f3n: \u00bfQu\u00e9 es un contrato de revelaci\u00f3n?<\/h2>\n\n\n\n<p>El contrato de revelaci\u00f3n establece los t\u00e9rminos de un acuerdo entre usted, futuro heredero, y ADD Associ\u00e9s. El contrato de revelaci\u00f3n define, en particular, las condiciones de los honorarios de nuestra oficina de genealog\u00eda.&nbsp;&nbsp;&nbsp;<\/p>\n\n\n\n<p>Una vez firmado este contrato de revelaci\u00f3n, nos comprometemos a hacer valer sus derechos en el marco de su sucesi\u00f3n.<\/p>\n\n\n\n<h2 class=\"wp-block-heading\">\u00bfTiene alguna pregunta?<\/h2>\n\n\n\n<p>Descubra las respuestas a las principales cuestiones jur\u00eddicas, administrativas y pr\u00e1cticas que se plantean con m\u00e1s frecuencia los beneficiarios de una herencia.<\/p>\n\n\n\n<div class=\"wp-block-buttons is-content-justification-center is-layout-flex wp-container-core-buttons-is-layout-16018d1d wp-block-buttons-is-layout-flex\">\n<div class=\"wp-block-button\"><a class=\"wp-block-button__link has-text-align-center wp-element-button\" href=\"https:\/\/www.add-associes.com\/es\/sus-preguntas-nuestras-respuestas\/\" target=\"_blank\" rel=\"noreferrer noopener\">consulte las faq<\/a><\/div>\n<\/div>\n<\/div><\/div>\n\n\n\n<div class=\"wp-block-group is-style-container\"><div class=\"wp-block-group__inner-container is-layout-constrained wp-block-group-is-layout-constrained\">\n<h3 class=\"wp-block-heading has-text-align-center\"><strong>ADD Associ\u00e9s, expertos a su disposici\u00f3n<\/strong><\/h3>\n\n\n\n<figure class=\"wp-block-embed is-type-video is-provider-youtube wp-block-embed-youtube wp-embed-aspect-16-9 wp-has-aspect-ratio\"><div class=\"wp-block-embed__wrapper\">\n<iframe loading=\"lazy\" title=\"Descubra ADD Associ\u00e9s, expertos en genealog\u00eda sucesoria\" width=\"500\" height=\"281\" src=\"https:\/\/www.youtube.com\/embed\/wW8b5xRfcb8?feature=oembed&#038;enablejsapi=1\" frameborder=\"0\" allow=\"accelerometer; autoplay; clipboard-write; encrypted-media; gyroscope; picture-in-picture; web-share\" referrerpolicy=\"strict-origin-when-cross-origin\" allowfullscreen><\/iframe>\n<\/div><\/figure>\n<\/div><\/div>\n\n\n\n<div class=\"wp-block-group has-background custom-form container-lg\" >\n    <div class=\"row\">\n        <div class=\"col-12 col-lg-8\">\n            <h2>No dude en ponerse en contacto con nosotros si tiene alguna pregunta a ra\u00edz de una solicitud de nuestros equipos.<\/h2>\n            <p><\/p>\n\n            <div class=\"forminator-ui forminator-custom-form forminator-custom-form-4935 forminator-design--material  forminator_ajax\" data-forminator-render=\"0\" data-form=\"forminator-module-4935\" data-uid=\"69f27a664425b\"><br\/><\/div><form\r\n\t\t\t\tid=\"forminator-module-4935\"\r\n\t\t\t\tclass=\"forminator-ui forminator-custom-form forminator-custom-form-4935 forminator-design--material  forminator_ajax\"\r\n\t\t\t\tmethod=\"post\"\r\n\t\t\t\tdata-forminator-render=\"0\"\r\n\t\t\t\tdata-form-id=\"4935\"\r\n\t\t\t\t data-color-option=\"default\" data-design=\"material\" data-grid=\"open\" style=\"display: none;\"\r\n\t\t\t\tdata-uid=\"69f27a664425b\"\r\n\t\t\t><div role=\"alert\" aria-live=\"polite\" class=\"forminator-response-message forminator-error\" aria-hidden=\"true\"><\/div><div class=\"forminator-row\"><div id=\"name-1\" class=\"forminator-field-name forminator-col forminator-col-12 \"><div class=\"forminator-row forminator-no-margin\" data-multiple=\"true\"><div class=\"forminator-col forminator-col-md-6\"><div class=\"forminator-field\"><label for=\"forminator-field-first-name-1_69f27a664425b\" id=\"forminator-field-first-name-1_69f27a664425b-label\" class=\"forminator-label\">Nombre <span class=\"forminator-required\">*<\/span><\/label><input type=\"text\" name=\"name-1-first-name\" placeholder=\"Por ejemplo: Javier\" id=\"forminator-field-first-name-1_69f27a664425b\" class=\"forminator-input\" aria-required=\"true\" data-multi=\"1\" autocomplete=\"given-name\" value=\"\" \/><\/div><\/div><div class=\"forminator-col forminator-col-md-6\"><div class=\"forminator-field\"><label for=\"forminator-field-last-name-1_69f27a664425b\" id=\"forminator-field-last-name-1_69f27a664425b-label\" class=\"forminator-label\">Apellido <span class=\"forminator-required\">*<\/span><\/label><input type=\"text\" name=\"name-1-last-name\" placeholder=\"Por ejemplo: Garc\u00eda\" id=\"forminator-field-last-name-1_69f27a664425b\" class=\"forminator-input\" aria-required=\"true\" data-multi=\"1\" autocomplete=\"family-name\" value=\"\" \/><\/div><\/div><\/div><\/div><\/div><div class=\"forminator-row\"><div id=\"text-1\" class=\"forminator-field-text forminator-col forminator-col-12 \"><div class=\"forminator-field\"><label for=\"forminator-field-text-1_69f27a664425b\" id=\"forminator-field-text-1_69f27a664425b-label\" class=\"forminator-label\">N\u00famero de expediente<\/label><input type=\"text\" name=\"text-1\" value=\"\" placeholder=\"Por ejemplo: 98765\" id=\"forminator-field-text-1_69f27a664425b\" class=\"forminator-input forminator-name--field\" data-required=\"\" \/><\/div><\/div><\/div><div class=\"forminator-row\"><div id=\"phone-1\" class=\"forminator-field-phone forminator-col forminator-col-6 \"><div class=\"forminator-field\"><label for=\"forminator-field-phone-1_69f27a664425b\" id=\"forminator-field-phone-1_69f27a664425b-label\" class=\"forminator-label\">Tel\u00e9fono<\/label><input type=\"text\" name=\"phone-1\" value=\"\" placeholder=\"Por ejemplo: 06 02 03 05 06\" id=\"forminator-field-phone-1_69f27a664425b\" class=\"forminator-input forminator-field--phone\" data-required=\"\" aria-required=\"false\" autocomplete=\"off\" \/><\/div><\/div><div id=\"email-1\" class=\"forminator-field-email forminator-col forminator-col-6 \"><div class=\"forminator-field\"><label for=\"forminator-field-email-1_69f27a664425b\" id=\"forminator-field-email-1_69f27a664425b-label\" class=\"forminator-label\">Correo electr\u00f3nico <span class=\"forminator-required\">*<\/span><\/label><input type=\"email\" name=\"email-1\" value=\"\" placeholder=\"Por ejemplo: javier@garcia.com\" id=\"forminator-field-email-1_69f27a664425b\" class=\"forminator-input forminator-email--field\" data-required=\"1\" aria-required=\"true\" autocomplete=\"email\" \/><\/div><\/div><\/div><div class=\"forminator-row\"><div id=\"textarea-1\" class=\"forminator-field-textarea forminator-col forminator-col-12 \"><div class=\"forminator-field\"><label for=\"forminator-field-textarea-1_69f27a664425b\" id=\"forminator-field-textarea-1_69f27a664425b-label\" class=\"forminator-label\">Mensaje <span class=\"forminator-required\">*<\/span><\/label><textarea name=\"textarea-1\" placeholder=\"Inserte aqu\u00ed su mensaje.\" id=\"forminator-field-textarea-1_69f27a664425b\" class=\"forminator-textarea\" rows=\"6\" style=\"min-height:140px;\" ><\/textarea><\/div><\/div><\/div><div class=\"forminator-row\"><div id=\"checkbox-1\" class=\"forminator-field-checkbox forminator-col forminator-col-12 \"><div role=\"group\" class=\"forminator-field required\" aria-labelledby=\"forminator-checkbox-group-forminator-field-checkbox-1-69f27a664425b-label\"><label id=\"forminator-field-checkbox-1-1-69f27a664425b-label\" for=\"forminator-field-checkbox-1-1-69f27a664425b\" class=\"forminator-checkbox\" title=\"Al marcar esta casilla, acepta que ADD Associ\u00e9s recoja y trate sus datos personales en el marco de su actividad de b\u00fasqueda de herederos, de conformidad con su pol\u00edtica de confidencialidad.\"><input type=\"checkbox\" name=\"checkbox-1[]\" value=\"Lorem-ipsum-dolor-sit-amet,-consectetur-adipiscing-elit.-Ut-aliquet-nec-sapien-sit-amet-consequat.-Nullam-sit-amet-urna-ut-enim-convallis-sagittis.\" id=\"forminator-field-checkbox-1-1-69f27a664425b\" aria-labelledby=\"forminator-field-checkbox-1-1-69f27a664425b-label\" data-calculation=\"0\" checked=\"checked\"  data-hidden-behavior=\"zero\"\/><span class=\"forminator-checkbox-box\" aria-hidden=\"true\"><\/span><span class=\"forminator-checkbox-label\">Al marcar esta casilla, acepta que ADD Associ\u00e9s recoja y trate sus datos personales en el marco de su actividad de b\u00fasqueda de herederos, de conformidad con su pol\u00edtica de confidencialidad.<\/span><\/label><\/div><\/div><\/div><div class=\"forminator-row\"><div id=\"captcha-1\" class=\"forminator-field-captcha forminator-col forminator-col-12 \"><div class=\"forminator-captcha-left forminator-g-recaptcha\" data-theme=\"light\"  data-sitekey=\"6Ldoi98nAAAAAPeAzVaAgk_N970JYXv8fQoneIWj\" data-size=\"normal\"><\/div> <\/div><\/div><input type=\"hidden\" name=\"referer_url\" value=\"\" \/><div class=\"forminator-row forminator-row-last\"><div class=\"forminator-col\"><div class=\"forminator-field\"><button class=\"forminator-button forminator-button-submit\"><span>Enviar<\/span><span aria-hidden=\"true\"><\/span><\/button><\/div><\/div><\/div><input type=\"hidden\" id=\"forminator_nonce\" name=\"forminator_nonce\" value=\"d76ab3cb33\" \/><input type=\"hidden\" name=\"_wp_http_referer\" value=\"\/es\/wp-json\/wp\/v2\/pages\/4265\" \/><input type=\"hidden\" name=\"form_id\" value=\"4935\"><input type=\"hidden\" name=\"page_id\" value=\"4265\"><input type=\"hidden\" name=\"form_type\" value=\"default\"><input type=\"hidden\" name=\"current_url\" value=\"https:\/\/www.add-associes.com\/es\/se-ha-puesto-en-contacto-con-usted-un-genealogista-de-add-associes\/\"><input type=\"hidden\" name=\"render_id\" value=\"0\"><input type=\"hidden\" name=\"action\" value=\"forminator_submit_form_custom-forms\"><label for=\"input_7\" class=\"forminator-hidden\" aria-hidden=\"true\">Please do not fill in this field. <input id=\"input_7\" type=\"text\" name=\"input_7\" value=\"\" autocomplete=\"off\"><\/label><\/form>        <\/div>\n    <\/div>\n<\/div>\n","protected":false},"excerpt":{"rendered":"<p>Ha recibido un contrato de revelaci\u00f3n: \u00bfQu\u00e9 es un contrato de revelaci\u00f3n? El contrato de revelaci\u00f3n establece los t\u00e9rminos de un acuerdo entre usted, futuro heredero, y ADD Associ\u00e9s. El contrato de revelaci\u00f3n define, en particular, las condiciones de los honorarios de nuestra oficina de genealog\u00eda.&nbsp;&nbsp;&nbsp; Una vez firmado este contrato de revelaci\u00f3n, nos comprometemos [&hellip;]<\/p>\n","protected":false},"author":2,"featured_media":0,"parent":0,"menu_order":0,"comment_status":"closed","ping_status":"closed","template":"page-heir-contact.php","meta":{"_acf_changed":false,"footnotes":""},"class_list":["post-4265","page","type-page","status-publish","hentry"],"acf":[],"_links":{"self":[{"href":"https:\/\/www.add-associes.com\/es\/wp-json\/wp\/v2\/pages\/4265","targetHints":{"allow":["GET"]}}],"collection":[{"href":"https:\/\/www.add-associes.com\/es\/wp-json\/wp\/v2\/pages"}],"about":[{"href":"https:\/\/www.add-associes.com\/es\/wp-json\/wp\/v2\/types\/page"}],"author":[{"embeddable":true,"href":"https:\/\/www.add-associes.com\/es\/wp-json\/wp\/v2\/users\/2"}],"replies":[{"embeddable":true,"href":"https:\/\/www.add-associes.com\/es\/wp-json\/wp\/v2\/comments?post=4265"}],"version-history":[{"count":0,"href":"https:\/\/www.add-associes.com\/es\/wp-json\/wp\/v2\/pages\/4265\/revisions"}],"wp:attachment":[{"href":"https:\/\/www.add-associes.com\/es\/wp-json\/wp\/v2\/media?parent=4265"}],"curies":[{"name":"wp","href":"https:\/\/api.w.org\/{rel}","templated":true}]}}