{"id":4288,"date":"2023-07-20T08:50:12","date_gmt":"2023-07-20T06:50:12","guid":{"rendered":"https:\/\/www.add-associes.com\/se-ha-puesto-en-contacto-con-usted-un-genealogista-de-add-associes\/como-se-liquida-una-herencia\/"},"modified":"2026-02-27T08:15:42","modified_gmt":"2026-02-27T07:15:42","slug":"como-se-liquida-una-herencia","status":"publish","type":"page","link":"https:\/\/www.add-associes.com\/es\/se-ha-puesto-en-contacto-con-usted-un-genealogista-de-add-associes\/como-se-liquida-una-herencia\/","title":{"rendered":"\u00bfC\u00f3mo se liquida una sucesi\u00f3n?"},"content":{"rendered":"\n<h2 class=\"wp-block-heading\"><strong>\u00bfQu\u00e9 es la liquidaci\u00f3n de una sucesi\u00f3n?<\/strong><\/h2>\n\n\n\n<p>La liquidaci\u00f3n de una sucesi\u00f3n comprende el conjunto de actuaciones legales, fiscales y administrativas necesarias para transmitir los bienes de una persona fallecida a sus herederos conforme al derecho franc\u00e9s. Se trata de un procedimiento regulado por la ley y generalmente gestionado por un notario.<\/p>\n\n\n\n<p>El patrimonio puede incluir cuentas bancarias, una vivienda, bienes muebles, inversiones y, en ocasiones, deudas.<\/p>\n\n\n\n<p>La liquidaci\u00f3n de una sucesi\u00f3n puede resultar compleja, especialmente cuando algunos herederos son desconocidos o dif\u00edciles de localizar. En este contexto, el notario puede recurrir a un <strong>genealogista sucesorio<\/strong>, como ADD Associ\u00e9s, para identificar y localizar a los derechohabientes.<\/p>\n\n\n\n<p>Aunque esta intervenci\u00f3n no es obligatoria, permite realizar las investigaciones con mayor rapidez y determinar con exactitud la vocaci\u00f3n hereditaria dentro de un marco jur\u00eddico seguro.<\/p>\n\n\n\n<p>Por ello, es posible que usted sea contactado directamente por un genealogista sucesorio en el marco de esta b\u00fasqueda.<\/p>\n\n\n\n<div style=\"height:50px\" aria-hidden=\"true\" class=\"wp-block-spacer\"><\/div>\n\n\n\n<h2 class=\"wp-block-heading\"><strong>\u00bfCu\u00e1les son los plazos para la liquidaci\u00f3n de una sucesi\u00f3n?<\/strong><\/h2>\n\n\n\n<p>\u00bfSe pregunta cu\u00e1nto tiempo tarda la liquidaci\u00f3n de una sucesi\u00f3n? Es una cuesti\u00f3n esencial, especialmente para cumplir con las obligaciones fiscales.<\/p>\n\n\n\n<p>En Francia, la ley establece un plazo de 6 meses desde la fecha del fallecimiento para presentar la declaraci\u00f3n de sucesi\u00f3n ante la administraci\u00f3n tributaria. Este plazo se ampl\u00eda a 12 meses si el fallecimiento tuvo lugar en el extranjero. Una vez superado este plazo, pueden aplicarse sanciones.<\/p>\n\n\n\n<p>Por ello, es importante no retrasar los tr\u00e1mites, incluso si el contexto familiar o las circunstancias son complejas.<\/p>\n\n\n\n<p>No obstante, el plazo legal no siempre refleja el tiempo real necesario para finalizar la liquidaci\u00f3n de la sucesi\u00f3n. Seg\u00fan la situaci\u00f3n \u2014 n\u00famero de herederos, composici\u00f3n del patrimonio, posibles litigios o necesidad de investigaciones geneal\u00f3gicas \u2014 el proceso puede prolongarse durante varios meses o incluso varios a\u00f1os.<\/p>\n\n\n\n<div style=\"height:50px\" aria-hidden=\"true\" class=\"wp-block-spacer\"><\/div>\n\n\n\n<h2 class=\"wp-block-heading\"><strong>Etapas de la liquidaci\u00f3n de una sucesi\u00f3n en Francia que requieren la intervenci\u00f3n de un genealogista sucesorio<\/strong><\/h2>\n\n\n\n<h3 class=\"wp-block-heading\"><strong>1. Mandato otorgado a ADD Associ\u00e9s por un notario<\/strong><\/h3>\n\n\n\n<p>La sucesi\u00f3n se abre ante un notario sin herederos claramente identificados o con incertidumbres en el \u00e1rbol geneal\u00f3gico familiar. El notario, responsable de garantizar la transmisi\u00f3n legal del patrimonio, encarga a un despacho de genealog\u00eda sucesoria como ADD Associ\u00e9s la realizaci\u00f3n de las investigaciones necesarias.<\/p>\n\n\n\n<p>Esta intervenci\u00f3n est\u00e1 estrictamente regulada por la legislaci\u00f3n francesa, en particular por la reforma de sucesiones de 2006. Garantiza que cada heredero, incluso lejano o desconocido, pueda ejercer sus derechos.<\/p>\n\n\n\n<p>Si usted ha sido contactado por un genealogista sucesorio, es porque est\u00e1 implicado en una sucesi\u00f3n para la cual el notario no dispon\u00eda inicialmente de sus datos de contacto.<\/p>\n\n\n\n<div style=\"height:50px\" aria-hidden=\"true\" class=\"wp-block-spacer\"><\/div>\n\n\n\n<h3 class=\"wp-block-heading\"><strong>2. Investigaci\u00f3n e identificaci\u00f3n de los herederos<\/strong><\/h3>\n\n\n\n<p>Una vez designado, el genealogista sucesorio realiza un trabajo de investigaci\u00f3n exhaustivo. Consulta registros del estado civil, archivos, contrasta informaci\u00f3n familiar y puede remontarse varias generaciones. Estas investigaciones pueden ser largas y complejas, especialmente cuando deben realizarse en el extranjero.<\/p>\n\n\n\n<p>El objetivo es reconstruir el \u00e1rbol geneal\u00f3gico del causante con rigor, para demostrar qui\u00e9n tiene legalmente derecho a heredar.<\/p>\n\n\n\n<p>Esta etapa permite asegurar la liquidaci\u00f3n de la sucesi\u00f3n y garantizar que ning\u00fan heredero quede excluido. Gracias a este trabajo usted ha sido localizado: puede ser heredero incluso si no conoc\u00eda personalmente al fallecido.<\/p>\n\n\n\n<div style=\"height:50px\" aria-hidden=\"true\" class=\"wp-block-spacer\"><\/div>\n\n\n\n<h3 class=\"wp-block-heading\"><strong>3. Firma del contrato de revelaci\u00f3n<\/strong><\/h3>\n\n\n\n<p>Antes de facilitarle detalles sobre la sucesi\u00f3n, ADD Associ\u00e9s le propondr\u00e1 la firma de un contrato de revelaci\u00f3n.<\/p>\n\n\n\n<p>Este documento:<\/p>\n\n\n\n<ul class=\"wp-block-list\">\n<li>le informa sobre la naturaleza de la misi\u00f3n,<\/li>\n\n\n\n<li>formaliza su v\u00ednculo con el genealogista sucesorio,<\/li>\n\n\n\n<li>establece las condiciones de remuneraci\u00f3n, generalmente un porcentaje sobre la parte hereditaria que le corresponda.<\/li>\n<\/ul>\n\n\n\n<p>Este contrato no le obliga a aceptar la herencia. No debe abonar ninguna cantidad por adelantado, y los gastos y honorarios solo se deducen en caso de \u00e9xito, es decir, si usted percibe efectivamente una herencia.<\/p>\n\n\n\n<p>Se trata de una garant\u00eda para usted y de un marco transparente de colaboraci\u00f3n.<\/p>\n\n\n\n<p>La firma del contrato de revelaci\u00f3n precede a la comunicaci\u00f3n de la identidad del fallecido y de los elementos que componen la sucesi\u00f3n.<\/p>\n\n\n\n<p>En el momento de la firma, tambi\u00e9n puede propon\u00e9rsele la firma de un poder para que ADD Associ\u00e9s le represente en las etapas posteriores del proceso de liquidaci\u00f3n.<\/p>\n\n\n\n<p>Una vez finalizadas las investigaciones e identificados los herederos, ADD Associ\u00e9s elabora un cuadro geneal\u00f3gico certificado. Este documento, firmado por el genealogista sucesorio, tiene valor jur\u00eddico: compromete su responsabilidad financiera y jur\u00eddica y certifica que los herederos identificados son los derechohabientes legales.<\/p>\n\n\n\n<div style=\"height:50px\" aria-hidden=\"true\" class=\"wp-block-spacer\"><\/div>\n\n\n\n<h3 class=\"wp-block-heading\"><strong>4. Confirmaci\u00f3n de la vocaci\u00f3n hereditaria<\/strong><\/h3>\n\n\n\n<p>El genealogista transmite la vocaci\u00f3n hereditaria al notario encargado de la liquidaci\u00f3n o al administrador judicial designado por el tribunal competente.<\/p>\n\n\n\n<p>Este documento permite al notario redactar la <strong>Declaraci\u00f3n de herederos<\/strong>, etapa indispensable y base s\u00f3lida para proceder al reparto de los bienes del fallecido.<\/p>\n\n\n\n<div style=\"height:50px\" aria-hidden=\"true\" class=\"wp-block-spacer\"><\/div>\n\n\n\n<h3 class=\"wp-block-heading\"><strong>5. Redacci\u00f3n de la Declaraci\u00f3n de herederos<\/strong><\/h3>\n\n\n\n<p>Sobre la base del cuadro geneal\u00f3gico certificado, el notario redacta la Declaraci\u00f3n de herederos, que constata la vocaci\u00f3n hereditaria y determina la cuota correspondiente a cada heredero o legatario.<\/p>\n\n\n\n<p>Este documento oficial reconoce la condici\u00f3n de heredero de las personas identificadas y precisa sus derechos respectivos.<\/p>\n\n\n\n<p>Es indispensable para realizar todos los actos relacionados con la sucesi\u00f3n, como el desbloqueo de las cuentas bancarias del fallecido o la venta de un bien inmueble.<\/p>\n\n\n\n<div style=\"height:50px\" aria-hidden=\"true\" class=\"wp-block-spacer\"><\/div>\n\n\n\n<h3 class=\"wp-block-heading\"><strong>6. Inventario del patrimonio del fallecido<\/strong><\/h3>\n\n\n\n<p>El notario realiza un inventario completo del patrimonio dejado por el fallecido. Puede contar con la ayuda de un perito o un experto para valorar los activos (ahorros, bienes muebles, inmuebles\u2026) y los pasivos (facturas, hipotecas, pr\u00e9stamos, deudas fiscales\u2026).<\/p>\n\n\n\n<p>Este inventario permite calcular con precisi\u00f3n el activo neto de la sucesi\u00f3n, es decir, lo que puede transmitirse a los herederos tras el pago de las deudas.<\/p>\n\n\n\n<div style=\"height:50px\" aria-hidden=\"true\" class=\"wp-block-spacer\"><\/div>\n\n\n\n<h3 class=\"wp-block-heading\"><strong>7. Liquidaci\u00f3n de la sucesi\u00f3n<\/strong><\/h3>\n\n\n\n<p>Una vez establecido el inventario, el notario procede a la liquidaci\u00f3n de la sucesi\u00f3n. Esto implica el pago de los acreedores, la liquidaci\u00f3n de determinados activos y la preparaci\u00f3n de los actos necesarios para el reparto.<\/p>\n\n\n\n<p>Es en esta fase cuando el proceso avanza concretamente hacia la distribuci\u00f3n de la herencia.<\/p>\n\n\n\n<p>Si usted ha otorgado poder a ADD Associ\u00e9s, nuestros expertos velar\u00e1n por la defensa \u00f3ptima de sus intereses y de sus derechos.<\/p>\n\n\n\n<div style=\"height:50px\" aria-hidden=\"true\" class=\"wp-block-spacer\"><\/div>\n\n\n\n<h3 class=\"wp-block-heading\"><strong>8. Declaraci\u00f3n de sucesi\u00f3n y pago del impuesto sucesorio<\/strong><\/h3>\n\n\n\n<p>Antes de cualquier reparto, la declaraci\u00f3n de sucesi\u00f3n debe ser firmada por los herederos (o sus representantes) y presentada ante la administraci\u00f3n tributaria.<\/p>\n\n\n\n<p>Esta declaraci\u00f3n permite calcular el impuesto sucesorio que debe abonarse. El pago de este impuesto es obligatorio para desbloquear los fondos de la sucesi\u00f3n.<\/p>\n\n\n\n<div style=\"height:50px\" aria-hidden=\"true\" class=\"wp-block-spacer\"><\/div>\n\n\n\n<h3 class=\"wp-block-heading\"><strong>9. Cuenta de reparto y pago de los fondos<\/strong><\/h3>\n\n\n\n<p>Una vez realizados todos los tr\u00e1mites y abonados los impuestos, el notario establece una cuenta de reparto que detalla con precisi\u00f3n lo que corresponde a cada heredero.<\/p>\n\n\n\n<p>Los fondos destinados a los herederos representados por ADD Associ\u00e9s se ingresan en una cuenta de terceros abierta en la Caisse des D\u00e9p\u00f4ts et Consignations (CDC).<\/p>\n\n\n\n<p>Tras la aprobaci\u00f3n de la cuenta de reparto por el heredero, el genealogista sucesorio procede al pago de su parte en un plazo m\u00e1ximo de un mes.<\/p>\n\n\n\n<p>Gracias al acompa\u00f1amiento conjunto del notario y de nuestro despacho, cada heredero recibe su parte en un marco seguro y transparente.<\/p>\n\n\n\n<div style=\"height:50px\" aria-hidden=\"true\" class=\"wp-block-spacer\"><\/div>\n\n\n\n<h2 class=\"wp-block-heading\"><strong>\u00bfEs posible estar representado ante el notario en el marco de una sucesi\u00f3n?<\/strong><\/h2>\n\n\n\n<p>S\u00ed, puede estar representado por ADD Associ\u00e9s en el marco de una sucesi\u00f3n.<\/p>\n\n\n\n<p>Si ha sido identificado como posible heredero y ha sido contactado por ADD Associ\u00e9s, podemos acompa\u00f1arle durante todo el proceso de liquidaci\u00f3n.<\/p>\n\n\n\n<p>Una vez que sus derechos hayan sido establecidos mediante la Declaraci\u00f3n de herederos, le representamos ante el notario.<\/p>\n\n\n\n<p>Ser\u00e1 informado regularmente del avance del expediente. Esta representaci\u00f3n le permite afrontar esta etapa con total tranquilidad, acompa\u00f1ado por un profesional de confianza, hasta la liquidaci\u00f3n completa y el pago de su parte hereditaria.<\/p>\n\n\n\n<div style=\"height:50px\" aria-hidden=\"true\" class=\"wp-block-spacer\"><\/div>\n\n\n\n<h3 class=\"wp-block-heading\"><strong>En resumen: lo que debe recordar<\/strong><\/h3>\n\n\n\n<ul class=\"wp-block-list\">\n<li>En ausencia de herederos claramente identificados, un genealogista sucesorio puede ser designado por un notario para localizar a los derechohabientes.<\/li>\n\n\n\n<li>Si ADD Associ\u00e9s le ha contactado, usted puede ser heredero de un patrimonio cuya existencia desconoc\u00eda.<\/li>\n\n\n\n<li>No se solicita ning\u00fan pago por adelantado: los honorarios solo se devengan en caso de \u00e9xito y se deducen de su parte hereditaria.<\/li>\n\n\n\n<li>Usted est\u00e1 acompa\u00f1ado de principio a fin, con total transparencia y seguridad jur\u00eddica.<\/li>\n<\/ul>\n\n\n\n<div class=\"wp-block-group is-style-container\"><div class=\"wp-block-group__inner-container is-layout-constrained wp-block-group-is-layout-constrained\">\n<h3 class=\"wp-block-heading\">Etapa 1: poder<\/h3>\n\n\n\n<p>Cualquier profesional que deba liquidar una sucesi\u00f3n otorga un poder a ADD Associ\u00e9s en el marco del art\u00edculo 36 de la legislaci\u00f3n francesa, para llevar a cabo investigaciones, con el fin de certificar una devoluci\u00f3n sucesoria o encontrar herederos desconocidos.<\/p>\n\n\n\n<h3 class=\"wp-block-heading\">Etapa 2: b\u00fasqueda de herederos&nbsp;<\/h3>\n\n\n\n<p><a href=\"https:\/\/www.add-associes.com\/es\/servicios\/busqueda-de-herederos\/\">ADD Associ\u00e9s lleva a cabo las investigaciones<\/a> necesarias con el fin de identificar, localizar y encontrar los herederos.&nbsp;<\/p>\n\n\n\n<h3 class=\"wp-block-heading\">Etapa 3: contrato de revelaci\u00f3n, revelaci\u00f3n y representaci\u00f3n&nbsp;<\/h3>\n\n\n\n<p>Cuando los herederos ignoran sus derechos, ADD Associ\u00e9s les presenta un contrato de revelaci\u00f3n y, posteriormente, un poder, previamente a la revelaci\u00f3n de sus derechos, con el fin de representarlos durante las siguientes etapas.&nbsp;<\/p>\n\n\n\n<h3 class=\"wp-block-heading\">Etapa 4: confirmaci\u00f3n de la devoluci\u00f3n sucesoria&nbsp;<\/h3>\n\n\n\n<p>Tras las investigaciones,<a href=\"https:\/\/www.add-associes.com\/es\/servicios\/verificacion-de-la-devolucion-de-una-herencia\/\" data-type=\"prestation\" data-id=\"4603\"> ADD Associ\u00e9s confirma la devoluci\u00f3n sucesoria<\/a>, re\u00fane y transmite los documentos al notario liquidador o al administrador judicial, nombrado por el tribunal competente.&nbsp;<\/p>\n\n\n\n<h3 class=\"wp-block-heading\">Etapa 5: declaraci\u00f3n de herederos&nbsp;<\/h3>\n\n\n\n<p>Sobre la base de la \u00e1rbol geneal\u00f3gico entregada y certificada por ADD Associ\u00e9s, el notario elabora el declaraci\u00f3n de herederos que hace constar la devoluci\u00f3n sucesoria y el quantum de los derechos respectivos de cada uno de los herederos y legatarios.&nbsp;<\/p>\n\n\n\n<h3 class=\"wp-block-heading\">Paso 6: <strong>Inventario de los bienes del fallecido<\/strong><\/h3>\n\n\n\n<p>El notario liquidador establece el balance completo del patrimonio del causante, tanto activo (ahorros, mobiliario, inmobiliario\u2026) como el pasivo (facturas, hipotecas, pr\u00e9stamos, deudas tributarias\u2026).&nbsp;<\/p>\n\n\n\n<h3 class=\"wp-block-heading\">Etapa 7: liquidaci\u00f3n de la sucesi\u00f3n&nbsp;<\/h3>\n\n\n\n<p>Venta de los muebles e inmuebles, tras obtener el acuerdo de todos los herederos, en cuanto a su principio y precio, cierre y cobro de las cuentas bancarias, liquidez, t\u00edtulos, seguros de vida\u2026 Liquidaci\u00f3n del pasivo de la sucesi\u00f3n.&nbsp;<\/p>\n\n\n\n<h3 class=\"wp-block-heading\">Etapa 8: firma de la declaraci\u00f3n de sucesi\u00f3n y pago de los impuestos de sucesi\u00f3n&nbsp;<\/h3>\n\n\n\n<p>La declaraci\u00f3n de sucesi\u00f3n determina la cuota de la sucesi\u00f3n que corresponde a cada heredero, as\u00ed como el importe de los impuestos de sucesi\u00f3n que se deber\u00e1 abonar a la administraci\u00f3n tributaria.<\/p>\n\n\n\n<p><\/p>\n\n\n\n<h3 class=\"wp-block-heading\">Etapa 9: cuenta y reparto de los fondos<\/h3>\n\n\n\n<p>Establecimiento de las cuentas, sujetas a la aprobaci\u00f3n del heredero, tras recepci\u00f3n de los fondos recibidos por el notario. Cabe destacar que el reparto se puede realizar en varios pagos.&nbsp;<\/p>\n<\/div><\/div>\n\n\n\n<div class=\"wp-block-group is-style-container\"><div class=\"wp-block-group__inner-container is-layout-constrained wp-block-group-is-layout-constrained\">\n<h3 class=\"wp-block-heading\">Descubra en im\u00e1genes todas las respuestas a sus preguntas sobre la genealog\u00eda sucesoria y el papel de nuestros equipos.<\/h3>\n\n\n\n<figure class=\"wp-block-embed is-type-video is-provider-youtube wp-block-embed-youtube wp-embed-aspect-16-9 wp-has-aspect-ratio\"><div class=\"wp-block-embed__wrapper\">\n<iframe loading=\"lazy\" title=\"ADD Questions Re\u0301ponses\" width=\"500\" height=\"281\" src=\"https:\/\/www.youtube.com\/embed\/7MYYqI52Tu0?feature=oembed&#038;enablejsapi=1\" frameborder=\"0\" allow=\"accelerometer; autoplay; clipboard-write; encrypted-media; gyroscope; picture-in-picture; web-share\" referrerpolicy=\"strict-origin-when-cross-origin\" allowfullscreen><\/iframe>\n<\/div><\/figure>\n<\/div><\/div>\n\n\n\n<div style=\"height:100px\" aria-hidden=\"true\" class=\"wp-block-spacer\"><\/div>\n\n\n\n<div class=\"wp-block-group has-background custom-form container-lg\" >\n    <div class=\"row\">\n        <div class=\"col-12 col-lg-8\">\n            <h2>\u00bfQuiere saber m\u00e1s sobre el tema de su carta y ponerse en contacto con nosotros?<\/h2>\n            <p><\/p>\n\n            <div class=\"forminator-ui forminator-custom-form forminator-custom-form-4935 forminator-design--material  forminator_ajax\" data-forminator-render=\"0\" data-form=\"forminator-module-4935\" data-uid=\"69d60c8794fcf\"><br\/><\/div><form\r\n\t\t\t\tid=\"forminator-module-4935\"\r\n\t\t\t\tclass=\"forminator-ui forminator-custom-form forminator-custom-form-4935 forminator-design--material  forminator_ajax\"\r\n\t\t\t\tmethod=\"post\"\r\n\t\t\t\tdata-forminator-render=\"0\"\r\n\t\t\t\tdata-form-id=\"4935\"\r\n\t\t\t\t data-color-option=\"default\" data-design=\"material\" data-grid=\"open\" style=\"display: none;\"\r\n\t\t\t\tdata-uid=\"69d60c8794fcf\"\r\n\t\t\t><div role=\"alert\" aria-live=\"polite\" class=\"forminator-response-message forminator-error\" aria-hidden=\"true\"><\/div><div class=\"forminator-row\"><div id=\"name-1\" class=\"forminator-field-name forminator-col forminator-col-12 \"><div class=\"forminator-row forminator-no-margin\" data-multiple=\"true\"><div class=\"forminator-col forminator-col-md-6\"><div class=\"forminator-field\"><label for=\"forminator-field-first-name-1_69d60c8794fcf\" id=\"forminator-field-first-name-1_69d60c8794fcf-label\" class=\"forminator-label\">Nombre <span class=\"forminator-required\">*<\/span><\/label><input type=\"text\" name=\"name-1-first-name\" placeholder=\"Por ejemplo: Javier\" id=\"forminator-field-first-name-1_69d60c8794fcf\" class=\"forminator-input\" aria-required=\"true\" data-multi=\"1\" autocomplete=\"given-name\" value=\"\" \/><\/div><\/div><div class=\"forminator-col forminator-col-md-6\"><div class=\"forminator-field\"><label for=\"forminator-field-last-name-1_69d60c8794fcf\" id=\"forminator-field-last-name-1_69d60c8794fcf-label\" class=\"forminator-label\">Apellido <span class=\"forminator-required\">*<\/span><\/label><input type=\"text\" name=\"name-1-last-name\" placeholder=\"Por ejemplo: Garc\u00eda\" id=\"forminator-field-last-name-1_69d60c8794fcf\" class=\"forminator-input\" aria-required=\"true\" data-multi=\"1\" autocomplete=\"family-name\" value=\"\" \/><\/div><\/div><\/div><\/div><\/div><div class=\"forminator-row\"><div id=\"text-1\" class=\"forminator-field-text forminator-col forminator-col-12 \"><div class=\"forminator-field\"><label for=\"forminator-field-text-1_69d60c8794fcf\" id=\"forminator-field-text-1_69d60c8794fcf-label\" class=\"forminator-label\">N\u00famero de expediente<\/label><input type=\"text\" name=\"text-1\" value=\"\" placeholder=\"Por ejemplo: 98765\" id=\"forminator-field-text-1_69d60c8794fcf\" class=\"forminator-input forminator-name--field\" data-required=\"\" \/><\/div><\/div><\/div><div class=\"forminator-row\"><div id=\"phone-1\" class=\"forminator-field-phone forminator-col forminator-col-6 \"><div class=\"forminator-field\"><label for=\"forminator-field-phone-1_69d60c8794fcf\" id=\"forminator-field-phone-1_69d60c8794fcf-label\" class=\"forminator-label\">Tel\u00e9fono<\/label><input type=\"text\" name=\"phone-1\" value=\"\" placeholder=\"Por ejemplo: 06 02 03 05 06\" id=\"forminator-field-phone-1_69d60c8794fcf\" class=\"forminator-input forminator-field--phone\" data-required=\"\" aria-required=\"false\" autocomplete=\"off\" \/><\/div><\/div><div id=\"email-1\" class=\"forminator-field-email forminator-col forminator-col-6 \"><div class=\"forminator-field\"><label for=\"forminator-field-email-1_69d60c8794fcf\" id=\"forminator-field-email-1_69d60c8794fcf-label\" class=\"forminator-label\">Correo electr\u00f3nico <span class=\"forminator-required\">*<\/span><\/label><input type=\"email\" name=\"email-1\" value=\"\" placeholder=\"Por ejemplo: javier@garcia.com\" id=\"forminator-field-email-1_69d60c8794fcf\" class=\"forminator-input forminator-email--field\" data-required=\"1\" aria-required=\"true\" autocomplete=\"email\" \/><\/div><\/div><\/div><div class=\"forminator-row\"><div id=\"textarea-1\" class=\"forminator-field-textarea forminator-col forminator-col-12 \"><div class=\"forminator-field\"><label for=\"forminator-field-textarea-1_69d60c8794fcf\" id=\"forminator-field-textarea-1_69d60c8794fcf-label\" class=\"forminator-label\">Mensaje <span class=\"forminator-required\">*<\/span><\/label><textarea name=\"textarea-1\" placeholder=\"Inserte aqu\u00ed su mensaje.\" id=\"forminator-field-textarea-1_69d60c8794fcf\" class=\"forminator-textarea\" rows=\"6\" style=\"min-height:140px;\" ><\/textarea><\/div><\/div><\/div><div class=\"forminator-row\"><div id=\"checkbox-1\" class=\"forminator-field-checkbox forminator-col forminator-col-12 \"><div role=\"group\" class=\"forminator-field required\" aria-labelledby=\"forminator-checkbox-group-forminator-field-checkbox-1-69d60c8794fcf-label\"><label id=\"forminator-field-checkbox-1-1-69d60c8794fcf-label\" for=\"forminator-field-checkbox-1-1-69d60c8794fcf\" class=\"forminator-checkbox\" title=\"Al marcar esta casilla, acepta que ADD Associ\u00e9s recoja y trate sus datos personales en el marco de su actividad de b\u00fasqueda de herederos, de conformidad con su pol\u00edtica de confidencialidad.\"><input type=\"checkbox\" name=\"checkbox-1[]\" value=\"Lorem-ipsum-dolor-sit-amet,-consectetur-adipiscing-elit.-Ut-aliquet-nec-sapien-sit-amet-consequat.-Nullam-sit-amet-urna-ut-enim-convallis-sagittis.\" id=\"forminator-field-checkbox-1-1-69d60c8794fcf\" aria-labelledby=\"forminator-field-checkbox-1-1-69d60c8794fcf-label\" data-calculation=\"0\" checked=\"checked\"  data-hidden-behavior=\"zero\"\/><span class=\"forminator-checkbox-box\" aria-hidden=\"true\"><\/span><span class=\"forminator-checkbox-label\">Al marcar esta casilla, acepta que ADD Associ\u00e9s recoja y trate sus datos personales en el marco de su actividad de b\u00fasqueda de herederos, de conformidad con su pol\u00edtica de confidencialidad.<\/span><\/label><\/div><\/div><\/div><div class=\"forminator-row\"><div id=\"captcha-1\" class=\"forminator-field-captcha forminator-col forminator-col-12 \"><div class=\"forminator-captcha-left forminator-g-recaptcha\" data-theme=\"light\"  data-sitekey=\"6Ldoi98nAAAAAPeAzVaAgk_N970JYXv8fQoneIWj\" data-size=\"normal\"><\/div> <\/div><\/div><input type=\"hidden\" name=\"referer_url\" value=\"\" \/><div class=\"forminator-row forminator-row-last\"><div class=\"forminator-col\"><div class=\"forminator-field\"><button class=\"forminator-button forminator-button-submit\"><span>Enviar<\/span><span aria-hidden=\"true\"><\/span><\/button><\/div><\/div><\/div><input type=\"hidden\" id=\"forminator_nonce\" name=\"forminator_nonce\" value=\"1e2a58c201\" \/><input type=\"hidden\" name=\"_wp_http_referer\" value=\"\/es\/wp-json\/wp\/v2\/pages\/4288\" \/><input type=\"hidden\" name=\"form_id\" value=\"4935\"><input type=\"hidden\" name=\"page_id\" value=\"4288\"><input type=\"hidden\" name=\"form_type\" value=\"default\"><input type=\"hidden\" name=\"current_url\" value=\"https:\/\/www.add-associes.com\/es\/se-ha-puesto-en-contacto-con-usted-un-genealogista-de-add-associes\/como-se-liquida-una-herencia\/\"><input type=\"hidden\" name=\"render_id\" value=\"0\"><input type=\"hidden\" name=\"action\" value=\"forminator_submit_form_custom-forms\"><label for=\"input_7\" class=\"forminator-hidden\" aria-hidden=\"true\">Please do not fill in this field. <input id=\"input_7\" type=\"text\" name=\"input_7\" value=\"\" autocomplete=\"off\"><\/label><\/form>        <\/div>\n    <\/div>\n<\/div>\n\n\n\n<p><\/p>\n","protected":false},"excerpt":{"rendered":"<p>\u00bfQu\u00e9 es la liquidaci\u00f3n de una sucesi\u00f3n? La liquidaci\u00f3n de una sucesi\u00f3n comprende el conjunto de actuaciones legales, fiscales y administrativas necesarias para transmitir los bienes de una persona fallecida a sus herederos conforme al derecho franc\u00e9s. Se trata de un procedimiento regulado por la ley y generalmente gestionado por un notario. El patrimonio puede [&hellip;]<\/p>\n","protected":false},"author":2,"featured_media":0,"parent":4265,"menu_order":0,"comment_status":"closed","ping_status":"closed","template":"","meta":{"_acf_changed":false,"footnotes":""},"class_list":["post-4288","page","type-page","status-publish","hentry"],"acf":[],"_links":{"self":[{"href":"https:\/\/www.add-associes.com\/es\/wp-json\/wp\/v2\/pages\/4288","targetHints":{"allow":["GET"]}}],"collection":[{"href":"https:\/\/www.add-associes.com\/es\/wp-json\/wp\/v2\/pages"}],"about":[{"href":"https:\/\/www.add-associes.com\/es\/wp-json\/wp\/v2\/types\/page"}],"author":[{"embeddable":true,"href":"https:\/\/www.add-associes.com\/es\/wp-json\/wp\/v2\/users\/2"}],"replies":[{"embeddable":true,"href":"https:\/\/www.add-associes.com\/es\/wp-json\/wp\/v2\/comments?post=4288"}],"version-history":[{"count":0,"href":"https:\/\/www.add-associes.com\/es\/wp-json\/wp\/v2\/pages\/4288\/revisions"}],"up":[{"embeddable":true,"href":"https:\/\/www.add-associes.com\/es\/wp-json\/wp\/v2\/pages\/4265"}],"wp:attachment":[{"href":"https:\/\/www.add-associes.com\/es\/wp-json\/wp\/v2\/media?parent=4288"}],"curies":[{"name":"wp","href":"https:\/\/api.w.org\/{rel}","templated":true}]}}