{"id":4307,"date":"2023-07-20T08:50:51","date_gmt":"2023-07-20T06:50:51","guid":{"rendered":"https:\/\/www.add-associes.com\/se-ha-puesto-en-contacto-con-usted-un-genealogista-de-add-associes\/ventajas-y-garantias\/"},"modified":"2025-01-15T10:33:23","modified_gmt":"2025-01-15T09:33:23","slug":"ventajas-y-garantias","status":"publish","type":"page","link":"https:\/\/www.add-associes.com\/es\/se-ha-puesto-en-contacto-con-usted-un-genealogista-de-add-associes\/ventajas-y-garantias\/","title":{"rendered":"Sus ventajas y garant\u00edas"},"content":{"rendered":"\n<div class=\"wp-block-group is-style-container\"><div class=\"wp-block-group__inner-container is-layout-constrained wp-block-group-is-layout-constrained\">\n<div class=\"wp-block-columns is-layout-flex wp-container-core-columns-is-layout-9d6595d7 wp-block-columns-is-layout-flex\">\n<div class=\"wp-block-column is-layout-flow wp-block-column-is-layout-flow\">\n<h2 class=\"wp-block-heading\"><strong>\u00bfPor qu\u00e9 elegir ADD ASSOCIES?<\/strong> <\/h2>\n\n\n\n<p>Es la garant\u00eda de beneficiar de una eficacia y de una experiencia reconocidas por miles de clientes nuestros, ya sea prescriptores o herederos, que conf\u00edan en nosotros a\u00f1o tras a\u00f1o.&nbsp;&nbsp;<\/p>\n\n\n\n<ul class=\"wp-block-list\">\n<li>200 profesionales en derecho y genealog\u00eda sucesoria\u00a0\u00a0<\/li>\n\n\n\n<li>Capacidad para investigaciones <a href=\"https:\/\/www.add-associes.com\/es\/encuentre-su-oficina\/\">nacionales<\/a> e <a href=\"https:\/\/www.add-associes.com\/es\/encuentre-su-oficina\/?region=international\">internacionales<\/a>&nbsp;&nbsp;<\/li>\n\n\n\n<li>Herramientas digitales innovadoras para una mayor rapidez y fiabilidad&nbsp;&nbsp;&nbsp;<\/li>\n\n\n\n<li>Metodolog\u00edas probadas y certificadas&nbsp;&nbsp;<\/li>\n<\/ul>\n\n\n\n<p>Se trata de que le acompa\u00f1e un equipo comprometido, disponible para responder a sus preguntas, durante todo el proceso de la sucesi\u00f3n, y reactivo.&nbsp;<\/p>\n\n\n\n<ul class=\"wp-block-list\">\n<li>Interlocutores espec\u00edficos e identificados, disponibles para responder en el m\u00e1s breve plazo.&nbsp;&nbsp;&nbsp;<\/li>\n<\/ul>\n\n\n\n<ul class=\"wp-block-list\">\n<li>Un equipo internacional interno de genealogistas que hablan 15 idiomas, lo que permite acompa\u00f1ar lo mejor posible a un p\u00fablico internacional, que no habla franc\u00e9s.&nbsp;<\/li>\n<\/ul>\n\n\n\n<p>Tambi\u00e9n se trata de la serenidad de poderse apoyar en un grupo s\u00f3lido para el que confianza, seguridad y \u00e9tica son el centro de sus valores.&nbsp;&nbsp;<\/p>\n\n\n\n<ul class=\"wp-block-list\">\n<li>Miembros de las instancias profesionales francesas <a href=\"https:\/\/genealogistes-france.org\/\">(Genealogistas de Francia<\/a>) e internacionales (<a href=\"https:\/\/iappr.org\/fr\/\">IAPPR<\/a>).&nbsp;<\/li>\n\n\n\n<li>Para m\u00e1s informaci\u00f3n, consulte el c\u00f3digo \u00e9tico y la carta deontol\u00f3gica de los Genealogistas de Francia.&nbsp;<\/li>\n<\/ul>\n\n\n\n<p>Como genealogistas profesionales, todas nuestras misiones est\u00e1n reguladas por un poder y un contrato de revelaci\u00f3n que precisa el marco de nuestra acci\u00f3n y explica, en total transparencia, nuestros honorarios.&nbsp;<\/p>\n<\/div>\n<\/div>\n<\/div><\/div>\n\n\n\n<div class=\"wp-block-group is-style-container has-light-background-color has-background\"><div class=\"wp-block-group__inner-container is-layout-constrained wp-block-group-is-layout-constrained\">\n<div class=\"wp-block-columns is-layout-flex wp-container-core-columns-is-layout-9d6595d7 wp-block-columns-is-layout-flex\">\n<div class=\"wp-block-column is-layout-flow wp-block-column-is-layout-flow\">\n<h2 class=\"wp-block-heading\">Protegido por altas garant\u00edas&nbsp;&nbsp;<\/h2>\n\n\n\n<ul class=\"wp-block-list\">\n<li>Fondos de los clientes protegidos y depositados en la Caisse des D\u00e9p\u00f4ts et Consignation&nbsp;&nbsp;<\/li>\n\n\n\n<li>Garant\u00eda financiera adaptada a la tesorer\u00eda&nbsp;&nbsp;<\/li>\n\n\n\n<li>Responsabilidad civil profesional&nbsp;&nbsp;<\/li>\n\n\n\n<li>Control anual por KPMG de la representaci\u00f3n de los fondos de los clientes.&nbsp;<\/li>\n<\/ul>\n<\/div>\n<\/div>\n\n\n\n<div class=\"wp-block-buttons is-content-justification-center is-layout-flex wp-container-core-buttons-is-layout-16018d1d wp-block-buttons-is-layout-flex\">\n<div class=\"wp-block-button is-style-fill\"><a class=\"wp-block-button__link wp-element-button\" href=\"https:\/\/www.add-associes.com\/es\/acerca-de-add-associes\/\">Para m\u00e1s informaci\u00f3n sobre ADD Associ\u00e9s&nbsp;<\/a><\/div>\n<\/div>\n<\/div><\/div>\n","protected":false},"excerpt":{"rendered":"<p>\u00bfPor qu\u00e9 elegir ADD ASSOCIES? Es la garant\u00eda de beneficiar de una eficacia y de una experiencia reconocidas por miles de clientes nuestros, ya sea prescriptores o herederos, que conf\u00edan en nosotros a\u00f1o tras a\u00f1o.&nbsp;&nbsp; Se trata de que le acompa\u00f1e un equipo comprometido, disponible para responder a sus preguntas, durante todo el proceso de [&hellip;]<\/p>\n","protected":false},"author":2,"featured_media":0,"parent":4265,"menu_order":0,"comment_status":"closed","ping_status":"closed","template":"","meta":{"_acf_changed":true,"footnotes":""},"class_list":["post-4307","page","type-page","status-publish","hentry"],"acf":[],"_links":{"self":[{"href":"https:\/\/www.add-associes.com\/es\/wp-json\/wp\/v2\/pages\/4307","targetHints":{"allow":["GET"]}}],"collection":[{"href":"https:\/\/www.add-associes.com\/es\/wp-json\/wp\/v2\/pages"}],"about":[{"href":"https:\/\/www.add-associes.com\/es\/wp-json\/wp\/v2\/types\/page"}],"author":[{"embeddable":true,"href":"https:\/\/www.add-associes.com\/es\/wp-json\/wp\/v2\/users\/2"}],"replies":[{"embeddable":true,"href":"https:\/\/www.add-associes.com\/es\/wp-json\/wp\/v2\/comments?post=4307"}],"version-history":[{"count":0,"href":"https:\/\/www.add-associes.com\/es\/wp-json\/wp\/v2\/pages\/4307\/revisions"}],"up":[{"embeddable":true,"href":"https:\/\/www.add-associes.com\/es\/wp-json\/wp\/v2\/pages\/4265"}],"wp:attachment":[{"href":"https:\/\/www.add-associes.com\/es\/wp-json\/wp\/v2\/media?parent=4307"}],"curies":[{"name":"wp","href":"https:\/\/api.w.org\/{rel}","templated":true}]}}