{"id":4324,"date":"2023-09-01T15:50:24","date_gmt":"2023-09-01T13:50:24","guid":{"rendered":"https:\/\/www.add-associes.com\/informacion-juridica\/"},"modified":"2023-11-08T14:29:59","modified_gmt":"2023-11-08T13:29:59","slug":"informacion-juridica","status":"publish","type":"page","link":"https:\/\/www.add-associes.com\/es\/informacion-juridica\/","title":{"rendered":"Aviso legal"},"content":{"rendered":"\n<h3 class=\"wp-block-heading\">IInformaci\u00f3n del editor&nbsp;<\/h3>\n\n\n\n<p>Denominaci\u00f3n social: ETUDE GENEALOGIQUE ADD &amp; ASSOCIES&nbsp;<\/p>\n\n\n\n<p>Sede social: 4, avenue du Coq \u2013 75009 Par\u00eds&nbsp;<\/p>\n\n\n\n<p>N\u00famero de tel\u00e9fono: 01 44 94 91 91&nbsp;<\/p>\n\n\n\n<p>N\u00famero de fax: 01 44 94 91 92&nbsp;<\/p>\n\n\n\n<p>Contacto email: contact@add-associes.com\u00a0<\/p>\n\n\n\n<p>N\u00b0 IVA Intracomunitario: FR76 379427420&nbsp;<\/p>\n\n\n\n<p>N\u00famero RCS: 379427420&nbsp;<\/p>\n\n\n\n<p>Capital social: S.A.S. con un capital de 100.000 \u20ac&nbsp;<\/p>\n\n\n\n<h3 class=\"wp-block-heading\">&nbsp;<\/h3>\n\n\n\n<h3 class=\"wp-block-heading\">Informaci\u00f3n del dise\u00f1ador<\/h3>\n\n\n\n<p>Denominaci\u00f3n social: <a href=\"https:\/\/www.vigicorp.fr\/\">Vigicorp<\/a>&nbsp;<\/p>\n\n\n\n<p>Sede social: 49 quai \u00c9mile Cormerais, B\u00e2timent C. 44 800 Saint-Herblain.&nbsp;<\/p>\n\n\n\n<p>N\u00famero de tel\u00e9fono: 02 28 03 55 51&nbsp;<\/p>\n\n\n\n<h3 class=\"wp-block-heading\">Informaci\u00f3n sobre alojamiento<\/h3>\n\n\n\n<p>OVH  <\/p>\n\n\n\n<h3 class=\"wp-block-heading\">Ley francesa Inform\u00e1tica y Libertades<\/h3>\n\n\n\n<p><\/p>\n\n\n\n<p>Conforme al art\u00edculo 32 de la Ley francesa n\u00b0 78-17, le informamos de que datos de car\u00e1cter personal (registro civil, listas nominativas de censos de la poblaci\u00f3n, listas electorales, tablas de sucesiones y ausencias, tablas de registros de matr\u00edculas, anuncios de fallecimiento\u2026) son el objeto de un tratamiento automatizado por la Oficina de genealog\u00eda ADD &amp; Associ\u00e9s, para fines de b\u00fasqueda de herederos.&nbsp;<br>Los datos recabados est\u00e1n reservados a un uso estrictamente interno en la Oficina.&nbsp;<br>Conforme a las disposiciones de la Ley \u00abInform\u00e1tica y libertades\u00bb francesa (art\u00edculo 38 y siguientes), usted dispone de un derecho de acceso y de rectificaci\u00f3n de sus datos. Tambi\u00e9n puede oponerse al tratamiento por motivos leg\u00edtimos.&nbsp;<\/p>\n\n\n\n<p>Para ejercer sus derechos, dir\u00edjase a:&nbsp;<\/p>\n\n\n\n<p>por correo a ADD &amp; Associ\u00e9s \u2013 M. Le D\u00e9l\u00e9gu\u00e9 \u00e0 la Protection des Donn\u00e9es \u2013 4, avenue du Coq 75009 Par\u00eds,&nbsp;&nbsp;<\/p>\n\n\n\n<p>o por email a: dpo-add@add-associes.com&nbsp;<\/p>\n\n\n\n<p>La Delegada para la Protecci\u00f3n de Datos para el Grupo ADD &amp; Associ\u00e9s es Do\u00f1a Aur\u00e9lie ROGER, 4, avenue du Coq, 75009 Par\u00eds.&nbsp;<\/p>\n","protected":false},"excerpt":{"rendered":"<p>IInformaci\u00f3n del editor&nbsp; Denominaci\u00f3n social: ETUDE GENEALOGIQUE ADD &amp; ASSOCIES&nbsp; Sede social: 4, avenue du Coq \u2013 75009 Par\u00eds&nbsp; N\u00famero de tel\u00e9fono: 01 44 94 91 91&nbsp; N\u00famero de fax: 01 44 94 91 92&nbsp; Contacto email: contact@add-associes.com\u00a0 N\u00b0 IVA Intracomunitario: FR76 379427420&nbsp; N\u00famero RCS: 379427420&nbsp; Capital social: S.A.S. con un capital de 100.000 \u20ac&nbsp; [&hellip;]<\/p>\n","protected":false},"author":10,"featured_media":0,"parent":0,"menu_order":0,"comment_status":"closed","ping_status":"closed","template":"","meta":{"_acf_changed":false,"footnotes":""},"class_list":["post-4324","page","type-page","status-publish","hentry"],"acf":[],"_links":{"self":[{"href":"https:\/\/www.add-associes.com\/es\/wp-json\/wp\/v2\/pages\/4324","targetHints":{"allow":["GET"]}}],"collection":[{"href":"https:\/\/www.add-associes.com\/es\/wp-json\/wp\/v2\/pages"}],"about":[{"href":"https:\/\/www.add-associes.com\/es\/wp-json\/wp\/v2\/types\/page"}],"author":[{"embeddable":true,"href":"https:\/\/www.add-associes.com\/es\/wp-json\/wp\/v2\/users\/10"}],"replies":[{"embeddable":true,"href":"https:\/\/www.add-associes.com\/es\/wp-json\/wp\/v2\/comments?post=4324"}],"version-history":[{"count":0,"href":"https:\/\/www.add-associes.com\/es\/wp-json\/wp\/v2\/pages\/4324\/revisions"}],"wp:attachment":[{"href":"https:\/\/www.add-associes.com\/es\/wp-json\/wp\/v2\/media?parent=4324"}],"curies":[{"name":"wp","href":"https:\/\/api.w.org\/{rel}","templated":true}]}}