{"id":4345,"date":"2023-08-23T11:56:53","date_gmt":"2023-08-23T09:56:53","guid":{"rendered":"https:\/\/www.add-associes.com\/patrocinio-de-add-associes\/"},"modified":"2025-10-21T11:21:09","modified_gmt":"2025-10-21T09:21:09","slug":"patrocinio-de-add-associes","status":"publish","type":"page","link":"https:\/\/www.add-associes.com\/es\/patrocinio-de-add-associes\/","title":{"rendered":"El mecenazgo de ADD Associ\u00e9s"},"content":{"rendered":"\n<div class=\"wp-block-group is-style-container has-white-background-color has-background\"><div class=\"wp-block-group__inner-container is-layout-constrained wp-block-group-is-layout-constrained\">\n<div class=\"wp-block-columns is-layout-flex wp-container-core-columns-is-layout-9d6595d7 wp-block-columns-is-layout-flex\">\n<div class=\"wp-block-column is-layout-flow wp-block-column-is-layout-flow\">\n<h2 class=\"wp-block-heading has-text-align-center\">La Asociaci\u00f3n Petits Princes<\/h2>\n\n\n\n<blockquote class=\"wp-block-quote is-layout-flow wp-block-quote-is-layout-flow\">\n<div class=\"wp-block-media-text alignwide is-stacked-on-mobile\"><figure class=\"wp-block-media-text__media\"><img loading=\"lazy\" decoding=\"async\" width=\"293\" height=\"376\" src=\"https:\/\/www.add-associes.com\/wp-content\/uploads\/2023\/08\/association-petits-pricnes.jpg\" alt=\"M\u00e9c\u00e9nat Add Associ\u00e9s, asociaci\u00f3n Petits Princes\" class=\"wp-image-1175 size-full\" srcset=\"https:\/\/www.add-associes.com\/wp-content\/uploads\/2023\/08\/association-petits-pricnes.jpg 293w, https:\/\/www.add-associes.com\/wp-content\/uploads\/2023\/08\/association-petits-pricnes-234x300.jpg 234w\" sizes=\"auto, (max-width: 293px) 100vw, 293px\" \/><\/figure><div class=\"wp-block-media-text__content\">\n<p><a href=\"https:\/\/www.petitsprinces.com\/\">La Asociaci\u00f3n Petits Princes<\/a> cumple los sue\u00f1os de ni\u00f1os y adolescentes enfermos de gravedad. As\u00ed, el ni\u00f1o recupera una energ\u00eda adicional para luchar contra la enfermedad.&nbsp;<\/p>\n\n\n\n<p>Desde 1987, se han cumplido 10.000 sue\u00f1os y cada d\u00eda se cumple un sue\u00f1o de ni\u00f1o m\u00e1s.\u00a0<\/p>\n\n\n\n<p><\/p>\n<\/div><\/div>\n<\/blockquote>\n\n\n\n<p>Desde 2003, acogemos la Asociaci\u00f3n Petits Princes en nuestro stand durante el Congreso de los Notarios. Cada visita al stand se convierte en euros que se abonan integralmente a la asociaci\u00f3n. Este congreso tambi\u00e9n brinda la oportunidad a la asociaci\u00f3n de darse a conocer mejor acerca de los notarios.&nbsp;<\/p>\n\n\n\n<p>Desde hace 3 a\u00f1os, los colaboradores de ADD lucen los colores de la Asociaci\u00f3n Petits Princes durante la carrera \u00abCourse des H\u00e9ros\u00bb.&nbsp;<\/p>\n\n\n\n<p><\/p>\n\n\n\n<figure class=\"wp-block-embed is-type-video is-provider-youtube wp-block-embed-youtube wp-embed-aspect-16-9 wp-has-aspect-ratio\"><div class=\"wp-block-embed__wrapper\">\n<iframe loading=\"lazy\" title=\"ADD ASSOCIE\u0301S &amp; ASSOCIATION PETITS PRINCES\" width=\"500\" height=\"281\" src=\"https:\/\/www.youtube.com\/embed\/zkVWgMSypxo?feature=oembed&#038;enablejsapi=1\" frameborder=\"0\" allow=\"accelerometer; autoplay; clipboard-write; encrypted-media; gyroscope; picture-in-picture; web-share\" referrerpolicy=\"strict-origin-when-cross-origin\" allowfullscreen><\/iframe>\n<\/div><\/figure>\n\n\n\n<div class=\"wp-block-buttons is-content-justification-center is-layout-flex wp-container-core-buttons-is-layout-16018d1d wp-block-buttons-is-layout-flex\">\n<div class=\"wp-block-button\"><a class=\"wp-block-button__link wp-element-button\" href=\"https:\/\/www.petitsprinces.com\/\" target=\"_blank\" rel=\"noreferrer noopener\">Descubrir la asociaci\u00f3n Petits Princes<\/a><\/div>\n<\/div>\n<\/div>\n<\/div>\n<\/div><\/div>\n\n\n\n<div class=\"wp-block-group is-style-container has-white-background-color has-background\"><div class=\"wp-block-group__inner-container is-layout-constrained wp-block-group-is-layout-constrained\">\n<div class=\"wp-block-columns is-layout-flex wp-container-core-columns-is-layout-9d6595d7 wp-block-columns-is-layout-flex\">\n<div class=\"wp-block-column is-layout-flow wp-block-column-is-layout-flow\">\n<h2 class=\"wp-block-heading has-text-align-center\">La Asociaci\u00f3n ASEDEME<\/h2>\n\n\n\n<div class=\"wp-block-media-text alignwide is-stacked-on-mobile is-vertically-aligned-center\"><figure class=\"wp-block-media-text__media\"><img loading=\"lazy\" decoding=\"async\" width=\"1024\" height=\"631\" src=\"https:\/\/www.add-associes.com\/wp-content\/uploads\/2023\/09\/Asedeme-1024x631.png\" alt=\"Asedeme patrocinio a\u00f1adir asociados\" class=\"wp-image-2293 size-full\" srcset=\"https:\/\/www.add-associes.com\/wp-content\/uploads\/2023\/09\/Asedeme-1024x631.png 1024w, https:\/\/www.add-associes.com\/wp-content\/uploads\/2023\/09\/Asedeme-300x185.png 300w, https:\/\/www.add-associes.com\/wp-content\/uploads\/2023\/09\/Asedeme-768x473.png 768w, https:\/\/www.add-associes.com\/wp-content\/uploads\/2023\/09\/Asedeme-662x408.png 662w, https:\/\/www.add-associes.com\/wp-content\/uploads\/2023\/09\/Asedeme-1218x750.png 1218w, https:\/\/www.add-associes.com\/wp-content\/uploads\/2023\/09\/Asedeme.png 1414w\" sizes=\"auto, (max-width: 1024px) 100vw, 1024px\" \/><\/figure><div class=\"wp-block-media-text__content\">\n<p>Desde 2003, ADD tambi\u00e9n apoya <a href=\"https:\/\/asedeme.org\/\">ASEDEME<\/a> (Asociaci\u00f3n senegalesa para la protecci\u00f3n de los ni\u00f1os con discapacidad intelectual) que trabaja para destacar la problem\u00e1tica de la discapacidad intelectual en Senegal. Christophe Aubrun, uno de los fundadores de ADD, es su secretario general desde 2010 y dedica su tiempo y su energ\u00eda al desarrollo de esta asociaci\u00f3n.<\/p>\n<\/div><\/div>\n\n\n\n<p><em>Cr\u00e9dito foto: Audyssey Prod y Alun Be<\/em><\/p>\n\n\n\n<p><\/p>\n\n\n\n<p>Dotada del estatuto de ONG, desde 2009, y reconocida de utilidad p\u00fablica desde 2017, ASEDEME promueve la atenci\u00f3n de los ni\u00f1os a trav\u00e9s de la creaci\u00f3n de institutos m\u00e9dico-educativos llamados Centros Aminata Mbaye (Dakar 2003, Saint-Louis 2008) destinados a la reeducaci\u00f3n, escolarizaci\u00f3n y socializaci\u00f3n de los ni\u00f1os con discapacidad intelectual. Se atienden a 200 ni\u00f1os y j\u00f3venes adultos cada a\u00f1o.&nbsp;&nbsp;<\/p>\n\n\n\n<p>Dar visibilidad a estos ni\u00f1os requiere educadores especializados, ofrecerles un marco adaptado y socializaci\u00f3n a trav\u00e9s de la preparaci\u00f3n para un futuro oficio. Esta es la lucha de ASEDEME.&nbsp;<\/p>\n<\/div>\n<\/div>\n\n\n\n<div class=\"wp-block-buttons is-content-justification-center is-layout-flex wp-container-core-buttons-is-layout-16018d1d wp-block-buttons-is-layout-flex\">\n<div class=\"wp-block-button\"><a class=\"wp-block-button__link wp-element-button\" href=\"https:\/\/asedeme.org\/\" target=\"_blank\" rel=\"noreferrer noopener\">Descubrir la asociaci\u00f3n ASEDEME<\/a><\/div>\n<\/div>\n<\/div><\/div>\n","protected":false},"excerpt":{"rendered":"<p>La Asociaci\u00f3n Petits Princes La Asociaci\u00f3n Petits Princes cumple los sue\u00f1os de ni\u00f1os y adolescentes enfermos de gravedad. As\u00ed, el ni\u00f1o recupera una energ\u00eda adicional para luchar contra la enfermedad.&nbsp; Desde 1987, se han cumplido 10.000 sue\u00f1os y cada d\u00eda se cumple un sue\u00f1o de ni\u00f1o m\u00e1s.\u00a0 Desde 2003, acogemos la Asociaci\u00f3n Petits Princes en [&hellip;]<\/p>\n","protected":false},"author":8,"featured_media":0,"parent":0,"menu_order":0,"comment_status":"closed","ping_status":"closed","template":"","meta":{"_acf_changed":false,"footnotes":""},"class_list":["post-4345","page","type-page","status-publish","hentry"],"acf":[],"_links":{"self":[{"href":"https:\/\/www.add-associes.com\/es\/wp-json\/wp\/v2\/pages\/4345","targetHints":{"allow":["GET"]}}],"collection":[{"href":"https:\/\/www.add-associes.com\/es\/wp-json\/wp\/v2\/pages"}],"about":[{"href":"https:\/\/www.add-associes.com\/es\/wp-json\/wp\/v2\/types\/page"}],"author":[{"embeddable":true,"href":"https:\/\/www.add-associes.com\/es\/wp-json\/wp\/v2\/users\/8"}],"replies":[{"embeddable":true,"href":"https:\/\/www.add-associes.com\/es\/wp-json\/wp\/v2\/comments?post=4345"}],"version-history":[{"count":0,"href":"https:\/\/www.add-associes.com\/es\/wp-json\/wp\/v2\/pages\/4345\/revisions"}],"wp:attachment":[{"href":"https:\/\/www.add-associes.com\/es\/wp-json\/wp\/v2\/media?parent=4345"}],"curies":[{"name":"wp","href":"https:\/\/api.w.org\/{rel}","templated":true}]}}