{"id":4485,"date":"2023-07-20T09:00:56","date_gmt":"2023-07-20T07:00:56","guid":{"rendered":"https:\/\/www.add-associes.com\/socio-internacional\/"},"modified":"2026-02-03T17:02:29","modified_gmt":"2026-02-03T16:02:29","slug":"socio-internacional","status":"publish","type":"page","link":"https:\/\/www.add-associes.com\/es\/socio-internacional\/","title":{"rendered":"Partner internacional"},"content":{"rendered":"\n<div class=\"wp-block-group is-style-container\"><div class=\"wp-block-group__inner-container is-layout-constrained wp-block-group-is-layout-constrained\">\n<p>M\u00e1s de 36 a\u00f1os despu\u00e9s, gracias a +250 colaboradores, 46 oficinas en el mundo y una inversi\u00f3n masiva en las nuevas tecnolog\u00edas, hemos creado y desarrollado:&nbsp;<\/p>\n\n\n\n<ul class=\"wp-block-list\">\n<li><strong>Un equipo internacional interno,<\/strong> formado por 15 personas que hablan 17 idiomas (alem\u00e1n, ingl\u00e9s, espa\u00f1ol, gallego, franc\u00e9s, italiano, griego, moldavo, portugu\u00e9s, persa, polaco, rumano, ruso, serbo-croata) y que, m\u00e1s all\u00e1 de una red de corresponsales por el mundo, dispone de la singularidad de desplazarse en persona por el mundo entero para encontrar los herederos.&nbsp;<\/li>\n\n\n\n<li><strong><a href=\"https:\/\/www.add-associes.com\/es\/encuentre-su-oficina\/?region=international\">10 oficinas en el extranjero<\/a><\/strong>: Alemania \/ Argentina \/ Austria \/ Espa\u00f1a \/ Italia \/ Marruecos \/ Polonia \/ Portugal y Vietnam.<\/li>\n\n\n\n<li><strong>Nuestra propia base de datos ADD DATA<\/strong> para optimizar nuestras investigaciones y completar las p\u00e1ginas web de genealog\u00eda. Ya contiene m\u00e1s de 500 millones de datos indexados y se va ampliando d\u00eda tras d\u00eda.&nbsp;<\/li>\n\n\n\n<li>Se ha dejado de usar la \u00e1rbol geneal\u00f3gico en papel en beneficio de un <strong>programa de genealog\u00eda (TGD)<\/strong> \u00fanico que permite elaborar nuestras tablas geneal\u00f3gicas, cualquiera que sea el lugar donde nos encontremos (incluso sin conexi\u00f3n), trabajar en equipo, de forma simult\u00e1nea, y compartir el resultado de nuestras investigaciones en tiempo real.&nbsp;<\/li>\n<\/ul>\n\n\n\n<p>Gracias a una experiencia reconocida por numerosos prescriptores extranjeros (abogados, administradores, especialistas en bienes o cuentas vacantes, etc.), pero tambi\u00e9n por nuestros colegas extranjeros repartidos por todos los continentes, que subcontratan sus investigaciones a nuestros equipos, en la actualidad somos una de las principales referencias mundiales en materia de <a href=\"https:\/\/www.add-associes.com\/es\/servicios\/busqueda-de-herederos\/\">b\u00fasqueda de herederos<\/a>.&nbsp;<\/p>\n<\/div><\/div>\n\n\n\n<div class=\"wp-block-group is-style-container has-light-background-color has-background\"><div class=\"wp-block-group__inner-container is-layout-constrained wp-block-group-is-layout-constrained\">\n<h2 class=\"wp-block-heading\">Conf\u00ede en genealogistas que a\u00fanan profesionalidad y \u00e9tica<\/h2>\n\n\n\n<p><a href=\"https:\/\/www.add-associes.com\/es\/nuestros-compromisos-y-tarifas\/\">Nuestros compromisos deontol\u00f3gicos y \u00e9ticos<\/a>, a trav\u00e9s de las federaciones profesionales de las que somos miembros,<a href=\"https:\/\/genealogistes-france.org\/\"> Genealogistas de Francia<\/a> y el <a href=\"https:\/\/www.iappr.org\/fr\/\">IAPPR<\/a>, nos obligan en particular a:&nbsp;<\/p>\n\n\n\n<ul class=\"wp-block-list\">\n<li>Recibir los fondos de los clientes en una cuenta de terceros en la Caisse des D\u00e9p\u00f4ts et Consignations que garantiza la seguridad de los fondos de los clientes y su diferenciaci\u00f3n de las cuentas de funcionamiento de nuestro Grupo.&nbsp;<\/li>\n<\/ul>\n\n\n\n<ul class=\"wp-block-list\">\n<li>Suscribir un contrato de seguro de Responsabilidad Civil Profesional (MMA IARD N\u00b0127120688)&nbsp;<\/li>\n\n\n\n<li>Suscribir una garant\u00eda financiera (con AMLIN INSURANCE SE N\u00b02018PFC002)&nbsp;<\/li>\n\n\n\n<li>Hacer que KPMG lleve a cabo cada a\u00f1o una auditor\u00eda, en particular para comprobar que los fondos de herederos est\u00e1n bien representados.&nbsp;<\/li>\n<\/ul>\n<\/div><\/div>\n\n\n\n<div class=\"wp-block-group is-style-container\"><div class=\"wp-block-group__inner-container is-layout-constrained wp-block-group-is-layout-constrained\">\n<h2 class=\"wp-block-heading\"><strong>Un\u2019eccellenza riconosciuta a livello internazionale<\/strong><\/h2>\n\n\n\n<figure class=\"wp-block-gallery has-nested-images columns-default is-cropped wp-block-gallery-1 is-layout-flex wp-block-gallery-is-layout-flex\">\n<figure class=\"wp-block-image size-large\"><img loading=\"lazy\" decoding=\"async\" width=\"800\" height=\"450\" data-id=\"14152\" src=\"https:\/\/www.add-associes.com\/wp-content\/uploads\/2026\/01\/Probate-Industry-awards-2025-Probates25_International-probate-research-firm-of-the-year.jpeg\" alt=\"\" class=\"wp-image-14152\" srcset=\"https:\/\/www.add-associes.com\/wp-content\/uploads\/2026\/01\/Probate-Industry-awards-2025-Probates25_International-probate-research-firm-of-the-year.jpeg 800w, https:\/\/www.add-associes.com\/wp-content\/uploads\/2026\/01\/Probate-Industry-awards-2025-Probates25_International-probate-research-firm-of-the-year-300x169.jpeg 300w, https:\/\/www.add-associes.com\/wp-content\/uploads\/2026\/01\/Probate-Industry-awards-2025-Probates25_International-probate-research-firm-of-the-year-768x432.jpeg 768w, https:\/\/www.add-associes.com\/wp-content\/uploads\/2026\/01\/Probate-Industry-awards-2025-Probates25_International-probate-research-firm-of-the-year-662x372.jpeg 662w\" sizes=\"auto, (max-width: 800px) 100vw, 800px\" \/><\/figure>\n\n\n\n<figure class=\"wp-block-image size-large\"><img loading=\"lazy\" decoding=\"async\" width=\"1024\" height=\"576\" data-id=\"14156\" src=\"https:\/\/www.add-associes.com\/wp-content\/uploads\/2026\/01\/Remise-du-trophe-Best-International-Probate-Research-Firm-of-the-Year-ADD-Associes-1024x576.webp\" alt=\"\" class=\"wp-image-14156\" srcset=\"https:\/\/www.add-associes.com\/wp-content\/uploads\/2026\/01\/Remise-du-trophe-Best-International-Probate-Research-Firm-of-the-Year-ADD-Associes-1024x576.webp 1024w, https:\/\/www.add-associes.com\/wp-content\/uploads\/2026\/01\/Remise-du-trophe-Best-International-Probate-Research-Firm-of-the-Year-ADD-Associes-300x169.webp 300w, https:\/\/www.add-associes.com\/wp-content\/uploads\/2026\/01\/Remise-du-trophe-Best-International-Probate-Research-Firm-of-the-Year-ADD-Associes-768x432.webp 768w, https:\/\/www.add-associes.com\/wp-content\/uploads\/2026\/01\/Remise-du-trophe-Best-International-Probate-Research-Firm-of-the-Year-ADD-Associes-1536x864.webp 1536w, https:\/\/www.add-associes.com\/wp-content\/uploads\/2026\/01\/Remise-du-trophe-Best-International-Probate-Research-Firm-of-the-Year-ADD-Associes-662x372.webp 662w, https:\/\/www.add-associes.com\/wp-content\/uploads\/2026\/01\/Remise-du-trophe-Best-International-Probate-Research-Firm-of-the-Year-ADD-Associes-1333x750.webp 1333w, https:\/\/www.add-associes.com\/wp-content\/uploads\/2026\/01\/Remise-du-trophe-Best-International-Probate-Research-Firm-of-the-Year-ADD-Associes.webp 1920w\" sizes=\"auto, (max-width: 1024px) 100vw, 1024px\" \/><\/figure>\n<\/figure>\n\n\n\n<div style=\"height:50px\" aria-hidden=\"true\" class=\"wp-block-spacer\"><\/div>\n\n\n\n<p>ADD Associ\u00e9s&nbsp;\u00e8 stata premiata come&nbsp;<strong>Best International Probate Research Firm of the Year<\/strong>&nbsp;ai&nbsp;<strong>Probate Industry Awards 2025<\/strong>.<\/p>\n\n\n\n<p>Questo riconoscimento internazionale premia l\u2019esperienza del gruppo ADD nel campo della genealogia successoria, e pi\u00f9 in particolare la sua capacit\u00e0 di condurre indagini complesse in un contesto internazionale. Valorizza il lavoro collettivo dei nostri team, la strutturazione della nostra organizzazione a livello globale, nonch\u00e9 le risorse umane e tecnologiche messe al servizio dei nostri partner e clienti.<\/p>\n\n\n\n<p>Questo premio rappresenta un\u2019ulteriore garanzia per i professionisti che si affidano a noi per pratiche a dimensione internazionale, confermando l\u2019affidabilit\u00e0, il rigore e la professionalit\u00e0 dei nostri metodi di ricerca.<\/p>\n<\/div><\/div>\n\n\n\n<div class=\"wp-block-group is-style-container\"><div class=\"wp-block-group__inner-container is-layout-constrained wp-block-group-is-layout-constrained\">\n<h2 class=\"wp-block-heading\">\u00danase a la red de nuestros partners y clientes&nbsp;<\/h2>\n\n\n\n<ul class=\"wp-block-list\">\n<li>Una direcci\u00f3n de contacto \u00fanica:\u202f<a href=\"mailto:international@add-associes.com\">international@add-associes.com<\/a>&nbsp;&nbsp;<\/li>\n\n\n\n<li>Un interlocutor \u00fanico para el seguimiento de sus expedientes&nbsp;<\/li>\n\n\n\n<li>Un equipo espec\u00edfico, reactivo, con una alta sensibilidad intercultural a du disposici\u00f3n.&nbsp;<\/li>\n<\/ul>\n<\/div><\/div>\n\n\n\n<p><\/p>\n","protected":false},"excerpt":{"rendered":"<p>M\u00e1s de 36 a\u00f1os despu\u00e9s, gracias a +250 colaboradores, 46 oficinas en el mundo y una inversi\u00f3n masiva en las nuevas tecnolog\u00edas, hemos creado y desarrollado:&nbsp; Gracias a una experiencia reconocida por numerosos prescriptores extranjeros (abogados, administradores, especialistas en bienes o cuentas vacantes, etc.), pero tambi\u00e9n por nuestros colegas extranjeros repartidos por todos los continentes, [&hellip;]<\/p>\n","protected":false},"author":2,"featured_media":0,"parent":0,"menu_order":0,"comment_status":"closed","ping_status":"closed","template":"","meta":{"_acf_changed":false,"footnotes":""},"class_list":["post-4485","page","type-page","status-publish","hentry"],"acf":[],"_links":{"self":[{"href":"https:\/\/www.add-associes.com\/es\/wp-json\/wp\/v2\/pages\/4485","targetHints":{"allow":["GET"]}}],"collection":[{"href":"https:\/\/www.add-associes.com\/es\/wp-json\/wp\/v2\/pages"}],"about":[{"href":"https:\/\/www.add-associes.com\/es\/wp-json\/wp\/v2\/types\/page"}],"author":[{"embeddable":true,"href":"https:\/\/www.add-associes.com\/es\/wp-json\/wp\/v2\/users\/2"}],"replies":[{"embeddable":true,"href":"https:\/\/www.add-associes.com\/es\/wp-json\/wp\/v2\/comments?post=4485"}],"version-history":[{"count":0,"href":"https:\/\/www.add-associes.com\/es\/wp-json\/wp\/v2\/pages\/4485\/revisions"}],"wp:attachment":[{"href":"https:\/\/www.add-associes.com\/es\/wp-json\/wp\/v2\/media?parent=4485"}],"curies":[{"name":"wp","href":"https:\/\/api.w.org\/{rel}","templated":true}]}}