{"id":6104,"date":"2023-07-05T10:05:06","date_gmt":"2023-07-05T08:05:06","guid":{"rendered":"https:\/\/www.add-associes.com\/politica-de-privacidad\/"},"modified":"2023-10-26T12:28:29","modified_gmt":"2023-10-26T10:28:29","slug":"politica-de-privacidad","status":"publish","type":"page","link":"https:\/\/www.add-associes.com\/es\/politica-de-privacidad\/","title":{"rendered":"Pol\u00edtica de confidencialidad"},"content":{"rendered":"\n<p>El Reglamento (UE) 2016\/679 del Parlamento Europeo y del Consejo del 27 de abril de 2016 relativo a la protecci\u00f3n de las personas f\u00edsicas con respecto al tratamiento de los datos de car\u00e1cter personal y a la libre circulaci\u00f3n estos datos, tambi\u00e9n llamado Reglamento General sobre la Protecci\u00f3n de Datos (denominado en lo sucesivo RGPD) define el marco jur\u00eddico aplicable al tratamiento de los datos de car\u00e1cter personal.&nbsp;<\/p>\n\n\n\n<p>El RGPD refuerza los derechos y obligaciones de los responsables del tratamiento, subcontratistas, personas involucradas y destinatarios de los datos.&nbsp;<\/p>\n\n\n\n<p>En el marco de sus actividades, ADD &amp; Associ\u00e9s puede tener que tratar datos personales de sus clientes y futuros clientes.&nbsp;<\/p>\n\n\n\n<p>Para que se entienda correctamente esta pol\u00edtica, queda precisado que:&nbsp;<\/p>\n\n\n\n<ul class=\"wp-block-list\">\n<li>El \u00abresponsable del tratamiento\u00bb: hace referencia a ADD &amp; Associ\u00e9s;&nbsp;<\/li>\n\n\n\n<li>El \u00absubcontratista\u00bb: hace referencia a cualquier persona f\u00edsica o jur\u00eddica que trate datos de car\u00e1cter personal por cuenta de ADD &amp; Associ\u00e9s;&nbsp;<\/li>\n\n\n\n<li>Las \u00abpersonas involucradas\u00bb: hace referencia a los herederos y\/o futuros herederos hallados por ADD &amp; Associ\u00e9s;&nbsp;<\/li>\n\n\n\n<li>Los \u00abdestinatarios\u00bb: hace referencia a personas f\u00edsicas o jur\u00eddicas que reciben datos de car\u00e1cter personal por parte de ADD &amp; Associ\u00e9s; Los destinatarios de datos pueden ser empleados de ADD &amp; Associ\u00e9s, as\u00ed como organizaciones externas (patners, bancos, proveedores de servicios inform\u00e1ticos, etc.)&nbsp;<\/li>\n<\/ul>\n\n\n\n<p>El art\u00edculo 12 del RGPD exige que las personas interesadas sean informadas de sus derechos de forma concisa, transparente, comprensible y de f\u00e1cil acceso.<\/p>\n\n\n\n<div class=\"wp-block-buttons is-content-justification-center is-layout-flex wp-container-core-buttons-is-layout-16018d1d wp-block-buttons-is-layout-flex\">\n<div class=\"wp-block-button\"><a class=\"wp-block-button__link wp-element-button\" href=\"https:\/\/www.add-associes.com\/wp-content\/uploads\/2023\/09\/POLITIQUE-DE-PROTECTION-DONNEES-ADD.pdf\" target=\"_blank\" rel=\"noreferrer noopener\">DESCARGUE NUESTRA POL\u00cdTICA DE CONFIDENCIALIDAD<\/a><\/div>\n<\/div>\n","protected":false},"excerpt":{"rendered":"<p>El Reglamento (UE) 2016\/679 del Parlamento Europeo y del Consejo del 27 de abril de 2016 relativo a la protecci\u00f3n de las personas f\u00edsicas con respecto al tratamiento de los datos de car\u00e1cter personal y a la libre circulaci\u00f3n estos datos, tambi\u00e9n llamado Reglamento General sobre la Protecci\u00f3n de Datos (denominado en lo sucesivo RGPD) [&hellip;]<\/p>\n","protected":false},"author":1,"featured_media":0,"parent":0,"menu_order":0,"comment_status":"closed","ping_status":"closed","template":"","meta":{"_acf_changed":false,"footnotes":""},"class_list":["post-6104","page","type-page","status-publish","hentry"],"acf":[],"_links":{"self":[{"href":"https:\/\/www.add-associes.com\/es\/wp-json\/wp\/v2\/pages\/6104","targetHints":{"allow":["GET"]}}],"collection":[{"href":"https:\/\/www.add-associes.com\/es\/wp-json\/wp\/v2\/pages"}],"about":[{"href":"https:\/\/www.add-associes.com\/es\/wp-json\/wp\/v2\/types\/page"}],"author":[{"embeddable":true,"href":"https:\/\/www.add-associes.com\/es\/wp-json\/wp\/v2\/users\/1"}],"replies":[{"embeddable":true,"href":"https:\/\/www.add-associes.com\/es\/wp-json\/wp\/v2\/comments?post=6104"}],"version-history":[{"count":0,"href":"https:\/\/www.add-associes.com\/es\/wp-json\/wp\/v2\/pages\/6104\/revisions"}],"wp:attachment":[{"href":"https:\/\/www.add-associes.com\/es\/wp-json\/wp\/v2\/media?parent=6104"}],"curies":[{"name":"wp","href":"https:\/\/api.w.org\/{rel}","templated":true}]}}