{"id":4318,"date":"2023-09-01T15:50:24","date_gmt":"2023-09-01T13:50:24","guid":{"rendered":"https:\/\/www.add-associes.com\/informazioni-legali\/"},"modified":"2023-11-08T14:29:35","modified_gmt":"2023-11-08T13:29:35","slug":"informazioni-legali","status":"publish","type":"page","link":"https:\/\/www.add-associes.com\/it\/informazioni-legali\/","title":{"rendered":"Note legali"},"content":{"rendered":"\n<p><\/p>\n\n\n\n<h3 class=\"wp-block-heading\">Informazioni sull&#8217;editore&nbsp;<\/h3>\n\n\n\n<p>Ragione sociale: ETUDE GENEALOGIQUE ADD &amp; ASSOCIES&nbsp;<\/p>\n\n\n\n<p>Sede legale: 4, avenue du Coq \u2013 F-75009 Paris&nbsp;<\/p>\n\n\n\n<p>Numero di telefono: +33 (0)1 44 94 91 91&nbsp;<\/p>\n\n\n\n<p>Numero di fax: +33 (0)1 44 94 91 92&nbsp;<\/p>\n\n\n\n<p>Email: contact@add-associes.com&nbsp;<\/p>\n\n\n\n<p>N\u00b0 IVA intracomunitaria: FR76 379427420&nbsp;<\/p>\n\n\n\n<p>Numero RCS: 379427420&nbsp;<\/p>\n\n\n\n<p>Capitale sociale: SAS dal capitale di 100.000 \u20ac&nbsp;<\/p>\n\n\n\n<h3 class=\"wp-block-heading\">&nbsp;<\/h3>\n\n\n\n<h3 class=\"wp-block-heading\">Informazioni sul Webdesigner&nbsp;<\/h3>\n\n\n\n<p>Ragione sociale: Vigicorp&nbsp;<\/p>\n\n\n\n<p>Sede legale: 49 quai \u00c9mile Cormerais, B\u00e2timent C. F-44 800 Saint-Herblain.&nbsp;<\/p>\n\n\n\n<p>Numero di telefono: +33 (0)2 28 03 55 51&nbsp;<\/p>\n\n\n\n<p><\/p>\n\n\n\n<h3 class=\"wp-block-heading\">Informazioni Hosting&nbsp;<\/h3>\n\n\n\n<p>OVH  <\/p>\n\n\n\n<h3 class=\"wp-block-heading\">Legge francese sulla privacy &#8220;Informatique et libert\u00e9s&#8221;&nbsp;<\/h3>\n\n\n\n<p><\/p>\n\n\n\n<p>Conformemente all&#8217;articolo 32 della legge francese n\u00b0 78-17, informiamo gli utenti che i dati personali (stato civile, elenchi nominativi di censimento della popolazione, liste elettorali, tavole delle successioni e assenze, tavole dei registri matricole, avvisi di decesso, ecc.) sono oggetto di un trattamento automatizzato da parte dell&#8217;Etude g\u00e9n\u00e9alogique ADD &amp; Associ\u00e9s a scopi di ricerca di eredi.&nbsp;<br>I dati raccolti sono riservati a un uso strettamente interno allo Studio.&nbsp;<br>Conformemente alle disposizioni della legge francese &#8220;Informatique et Libert\u00e9s&#8221; (art. 38 e successivi), l&#8217;utente gode del diritto di accesso e rettifica dei dati che lo riguardano. L&#8217;utente pu\u00f2 anche opporsi al trattamento per motivi legittimi.&nbsp;<\/p>\n\n\n\n<p>Per esercitare questi diritti, l\u2019utente dovr\u00e0 scrivere:&nbsp;<\/p>\n\n\n\n<p>una lettera a ADD &amp; Associ\u00e9s \u2013 M. Le D\u00e9l\u00e9gu\u00e9 \u00e0 la Protection des Donn\u00e9es \u2013 F- 4, avenue du Coq 75009 Paris,&nbsp;&nbsp;<\/p>\n\n\n\n<p>o un&#8217;email a dpo-add@add-associes.com\u00a0<\/p>\n\n\n\n<p>Il Responsabile della protezione dei dati del gruppo ADD Associ\u00e9s \u00e8 Aur\u00e9lie ROGER, 4, avenue du Coq, F-75009 Paris.&nbsp;<\/p>\n","protected":false},"excerpt":{"rendered":"<p>Informazioni sull&#8217;editore&nbsp; Ragione sociale: ETUDE GENEALOGIQUE ADD &amp; ASSOCIES&nbsp; Sede legale: 4, avenue du Coq \u2013 F-75009 Paris&nbsp; Numero di telefono: +33 (0)1 44 94 91 91&nbsp; Numero di fax: +33 (0)1 44 94 91 92&nbsp; Email: contact@add-associes.com&nbsp; N\u00b0 IVA intracomunitaria: FR76 379427420&nbsp; Numero RCS: 379427420&nbsp; Capitale sociale: SAS dal capitale di 100.000 \u20ac&nbsp; &nbsp; [&hellip;]<\/p>\n","protected":false},"author":10,"featured_media":0,"parent":0,"menu_order":0,"comment_status":"closed","ping_status":"closed","template":"","meta":{"_acf_changed":false,"footnotes":""},"class_list":["post-4318","page","type-page","status-publish","hentry"],"acf":[],"_links":{"self":[{"href":"https:\/\/www.add-associes.com\/it\/wp-json\/wp\/v2\/pages\/4318","targetHints":{"allow":["GET"]}}],"collection":[{"href":"https:\/\/www.add-associes.com\/it\/wp-json\/wp\/v2\/pages"}],"about":[{"href":"https:\/\/www.add-associes.com\/it\/wp-json\/wp\/v2\/types\/page"}],"author":[{"embeddable":true,"href":"https:\/\/www.add-associes.com\/it\/wp-json\/wp\/v2\/users\/10"}],"replies":[{"embeddable":true,"href":"https:\/\/www.add-associes.com\/it\/wp-json\/wp\/v2\/comments?post=4318"}],"version-history":[{"count":0,"href":"https:\/\/www.add-associes.com\/it\/wp-json\/wp\/v2\/pages\/4318\/revisions"}],"wp:attachment":[{"href":"https:\/\/www.add-associes.com\/it\/wp-json\/wp\/v2\/media?parent=4318"}],"curies":[{"name":"wp","href":"https:\/\/api.w.org\/{rel}","templated":true}]}}