{"id":4340,"date":"2023-08-23T11:56:53","date_gmt":"2023-08-23T09:56:53","guid":{"rendered":"https:\/\/www.add-associes.com\/sponsorizzazione-add-associes\/"},"modified":"2025-10-21T11:20:38","modified_gmt":"2025-10-21T09:20:38","slug":"sponsorizzazione-add-associes","status":"publish","type":"page","link":"https:\/\/www.add-associes.com\/it\/sponsorizzazione-add-associes\/","title":{"rendered":"Il patrocinio ADD Associ\u00e9s\u00a0"},"content":{"rendered":"\n<div class=\"wp-block-group is-style-container has-white-background-color has-background\"><div class=\"wp-block-group__inner-container is-layout-constrained wp-block-group-is-layout-constrained\">\n<div class=\"wp-block-columns is-layout-flex wp-container-core-columns-is-layout-9d6595d7 wp-block-columns-is-layout-flex\">\n<div class=\"wp-block-column is-layout-flow wp-block-column-is-layout-flow\">\n<h2 class=\"wp-block-heading has-text-align-center\">L&#8217;Associazione Petits Princes&nbsp;<\/h2>\n\n\n\n<blockquote class=\"wp-block-quote is-layout-flow wp-block-quote-is-layout-flow\">\n<div class=\"wp-block-media-text alignwide is-stacked-on-mobile\"><figure class=\"wp-block-media-text__media\"><img loading=\"lazy\" decoding=\"async\" width=\"293\" height=\"376\" src=\"https:\/\/www.add-associes.com\/wp-content\/uploads\/2023\/08\/association-petits-pricnes.jpg\" alt=\"M\u00e9c\u00e9nat Add Associ\u00e9s, associazione Petits Princes\" class=\"wp-image-1175 size-full\" srcset=\"https:\/\/www.add-associes.com\/wp-content\/uploads\/2023\/08\/association-petits-pricnes.jpg 293w, https:\/\/www.add-associes.com\/wp-content\/uploads\/2023\/08\/association-petits-pricnes-234x300.jpg 234w\" sizes=\"auto, (max-width: 293px) 100vw, 293px\" \/><\/figure><div class=\"wp-block-media-text__content\">\n<p><a href=\"https:\/\/www.petitsprinces.com\/\">L&#8217;Associazione Petits Princes<\/a> realizza i sogni di bambini e adolescenti gravemente malati. Il bambino ritrova cos\u00ec l&#8217;energia supplementare per lottare contro la malattia.&nbsp;<\/p>\n\n\n\n<p>Dal 1987 sono stati realizzati <strong>10.000 sogni <\/strong>e <strong>ogni giorno<\/strong> viene esaudito il sogno di un bambino.\u00a0<\/p>\n\n\n\n<p><\/p>\n<\/div><\/div>\n<\/blockquote>\n\n\n\n<p><\/p>\n\n\n\n<p>Dal 2003 accogliamo l&#8217;Associazione Petits Princes presso il nostro stand in occasione del Congresso dei Notai. Ogni visita allo stand \u00e8 convertita in euro che sono integralmente versati all&#8217;associazione. Questo congresso \u00e8 anche l&#8217;occasione per l&#8217;associazione di farsi conoscere meglio tra i notai.&nbsp;<\/p>\n\n\n\n<p>Da 3 anni i collaboratori ADD vestono i colori dell&#8217;Associazione Petits Princes in occasione della Course des H\u00e9ros (Corsa degli eroi).&nbsp;<\/p>\n\n\n\n<p><\/p>\n\n\n\n<figure class=\"wp-block-embed is-type-video is-provider-youtube wp-block-embed-youtube wp-embed-aspect-16-9 wp-has-aspect-ratio\"><div class=\"wp-block-embed__wrapper\">\n<iframe loading=\"lazy\" title=\"ADD ASSOCIE\u0301S &amp; ASSOCIATION PETITS PRINCES\" width=\"500\" height=\"281\" src=\"https:\/\/www.youtube.com\/embed\/zkVWgMSypxo?feature=oembed&#038;enablejsapi=1\" frameborder=\"0\" allow=\"accelerometer; autoplay; clipboard-write; encrypted-media; gyroscope; picture-in-picture; web-share\" referrerpolicy=\"strict-origin-when-cross-origin\" allowfullscreen><\/iframe>\n<\/div><\/figure>\n\n\n\n<div class=\"wp-block-buttons is-content-justification-center is-layout-flex wp-container-core-buttons-is-layout-16018d1d wp-block-buttons-is-layout-flex\">\n<div class=\"wp-block-button\"><a class=\"wp-block-button__link wp-element-button\" href=\"https:\/\/www.petitsprinces.com\/\" target=\"_blank\" rel=\"noreferrer noopener\">Scopri l&#8217;Associazione Petits Princes&nbsp;<\/a><\/div>\n<\/div>\n<\/div>\n<\/div>\n<\/div><\/div>\n\n\n\n<div class=\"wp-block-group is-style-container has-white-background-color has-background\"><div class=\"wp-block-group__inner-container is-layout-constrained wp-block-group-is-layout-constrained\">\n<div class=\"wp-block-columns is-layout-flex wp-container-core-columns-is-layout-9d6595d7 wp-block-columns-is-layout-flex\">\n<div class=\"wp-block-column is-layout-flow wp-block-column-is-layout-flow\">\n<h2 class=\"wp-block-heading has-text-align-center\">L&#8217;Associazione ASEDEME<\/h2>\n\n\n\n<div class=\"wp-block-media-text alignwide is-stacked-on-mobile is-vertically-aligned-center\"><figure class=\"wp-block-media-text__media\"><img loading=\"lazy\" decoding=\"async\" width=\"1024\" height=\"631\" src=\"https:\/\/www.add-associes.com\/wp-content\/uploads\/2023\/09\/Asedeme-1024x631.png\" alt=\"Il patronato Asedeme aggiunge gli associati\" class=\"wp-image-2293 size-full\" srcset=\"https:\/\/www.add-associes.com\/wp-content\/uploads\/2023\/09\/Asedeme-1024x631.png 1024w, https:\/\/www.add-associes.com\/wp-content\/uploads\/2023\/09\/Asedeme-300x185.png 300w, https:\/\/www.add-associes.com\/wp-content\/uploads\/2023\/09\/Asedeme-768x473.png 768w, https:\/\/www.add-associes.com\/wp-content\/uploads\/2023\/09\/Asedeme-662x408.png 662w, https:\/\/www.add-associes.com\/wp-content\/uploads\/2023\/09\/Asedeme-1218x750.png 1218w, https:\/\/www.add-associes.com\/wp-content\/uploads\/2023\/09\/Asedeme.png 1414w\" sizes=\"auto, (max-width: 1024px) 100vw, 1024px\" \/><\/figure><div class=\"wp-block-media-text__content\">\n<p>Dal 2003 ADD sostiene anche <a href=\"https:\/\/asedeme.org\/\">ASEDEME <\/a>(Associazione senegalese per la protezione dei bambini con disabilit\u00e0 mentali) che opera per mettere in evidenza la problematica della disabilit\u00e0 intellettiva in Senegal. Christophe Aubrun, uno dei fondatori di ADD, ne \u00e8 il segretario generale dal 2010 e dedica il suo tempo e le sue energie allo sviluppo di questa associazione.&nbsp;<\/p>\n<\/div><\/div>\n\n\n\n<p><em>Credit fotografico: Audyssey Prod e Alun Be<\/em>&nbsp;<\/p>\n\n\n\n<p><\/p>\n\n\n\n<p>Con uno statuto di ONG dal 2009 e dal 2017 riconosciuta come associazione di utilit\u00e0 pubblica, ASEDEME promuove la cura di bambini attraverso la creazione di istituti medico-educativi denominati Centres Aminata Mbaye (Dakar 2003, Saint-Louis 2008) che hanno per vocazione la rieducazione, la scolarizzazione e la socializzazione di bambini con disabilit\u00e0 intellettive. Duecento bambini e giovani adulti vengono presi in carico ogni anno.&nbsp;&nbsp;<\/p>\n\n\n\n<p>Far uscire dall&#8217;ombra questi bambini con esigenze educative speciali, offrire loro un contesto adatto e proporre loro una socializzazione attraverso la preparazione a una professione futura, questa \u00e8 la lotta condotta da ASEDEME.&nbsp;<\/p>\n<\/div>\n<\/div>\n\n\n\n<div class=\"wp-block-buttons is-content-justification-center is-layout-flex wp-container-core-buttons-is-layout-16018d1d wp-block-buttons-is-layout-flex\">\n<div class=\"wp-block-button\"><a class=\"wp-block-button__link wp-element-button\" href=\"https:\/\/asedeme.org\/\" target=\"_blank\" rel=\"noreferrer noopener\">Scopri l&#8217;associazione ASEDEME<\/a><\/div>\n<\/div>\n<\/div><\/div>\n","protected":false},"excerpt":{"rendered":"<p>L&#8217;Associazione Petits Princes&nbsp; L&#8217;Associazione Petits Princes realizza i sogni di bambini e adolescenti gravemente malati. Il bambino ritrova cos\u00ec l&#8217;energia supplementare per lottare contro la malattia.&nbsp; Dal 1987 sono stati realizzati 10.000 sogni e ogni giorno viene esaudito il sogno di un bambino.\u00a0 Dal 2003 accogliamo l&#8217;Associazione Petits Princes presso il nostro stand in occasione [&hellip;]<\/p>\n","protected":false},"author":8,"featured_media":0,"parent":0,"menu_order":0,"comment_status":"closed","ping_status":"closed","template":"","meta":{"_acf_changed":false,"footnotes":""},"class_list":["post-4340","page","type-page","status-publish","hentry"],"acf":[],"_links":{"self":[{"href":"https:\/\/www.add-associes.com\/it\/wp-json\/wp\/v2\/pages\/4340","targetHints":{"allow":["GET"]}}],"collection":[{"href":"https:\/\/www.add-associes.com\/it\/wp-json\/wp\/v2\/pages"}],"about":[{"href":"https:\/\/www.add-associes.com\/it\/wp-json\/wp\/v2\/types\/page"}],"author":[{"embeddable":true,"href":"https:\/\/www.add-associes.com\/it\/wp-json\/wp\/v2\/users\/8"}],"replies":[{"embeddable":true,"href":"https:\/\/www.add-associes.com\/it\/wp-json\/wp\/v2\/comments?post=4340"}],"version-history":[{"count":0,"href":"https:\/\/www.add-associes.com\/it\/wp-json\/wp\/v2\/pages\/4340\/revisions"}],"wp:attachment":[{"href":"https:\/\/www.add-associes.com\/it\/wp-json\/wp\/v2\/media?parent=4340"}],"curies":[{"name":"wp","href":"https:\/\/api.w.org\/{rel}","templated":true}]}}