{"id":4448,"date":"2023-08-23T11:37:36","date_gmt":"2023-08-23T09:37:36","guid":{"rendered":"https:\/\/www.add-associes.com\/i-nostri-impegni-e-le-nostre-tariffe\/"},"modified":"2026-04-02T14:53:37","modified_gmt":"2026-04-02T12:53:37","slug":"i-nostri-impegni-e-le-nostre-tariffe","status":"publish","type":"page","link":"https:\/\/www.add-associes.com\/it\/i-nostri-impegni-e-le-nostre-tariffe\/","title":{"rendered":"I nostri impegni e onorari\u00a0"},"content":{"rendered":"\n<div class=\"wp-block-group is-style-container has-white-background-color has-background\"><div class=\"wp-block-group__inner-container is-layout-constrained wp-block-group-is-layout-constrained\">\n<div class=\"wp-block-columns is-layout-flex wp-container-core-columns-is-layout-9d6595d7 wp-block-columns-is-layout-flex\">\n<div class=\"wp-block-column is-layout-flow wp-block-column-is-layout-flow\">\n<h2 class=\"wp-block-heading\">I nostri impegni al servizio dell&#8217;efficienza e della qualit\u00e0&nbsp;<\/h2>\n\n\n\n<p>Ci impegniamo a utilizzare le risorse umane e le tecnologie migliori per fornire reattivit\u00e0 nelle ricerche genealogiche, una qualit\u00e0 relazionale elevata e tempistiche pi\u00f9 ridotte possibili.&nbsp;<\/p>\n\n\n\n<h3 class=\"wp-block-heading\">Competenze e rigore&nbsp;<\/h3>\n\n\n\n<ul class=\"wp-block-list\">\n<li>Oltre 250 appassionati,&nbsp;<\/li>\n\n\n\n<li>Profili esperti e complementari: genealogisti successori, giuristi ricercatori, storici, esperti in filiazione ed esperti in archivi internazionali,<\/li>\n\n\n\n<li>Competenze giuridiche e nella fiscalit\u00e0 delle successioni.&nbsp;<\/li>\n<\/ul>\n\n\n\n<h3 class=\"wp-block-heading\">Prossimit\u00e0 e velocit\u00e0  <\/h3>\n\n\n\n<ul class=\"wp-block-list\">\n<li><a href=\"https:\/\/www.add-associes.com\/it\/trova-il-tuo-ufficio\/\" data-type=\"page\" data-id=\"4375\">36 uffici<\/a> in Francia e <a href=\"https:\/\/www.add-associes.com\/it\/trova-il-tuo-ufficio\/?region=international\">10 all&#8217;estero<\/a>,<\/li>\n\n\n\n<li>Un interlocutore unico dedicato e partecipe che ti accompagna dalla A alla Z,<\/li>\n\n\n\n<li>Grazie al nostro team internazionale di ricerca integrata, composto da esperti poliglotti, siamo in grado di effettuare ricerche genealogiche, ritrovare e incontrare eredi rapidamente nei 5 continenti.&nbsp;<\/li>\n<\/ul>\n\n\n\n<h3 class=\"wp-block-heading\">Eccellenza operativa e innovazione tecnologica&nbsp;&nbsp;<\/h3>\n\n\n\n<ul class=\"wp-block-list\">\n<li>ADD Data: data base genealogico esclusivo con oltre 500 milioni di dati digitalizzati e indicizzati&nbsp;&nbsp;<\/li>\n\n\n\n<li>Albero genealogico digitale (TGD)&nbsp;&nbsp;<\/li>\n\n\n\n<li>Firma elettronica dei documenti&nbsp;&nbsp;<\/li>\n\n\n\n<li>Metodi certificati ISO 9001 dal 2008&nbsp;<\/li>\n<\/ul>\n\n\n\n<div class=\"wp-block-buttons is-layout-flex wp-block-buttons-is-layout-flex\">\n<div class=\"wp-block-button\"><a class=\"wp-block-button__link wp-element-button\" href=\"https:\/\/www.add-associes.com\/it\/i-nostri-servizi\/\" target=\"_blank\" rel=\"noreferrer noopener\">SCOPRI LE NOSTRE PRESTAZIONI&nbsp;<\/a><\/div>\n<\/div>\n<\/div>\n<\/div>\n<\/div><\/div>\n\n\n\n<div class=\"wp-block-group is-style-container has-light-background-color has-background\"><div class=\"wp-block-group__inner-container is-layout-constrained wp-block-group-is-layout-constrained\">\n<div class=\"wp-block-columns is-layout-flex wp-container-core-columns-is-layout-9d6595d7 wp-block-columns-is-layout-flex\">\n<div class=\"wp-block-column is-layout-flow wp-block-column-is-layout-flow\">\n<h2 class=\"wp-block-heading\">I nostri onorari&nbsp;<\/h2>\n\n\n\n<p>Gli onorari del genealogista successorio ad ADD Associ\u00e9s sono calcolati in due modi diversi a seconda dei servizi proposti. Sono precisati preventivamente all&#8217;assunzione dell&#8217;impegno della prestazione, garantendo chiarezza e trasparenza ai nostri interlocutori.&nbsp;&nbsp;<\/p>\n\n\n\n<h3 class=\"wp-block-heading\">Onorari proporzionali&nbsp;<\/h3>\n\n\n\n<p>Gli onorari proporzionali sono calcolati sulla base di una percentuale della quota spettante all&#8217;erede. Questi onorari sono stabiliti dal contratto di rivelazione e dal contratto come giustificativo di diritti, firmato dall&#8217;erede. La giurisprudenza convalida dal 1866 il contratto di rivelazione sottoposto dal genealogista successorio agli eredi. L&#8217;onorario proporzionale varia a seconda del grado di parentela.&nbsp;<\/p>\n\n\n\n<p>Gli onorari proporzionali si applicano quando:&nbsp;<\/p>\n\n\n\n<ul class=\"wp-block-list\">\n<li>Le ricerche effettuate hanno portato a rivelare i suoi diritti a un erede o a un beneficiario di diritti;&nbsp;<\/li>\n\n\n\n<li>Le indagini condotte hanno permesso di giustificare i diritti successori di un erede o beneficiario di diritti.&nbsp;<\/li>\n<\/ul>\n\n\n\n<h3 class=\"wp-block-heading\">Onorari forfettari&nbsp;&nbsp;  <\/h3>\n\n\n\n<p>Si parla di onorari forfettari quando la remunerazione della prestazione fornita dal genealogista \u00e8 stabilita a forfait a seconda della difficolt\u00e0 e dell&#8217;importanza delle indagini intraprese. Si tiene anche conto del valore dell&#8217;attivo ereditario.&nbsp;<\/p>\n\n\n\n<p>Gli onorari forfettari si applicano quando le ricerche genealogiche condotte hanno permesso di <a href=\"https:\/\/www.add-associes.com\/it\/servizi\/verifica-della-devoluzione-di-uneredita\/\">confermare e convalidare una devoluzione successoria<\/a> in favore di eredi sconosciuti.&nbsp;&nbsp;<\/p>\n<\/div>\n<\/div>\n<\/div><\/div>\n\n\n\n<div class=\"wp-block-group is-style-container has-white-background-color has-background\"><div class=\"wp-block-group__inner-container is-layout-constrained wp-block-group-is-layout-constrained\">\n<div class=\"wp-block-columns is-layout-flex wp-container-core-columns-is-layout-9d6595d7 wp-block-columns-is-layout-flex\">\n<div class=\"wp-block-column is-layout-flow wp-block-column-is-layout-flow\">\n<div class=\"wp-block-columns is-layout-flex wp-container-core-columns-is-layout-9d6595d7 wp-block-columns-is-layout-flex\">\n<div class=\"wp-block-column is-layout-flow wp-block-column-is-layout-flow\">\n<h2 class=\"wp-block-heading\"><strong><strong>Deontologia, garanzie e certificazione: al centro del nostro DNA&nbsp;<\/strong><\/strong><\/h2>\n\n\n\n<p>Poich\u00e9 le questioni di successione e di eredit\u00e0 sono sia complesse sia sensibili, ADD Associ\u00e9s mette la fiducia e l&#8217;etica al centro del proprio approccio.&nbsp;<\/p>\n\n\n\n<ul class=\"wp-block-list\">\n<li>Partecipiamo attivamente alle istanze che agiscono per regolamentare la nostra professione, disciplinata essa stessa da una carta deontologica e un codice etico.&nbsp;&nbsp;<\/li>\n\n\n\n<li>Forniamo livelli di garanzia elevati, superiori agli standard richiesti.&nbsp;<\/li>\n\n\n\n<li>Facciamo convalidare i nostri metodi di lavoro da organismi certificatori.&nbsp;&nbsp;<\/li>\n<\/ul>\n\n\n\n<h3 class=\"wp-block-heading\">La genealogia successoria, una professione inquadrata&nbsp;&nbsp; <\/h3>\n\n\n\n<p>L&#8217;attivit\u00e0 di genealogia successoria \u00e8 inquadrata <a href=\"https:\/\/www.legifrance.gouv.fr\/loda\/article_lc\/LEGIARTI000006284870#:~:text=Hormis%20le%20cas%20des%20successions,mandat%20donn%C3%A9%20%C3%A0%20cette%20fin.\">dall&#8217;articolo 36 della legge (francese) n\u00b0 2006-728 del 23 giugno 2006<\/a> \u2013 legge che riguarda la riforma delle successioni e delle donazioni.&nbsp;<\/p>\n\n\n\n<p><em>&#8220;Salvo nel caso di successioni soggette al regime della vacanza o della giacenza, nessuno pu\u00f2 impegnarsi o contribuire alla ricerca di un erede in una successione aperta o di cui un attivo \u00e8 stato omesso durante la liquidazione della successione, a meno che non abbia un mandato conferito a tale scopo. Il mandato pu\u00f2 essere dato da qualsiasi persona abbia un interesse diretto e legittimo all&#8217;identificazione degli eredi o alla liquidazione della successione.&#8221;&nbsp;<\/em>&nbsp;<\/p>\n\n\n\n<p>I soci e i collaboratori di ADD Associ\u00e9s sono titolari di una carta professionale e beneficiano di autorizzazioni specifiche fornite dal Servizio Interministeriale degli Archivi di Francia e dal Procuratore della Repubblica (francese) del Tribunale Giudiziario di Parigi. Queste autorizzazioni ci permettono di consultare e ottenere una copia dello stato civile di meno di 75 anni.&nbsp;&nbsp;<\/p>\n<\/div>\n<\/div>\n\n\n\n<h3 class=\"wp-block-heading\">Garanzie solide per i nostri partner e clienti&nbsp;<\/h3>\n\n\n\n<p>Quando un genealogista interviene per certificare una devoluzione successoria, implica la sua responsabilit\u00e0 giuridica e finanziaria consegnando al notaio liquidatore un albero certificato attestante la devoluzione successoria o un&#8217;attestazione contenente le nostre conclusioni. I membri della Camera sindacale dei <a href=\"https:\/\/genealogistes-france.org\/\"><a href=\"https:\/\/genealogistes-france.org\/\">G\u00e9n\u00e9alogistes de France<\/a><\/a> sottoscrivono delle assicurazioni professionali che coprono la loro responsabilit\u00e0 civile.\u00a0<\/p>\n\n\n\n<p>ADD Associ\u00e9s ha completato questi dispositivi con degli elementi di garanzie complementari che costituiscono una protezione essenziale per ogni persona, sia che si tratti di un professionista sia di un erede.&nbsp;<\/p>\n\n\n\n<ul class=\"wp-block-list\">\n<li>Contratto di Assicurazione di Responsabilit\u00e0 Civile Professionale (MMA IARD N\u00b0127120688)&nbsp;<\/li>\n\n\n\n<li>Garanzia finanziaria (presso AMLIN INSURANCE SE N\u00b02018PFC002)&nbsp;<\/li>\n\n\n\n<li>Conto terzi sicuro presso la Caisse des D\u00e9p\u00f4ts et Consignations (Cassa depositi e prestiti)&nbsp;<\/li>\n\n\n\n<li>Audit annuale e indipendente da parte di KPMG&nbsp;<\/li>\n\n\n\n<li>Certificazione ISO 9001 dal 17 dicembre 2008.&nbsp;<\/li>\n<\/ul>\n\n\n\n<h3 class=\"wp-block-heading\">La deontologia al centro della nostra professione&nbsp;<\/h3>\n\n\n\n<p>ADD Associ\u00e9s contribuisce ampiamente a fare della genealogia successoria una professione che fornisce tutte le garanzie a coloro che ricorrono ai nostri servizi.&nbsp;<\/p>\n\n\n\n<p>Sin dalla sua creazione, ADD Associ\u00e9s ha fortemente contribuito alla regolamentazione e all&#8217;inquadramento della professione, in particolare sotto la guida di Antoine Djikpa, socio e oggi direttore generale del gruppo. \u00c8 anche stato eletto presidente onorario dei <a href=\"https:\/\/genealogistes-france.org\/\">G\u00e9n\u00e9alogistes de France<\/a>. Antoine Delabre ne \u00e8 attualmente vicepresidente.&nbsp;<\/p>\n\n\n\n<p>Tenuto conto delle sfide internazionali della professione, ADD Associ\u00e9s \u00e8 anche stato uno dei membri fondatori dell&#8217;associazione internazionale <a href=\"https:\/\/iappr.org\/fr\/\">IAPPR<\/a> (The International Association of Professional Probate Researchers, Genealogists &amp; Heir Hunters).&nbsp;<\/p>\n\n\n\n<h3 class=\"wp-block-heading\">Mediazione<\/h3>\n\n\n\n<p>Conformemente all&#8217;articolo R 612.1 del Codice del consumo francese, ogni consumatore ha il diritto di ricorrere gratuitamente a un mediatore del consumo in vista della risoluzione in via amichevole della controversia che lo oppone a un professionista.&nbsp;<\/p>\n\n\n\n<p>Il settore della genealogia professionale \u00e8 dotato di un mediatore del consumo volto a favorire una risoluzione in via amichevole delle controversie contrattuali quando queste riguardano l&#8217;esecuzione di un contratto o la fornitura di servizi. A tale titolo, l&#8217;Union des g\u00e9n\u00e9alogistes de France ha nominato la Sig.ra Pascale HEULARD come mediatrice, in sostituzione la Sig.ra Christiane MICAL , a decorrere dal 1\u00ba novembre 2025.<\/p>\n\n\n\n<p>Il mediatore ha il suo sito che contiene tutte le informazioni utili ai consumatori che desiderano interpellarlo e ai genealogisti professionisti che partecipano al processo di mediazione.&nbsp;<\/p>\n\n\n\n<p><a href=\"http:\/\/mediateurconso-genealogistesfrance.fr\/\">http:\/\/mediateurconso-genealogistesfrance.fr\/<\/a><\/p>\n<\/div>\n<\/div>\n<\/div><\/div>\n","protected":false},"excerpt":{"rendered":"<p>I nostri impegni al servizio dell&#8217;efficienza e della qualit\u00e0&nbsp; Ci impegniamo a utilizzare le risorse umane e le tecnologie migliori per fornire reattivit\u00e0 nelle ricerche genealogiche, una qualit\u00e0 relazionale elevata e tempistiche pi\u00f9 ridotte possibili.&nbsp; Competenze e rigore&nbsp; Prossimit\u00e0 e velocit\u00e0 Eccellenza operativa e innovazione tecnologica&nbsp;&nbsp; I nostri onorari&nbsp; Gli onorari del genealogista successorio ad [&hellip;]<\/p>\n","protected":false},"author":8,"featured_media":0,"parent":0,"menu_order":0,"comment_status":"closed","ping_status":"closed","template":"","meta":{"_acf_changed":false,"footnotes":""},"class_list":["post-4448","page","type-page","status-publish","hentry"],"acf":[],"_links":{"self":[{"href":"https:\/\/www.add-associes.com\/it\/wp-json\/wp\/v2\/pages\/4448","targetHints":{"allow":["GET"]}}],"collection":[{"href":"https:\/\/www.add-associes.com\/it\/wp-json\/wp\/v2\/pages"}],"about":[{"href":"https:\/\/www.add-associes.com\/it\/wp-json\/wp\/v2\/types\/page"}],"author":[{"embeddable":true,"href":"https:\/\/www.add-associes.com\/it\/wp-json\/wp\/v2\/users\/8"}],"replies":[{"embeddable":true,"href":"https:\/\/www.add-associes.com\/it\/wp-json\/wp\/v2\/comments?post=4448"}],"version-history":[{"count":0,"href":"https:\/\/www.add-associes.com\/it\/wp-json\/wp\/v2\/pages\/4448\/revisions"}],"wp:attachment":[{"href":"https:\/\/www.add-associes.com\/it\/wp-json\/wp\/v2\/media?parent=4448"}],"curies":[{"name":"wp","href":"https:\/\/api.w.org\/{rel}","templated":true}]}}