{"id":4481,"date":"2023-07-20T09:00:56","date_gmt":"2023-07-20T07:00:56","guid":{"rendered":"https:\/\/www.add-associes.com\/partner-internazionale\/"},"modified":"2026-02-03T17:02:57","modified_gmt":"2026-02-03T16:02:57","slug":"partner-internazionale","status":"publish","type":"page","link":"https:\/\/www.add-associes.com\/it\/partner-internazionale\/","title":{"rendered":"Partner internazionale\u00a0"},"content":{"rendered":"\n<div class=\"wp-block-group is-style-container\"><div class=\"wp-block-group__inner-container is-layout-constrained wp-block-group-is-layout-constrained\">\n<p>Pi\u00f9 di 36 anni dopo, con +250 collaboratori, 46 uffici nel mondo e un investimento importante nelle nuove tecnologie, abbiamo creato e sviluppato:&nbsp;<\/p>\n\n\n\n<ul class=\"wp-block-list\">\n<li><strong>Un team internazionale integrato, <\/strong>composto da 15 persone parlanti 17 lingue (tedesco, inglese, spagnolo, galiziano, francese, italiano, greco, moldavo, portoghese, polacco, rumeno, russo, serbo-croato) e che, al di l\u00e0 di una rete di corrispondenti attraverso il mondo, ha la particolarit\u00e0 di spostarsi ovunque per ritrovare autonomamente gli eredi.&nbsp;<\/li>\n\n\n\n<li><strong><a href=\"https:\/\/www.add-associes.com\/it\/trova-il-tuo-ufficio\/\" data-type=\"page\" data-id=\"4375\">10 uffici all&#8217;estero<\/a> <\/strong>: Argentina \/ Austria \/ Germania \/ Italia \/ Marocco \/ Polonia \/ Portogallo \/ Spagna e Vietnam.<\/li>\n\n\n\n<li><strong>Il nostro data base ADD DATA <\/strong>per ottimizzare le nostre ricerche e completare i siti internet di genealogia. Contiene gi\u00e0 pi\u00f9 di 500 milioni di dati indicizzati e viene arricchito ogni giorno.&nbsp;<\/li>\n<\/ul>\n\n\n\n<ul class=\"wp-block-list\">\n<li>Abbiamo abbandonato l&#8217;albero genealogico cartaceo in favore di un <strong>software di genealogia (TGD) <\/strong>unico, che permette di costruire gli alberi genealogici indipendentemente dal luogo in cui ci troviamo (anche senza connessione), di lavorare in team, simultaneamente, e di condividere il risultato delle nostre ricerche in tempo reale.&nbsp;<\/li>\n<\/ul>\n\n\n\n<p>Forti di un&#8217;esperienza riconosciuta da numerosi clienti stranieri (avvocati, amministratori, specialisti di beni e conti non rivendicati, ecc.), ma anche dai nostri colleghi stranieri ripartiti in tutti i continenti, che affidano ai nostri team le loro ricerche, siamo oggi uno dei principali riferimenti mondiali in materia <a href=\"https:\/\/www.add-associes.com\/it\/servizi\/ricerca-di-eredi\/\" data-type=\"prestation\" data-id=\"4544\">di ricerche di eredi.&nbsp;<\/a><\/p>\n<\/div><\/div>\n\n\n\n<div class=\"wp-block-group is-style-container has-light-background-color has-background\"><div class=\"wp-block-group__inner-container is-layout-constrained wp-block-group-is-layout-constrained\">\n<h2 class=\"wp-block-heading\">Riponi la tua fiducia in genealogisti che coniugano professionalit\u00e0 ed etica&nbsp;<\/h2>\n\n\n\n<p><a href=\"https:\/\/www.add-associes.com\/it\/i-nostri-impegni-e-le-nostre-tariffe\/\" data-type=\"page\" data-id=\"4448\">I nostri impegni deontologici ed etici <\/a>attraverso le federazioni professionali di cui facciamo parte <a href=\"https:\/\/genealogistes-france.org\/\">G\u00e9n\u00e9alogistes de France<\/a> e l&#8217;<a href=\"https:\/\/www.iappr.org\/fr\/\">IAPPR<\/a> ci obbligano in particolare a:&nbsp;<\/p>\n\n\n\n<ul class=\"wp-block-list\">\n<li>Ricevere fondi clienti su un conto di terzi presso la Caisse des D\u00e9p\u00f4ts et Consignations che garantisce la sicurezza dei fondi clienti e la loro distinzione dai conti di esercizio del Gruppo.&nbsp;<\/li>\n\n\n\n<li>Sottoscrivere un&#8217;assicurazione di Responsabilit\u00e0 Civile Professionale (MMA IARD N\u00b0127120688)&nbsp;<\/li>\n\n\n\n<li>Sottoscrivere una garanzia finanziaria (presso AMLIN INSURANCE SE N\u00b02018PFC002)&nbsp;<\/li>\n\n\n\n<li>Essere sottoposti ogni anno ad audit da KPMG per verificare in particolare che i fondi eredi siano rappresentati correttamente.&nbsp;<\/li>\n<\/ul>\n<\/div><\/div>\n\n\n\n<div class=\"wp-block-group is-style-container\"><div class=\"wp-block-group__inner-container is-layout-constrained wp-block-group-is-layout-constrained\">\n<h2 class=\"wp-block-heading\"><strong>Expertise reconhecida internacionalmente<\/strong><\/h2>\n\n\n\n<figure class=\"wp-block-gallery has-nested-images columns-default is-cropped wp-block-gallery-1 is-layout-flex wp-block-gallery-is-layout-flex\">\n<figure class=\"wp-block-image size-large\"><img loading=\"lazy\" decoding=\"async\" width=\"800\" height=\"450\" data-id=\"14152\" src=\"https:\/\/www.add-associes.com\/wp-content\/uploads\/2026\/01\/Probate-Industry-awards-2025-Probates25_International-probate-research-firm-of-the-year.jpeg\" alt=\"\" class=\"wp-image-14152\" srcset=\"https:\/\/www.add-associes.com\/wp-content\/uploads\/2026\/01\/Probate-Industry-awards-2025-Probates25_International-probate-research-firm-of-the-year.jpeg 800w, https:\/\/www.add-associes.com\/wp-content\/uploads\/2026\/01\/Probate-Industry-awards-2025-Probates25_International-probate-research-firm-of-the-year-300x169.jpeg 300w, https:\/\/www.add-associes.com\/wp-content\/uploads\/2026\/01\/Probate-Industry-awards-2025-Probates25_International-probate-research-firm-of-the-year-768x432.jpeg 768w, https:\/\/www.add-associes.com\/wp-content\/uploads\/2026\/01\/Probate-Industry-awards-2025-Probates25_International-probate-research-firm-of-the-year-662x372.jpeg 662w\" sizes=\"auto, (max-width: 800px) 100vw, 800px\" \/><\/figure>\n\n\n\n<figure class=\"wp-block-image size-large\"><img loading=\"lazy\" decoding=\"async\" width=\"1024\" height=\"576\" data-id=\"14156\" src=\"https:\/\/www.add-associes.com\/wp-content\/uploads\/2026\/01\/Remise-du-trophe-Best-International-Probate-Research-Firm-of-the-Year-ADD-Associes-1024x576.webp\" alt=\"\" class=\"wp-image-14156\" srcset=\"https:\/\/www.add-associes.com\/wp-content\/uploads\/2026\/01\/Remise-du-trophe-Best-International-Probate-Research-Firm-of-the-Year-ADD-Associes-1024x576.webp 1024w, https:\/\/www.add-associes.com\/wp-content\/uploads\/2026\/01\/Remise-du-trophe-Best-International-Probate-Research-Firm-of-the-Year-ADD-Associes-300x169.webp 300w, https:\/\/www.add-associes.com\/wp-content\/uploads\/2026\/01\/Remise-du-trophe-Best-International-Probate-Research-Firm-of-the-Year-ADD-Associes-768x432.webp 768w, https:\/\/www.add-associes.com\/wp-content\/uploads\/2026\/01\/Remise-du-trophe-Best-International-Probate-Research-Firm-of-the-Year-ADD-Associes-1536x864.webp 1536w, https:\/\/www.add-associes.com\/wp-content\/uploads\/2026\/01\/Remise-du-trophe-Best-International-Probate-Research-Firm-of-the-Year-ADD-Associes-662x372.webp 662w, https:\/\/www.add-associes.com\/wp-content\/uploads\/2026\/01\/Remise-du-trophe-Best-International-Probate-Research-Firm-of-the-Year-ADD-Associes-1333x750.webp 1333w, https:\/\/www.add-associes.com\/wp-content\/uploads\/2026\/01\/Remise-du-trophe-Best-International-Probate-Research-Firm-of-the-Year-ADD-Associes.webp 1920w\" sizes=\"auto, (max-width: 1024px) 100vw, 1024px\" \/><\/figure>\n<\/figure>\n\n\n\n<div style=\"height:50px\" aria-hidden=\"true\" class=\"wp-block-spacer\"><\/div>\n\n\n\n<p>ADD Associ\u00e9s&nbsp;foi eleita&nbsp;<strong>Best International Probate Research Firm of the Year<\/strong>&nbsp;no&nbsp;<strong>Probate Industry Awards 2025<\/strong>.<\/p>\n\n\n\n<p>Essa distin\u00e7\u00e3o internacional reconhece a expertise do grupo ADD em genealogia sucess\u00f3ria, especialmente sua capacidade de conduzir investiga\u00e7\u00f5es complexas em um contexto internacional. Ela destaca o trabalho coletivo de nossas equipes, a estrutura\u00e7\u00e3o da nossa organiza\u00e7\u00e3o em escala global, bem como os recursos humanos e tecnol\u00f3gicos colocados a servi\u00e7o de nossos parceiros e clientes.<\/p>\n\n\n\n<p>Este pr\u00eamio constitui um elemento adicional de seguran\u00e7a para os profissionais que recorrem a n\u00f3s em processos com dimens\u00e3o internacional, confirmando a confiabilidade, o rigor e o profissionalismo de nossos m\u00e9todos de pesquisa.<\/p>\n<\/div><\/div>\n\n\n\n<div class=\"wp-block-group is-style-container\"><div class=\"wp-block-group__inner-container is-layout-constrained wp-block-group-is-layout-constrained\">\n<h2 class=\"wp-block-heading\">Unisciti alla nostra rete di partner e clienti&nbsp;<\/h2>\n\n\n\n<ul class=\"wp-block-list\">\n<li>Un solo indirizzo di contatto: <a href=\"mailto:international@add-associes.com\">international@add-associes.com<\/a>&nbsp;&nbsp;<\/li>\n\n\n\n<li>Un interlocutore unico nel monitoraggio delle tue pratiche&nbsp;<\/li>\n\n\n\n<li>Un team dedicato, reattivo e forte della sua sensibilit\u00e0 interculturale al tuo ascolto.&nbsp;<\/li>\n<\/ul>\n<\/div><\/div>\n","protected":false},"excerpt":{"rendered":"<p>Pi\u00f9 di 36 anni dopo, con +250 collaboratori, 46 uffici nel mondo e un investimento importante nelle nuove tecnologie, abbiamo creato e sviluppato:&nbsp; Forti di un&#8217;esperienza riconosciuta da numerosi clienti stranieri (avvocati, amministratori, specialisti di beni e conti non rivendicati, ecc.), ma anche dai nostri colleghi stranieri ripartiti in tutti i continenti, che affidano ai [&hellip;]<\/p>\n","protected":false},"author":2,"featured_media":0,"parent":0,"menu_order":0,"comment_status":"closed","ping_status":"closed","template":"","meta":{"_acf_changed":false,"footnotes":""},"class_list":["post-4481","page","type-page","status-publish","hentry"],"acf":[],"_links":{"self":[{"href":"https:\/\/www.add-associes.com\/it\/wp-json\/wp\/v2\/pages\/4481","targetHints":{"allow":["GET"]}}],"collection":[{"href":"https:\/\/www.add-associes.com\/it\/wp-json\/wp\/v2\/pages"}],"about":[{"href":"https:\/\/www.add-associes.com\/it\/wp-json\/wp\/v2\/types\/page"}],"author":[{"embeddable":true,"href":"https:\/\/www.add-associes.com\/it\/wp-json\/wp\/v2\/users\/2"}],"replies":[{"embeddable":true,"href":"https:\/\/www.add-associes.com\/it\/wp-json\/wp\/v2\/comments?post=4481"}],"version-history":[{"count":0,"href":"https:\/\/www.add-associes.com\/it\/wp-json\/wp\/v2\/pages\/4481\/revisions"}],"wp:attachment":[{"href":"https:\/\/www.add-associes.com\/it\/wp-json\/wp\/v2\/media?parent=4481"}],"curies":[{"name":"wp","href":"https:\/\/api.w.org\/{rel}","templated":true}]}}