{"id":7167,"date":"2023-10-27T18:45:43","date_gmt":"2023-10-27T16:45:43","guid":{"rendered":"https:\/\/www.add-associes.com\/travailler-chez-addla-reference-de-la-genealogie-successorale\/"},"modified":"2025-09-23T14:22:43","modified_gmt":"2025-09-23T12:22:43","slug":"lavorare-da-add-associes","status":"publish","type":"page","link":"https:\/\/www.add-associes.com\/it\/lavorare-da-add-associes\/","title":{"rendered":"Lavorare da ADD Associ\u00e9s"},"content":{"rendered":"\n<p>Da ADD Associ\u00e9s, ogni collaboratore incarna e trasmette quotidianamente 4 valori:&nbsp;<\/p>\n\n\n\n<ul class=\"wp-block-list\">\n<li><strong>Eccellenza<\/strong>: \u200b\u200bassociare performance e qualit\u00e0 a servizio del cliente&nbsp;<\/li>\n\n\n\n<li><strong>Libert\u00e0<\/strong>: uscire dai sentieri battuti, condividere le competenze e autorizzarsi a innovare attraverso i nostri metodi e strumenti&nbsp;<\/li>\n\n\n\n<li><strong>Coraggio<\/strong>: liberarsi dai confronti e dai modelli per assumere la nostra identit\u00e0&nbsp;<\/li>\n\n\n\n<li><strong>Autenticit\u00e0<\/strong>: valorizzare i talenti di tutti&nbsp;<\/li>\n<\/ul>\n\n\n\n<p>Lavorare da ADD Associ\u00e9s significa riconoscere in questi valori l&#8217;essenza e il motore del nostro impegno quotidiano e operare per farla vivere collettivamente.&nbsp;<\/p>\n\n\n\n<p>Diffondiamo questi valori attraverso diversi progetti trasversali, che superano la professione di ognuno e che alimentano la vita quotidiana del Gruppo, a servizio della sua ambizione. Se desideri lavorare da ADD Associ\u00e9s, trasmetterai questi valori che ci animano comunemente. Ti ritrovi in questa mentalit\u00e0? Consulta <a href=\"https:\/\/www.add-associes.com\/espace-candidat\/\" data-type=\"URL\" data-id=\"https:\/\/www.add-associes.com\/espace-candidat\/\">le nostre offerte di lavoro in Francia<\/a> per le posizioni da genealogista, ma anche per tutte le altre posizioni connesse alla genealogia successoria.&nbsp;&nbsp;<\/p>\n\n\n\n<div class=\"wp-block-group has-light-background-color has-background\"><div class=\"wp-block-group__inner-container is-layout-constrained wp-block-group-is-layout-constrained\">\n<h2 class=\"wp-block-heading\"><strong><strong>Le convinzioni che ci animano<\/strong>&nbsp;<\/strong><\/h2>\n\n\n\n<h3 class=\"wp-block-heading\">L&#8217;uguaglianza uomo\/donna al centro della nostra professione<\/h3>\n\n\n\n<p>Essere genealogista successorio da ADD Associ\u00e9s significa integrare team che valorizzano ciascuno dei suoi membri per quello che apportano e non per quello che sono. Uomo o donna, &#8220;junior&#8221; o &#8220;senior&#8221;, ognuno trover\u00e0 il proprio posto e solcher\u00e0 la sua via, accompagnato con seriet\u00e0 ed empatia.&nbsp;<\/p>\n\n\n\n<p>DA ADD Associ\u00e9s, lo stipendio non \u00e8 n\u00e9 rosa n\u00e9 azzurro. Esiste un solo denominatore comune: la performance e l&#8217;impegno a servizio dei nostri clienti. Abbiamo ottenuto un voto di 99\/100 in occasione della prima pubblicazione dell&#8217;indice di parit\u00e0 professionale.&nbsp;<\/p>\n\n\n\n<p>Costruirai il tuo percorso professionale in ADD Associ\u00e9s appoggiandoti a manager e a un team delle Risorse Umane dedicato alla tua formazione e alle tue prospettive di evoluzione. Qualunque sia il tuo lavoro, genealogista successorio ricercatore, giurista, funzione di supporto, ci teniamo a lavorare con te e a farti vivere una collaborazione appagante e ricca.&nbsp;<\/p>\n\n\n\n<h3 class=\"wp-block-heading\">Sviluppare un equilibrio tra vita professionale e privata&nbsp;<\/h3>\n\n\n\n<p>Da ADD Associ\u00e9s siamo decisamente rivolti al digitale e valorizziamo l&#8217;autonomia e lo spirito di responsabilit\u00e0 dei nostri collaboratori.&nbsp;&nbsp;<\/p>\n\n\n\n<p>Una carta sullo smart working e degli strumenti portatili distribuiti a ognuno, anche nei servizi di supporto, ci permettono di rispondere alle richieste di agilit\u00e0 nell&#8217;organizzazione del tempo di lavoro. Se sei alla ricerca di flessibilit\u00e0 lavorativa, noi prendiamo in considerazione queste esigenze.&nbsp;&nbsp;<\/p>\n\n\n\n<p>Siamo collettivamente attenti affinch\u00e9 gli strumenti forniscano un sostegno efficace all&#8217;eccellenza operativa, garantendo al contempo il diritto alla disconnessione e all&#8217;equilibrio tra vita professionale e vita privata.&nbsp;<\/p>\n\n\n\n<h3 class=\"wp-block-heading\">Impegnati nella diversit\u00e0&nbsp;<\/h3>\n\n\n\n<p>I nostri team sono la nostra ricchezza e la diversit\u00e0 dei profili che selezioniamo non si limita a CV &#8220;lisci&#8221; e senza asperit\u00e0. Da ADD Associ\u00e9s siamo fieri di saper integrare lavoratori con disabilit\u00e0, come succede da numerosi anni.&nbsp;&nbsp;<\/p>\n\n\n\n<p>ADD Associ\u00e9s si distingue del resto dalla sua creazione dalla diversit\u00e0 dei profili dei suoi collaboratori, in particolare nel servizio delle Ricerche Internazionali.&nbsp;&nbsp;<\/p>\n\n\n\n<p>Valorizziamo l&#8217;apporto di ogni persona, indipendentemente dalle sue origini o particolarit\u00e0, al progetto collettivo e all&#8217;eccellenza del lavoro quotidiano.&nbsp;&nbsp;<\/p>\n<\/div><\/div>\n\n\n\n<div style=\"height:35px\" aria-hidden=\"true\" class=\"wp-block-spacer\"><\/div>\n\n\n\n<h2 class=\"wp-block-heading\">La tua evoluzione conta&nbsp;<\/h2>\n\n\n\n<p>Esistono alcune formazioni che abilitano alla professione per diventare genealogisti successori in Francia. Da ADD Associ\u00e9s, come prima cosa cerchiamo dei profili motivati, dinamici, con voglia di imparare. Il resto \u00e8 una storia che ci pregeremo di scrivere con te, integrandoti in un percorso formativo dedicato al tuo mestiere.&nbsp;<\/p>\n\n\n\n<p>A questa formazione iniziale si aggiungono delle sessioni regolari, sia all&#8217;interno sia con intervenienti esterni, per far corrispondere al meglio le tue competenze alle attese dei clienti (privati o professionisti), all&#8217;interno del tuo team.&nbsp;<\/p>\n\n\n\n<p>Da ADD Associ\u00e9s siamo anche felici di accogliere, nel corso dell&#8217;anno, stagisti che desiderano scoprire le varie componenti del mestiere del genealogista successorio (Ricerca e Liquidazione). Scopri le nostre offerte di stage o di lavoro con contratto a tempo indeterminato.&nbsp;&nbsp;<\/p>\n\n\n\n<div class=\"wp-block-buttons is-content-justification-center is-layout-flex wp-container-core-buttons-is-layout-16018d1d wp-block-buttons-is-layout-flex\">\n<div class=\"wp-block-button\"><a class=\"wp-block-button__link has-text-align-center wp-element-button\" href=\"https:\/\/www.add-associes.com\/espace-candidat\/\"><strong>Scopri le nostre offerte di lavoro in Franci<\/strong>A<\/a><\/div>\n<\/div>\n\n\n\n<div style=\"height:44px\" aria-hidden=\"true\" class=\"wp-block-spacer\"><\/div>\n\n\n<div class=\"wp-block-image\">\n<figure class=\"aligncenter size-full\"><img loading=\"lazy\" decoding=\"async\" width=\"951\" height=\"535\" src=\"https:\/\/www.add-associes.com\/wp-content\/uploads\/2025\/09\/Portraits-congres-ADD-2025.gif\" alt=\"\" class=\"wp-image-12901\" \/><\/figure>\n<\/div>","protected":false},"excerpt":{"rendered":"<p>Da ADD Associ\u00e9s, ogni collaboratore incarna e trasmette quotidianamente 4 valori:&nbsp; Lavorare da ADD Associ\u00e9s significa riconoscere in questi valori l&#8217;essenza e il motore del nostro impegno quotidiano e operare per farla vivere collettivamente.&nbsp; Diffondiamo questi valori attraverso diversi progetti trasversali, che superano la professione di ognuno e che alimentano la vita quotidiana del Gruppo, [&hellip;]<\/p>\n","protected":false},"author":8,"featured_media":0,"parent":0,"menu_order":0,"comment_status":"closed","ping_status":"closed","template":"","meta":{"_acf_changed":false,"footnotes":""},"class_list":["post-7167","page","type-page","status-publish","hentry"],"acf":[],"_links":{"self":[{"href":"https:\/\/www.add-associes.com\/it\/wp-json\/wp\/v2\/pages\/7167","targetHints":{"allow":["GET"]}}],"collection":[{"href":"https:\/\/www.add-associes.com\/it\/wp-json\/wp\/v2\/pages"}],"about":[{"href":"https:\/\/www.add-associes.com\/it\/wp-json\/wp\/v2\/types\/page"}],"author":[{"embeddable":true,"href":"https:\/\/www.add-associes.com\/it\/wp-json\/wp\/v2\/users\/8"}],"replies":[{"embeddable":true,"href":"https:\/\/www.add-associes.com\/it\/wp-json\/wp\/v2\/comments?post=7167"}],"version-history":[{"count":0,"href":"https:\/\/www.add-associes.com\/it\/wp-json\/wp\/v2\/pages\/7167\/revisions"}],"wp:attachment":[{"href":"https:\/\/www.add-associes.com\/it\/wp-json\/wp\/v2\/media?parent=7167"}],"curies":[{"name":"wp","href":"https:\/\/api.w.org\/{rel}","templated":true}]}}