{"id":9504,"date":"2024-04-02T16:07:23","date_gmt":"2024-04-02T14:07:23","guid":{"rendered":"https:\/\/www.add-associes.com\/vous-avez-une-questioncomplementaire\/"},"modified":"2024-11-21T18:55:04","modified_gmt":"2024-11-21T17:55:04","slug":"avete-un-altra-domanda","status":"publish","type":"page","link":"https:\/\/www.add-associes.com\/it\/avete-un-altra-domanda\/","title":{"rendered":"Avete un&#8217;altra domanda?"},"content":{"rendered":"\n<div class=\"wp-block-group has-background custom-form container-lg\" >\n    <div class=\"row\">\n        <div class=\"col-12 col-lg-8\">\n            <h2>Fateci direttamente la vostra domanda e vi risponderemo!<\/h2>\n            <p><\/p>\n\n            <div class=\"forminator-ui forminator-custom-form forminator-custom-form-4931 forminator-design--material  forminator_ajax\" data-forminator-render=\"0\" data-form=\"forminator-module-4931\" data-uid=\"69d609785116e\"><br\/><\/div><form\r\n\t\t\t\tid=\"forminator-module-4931\"\r\n\t\t\t\tclass=\"forminator-ui forminator-custom-form forminator-custom-form-4931 forminator-design--material  forminator_ajax\"\r\n\t\t\t\tmethod=\"post\"\r\n\t\t\t\tdata-forminator-render=\"0\"\r\n\t\t\t\tdata-form-id=\"4931\"\r\n\t\t\t\t data-color-option=\"default\" data-design=\"material\" data-grid=\"open\" style=\"display: none;\"\r\n\t\t\t\tdata-uid=\"69d609785116e\"\r\n\t\t\t><div role=\"alert\" aria-live=\"polite\" class=\"forminator-response-message forminator-error\" aria-hidden=\"true\"><\/div><div class=\"forminator-row\"><div id=\"name-1\" class=\"forminator-field-name forminator-col forminator-col-12 \"><div class=\"forminator-row forminator-no-margin\" data-multiple=\"true\"><div class=\"forminator-col forminator-col-md-6\"><div class=\"forminator-field\"><label for=\"forminator-field-first-name-1_69d609785116e\" id=\"forminator-field-first-name-1_69d609785116e-label\" class=\"forminator-label\">Nome <span class=\"forminator-required\">*<\/span><\/label><input type=\"text\" name=\"name-1-first-name\" placeholder=\"Ad esempio: Gabriele\" id=\"forminator-field-first-name-1_69d609785116e\" class=\"forminator-input\" aria-required=\"true\" data-multi=\"1\" autocomplete=\"given-name\" value=\"\" \/><\/div><\/div><div class=\"forminator-col forminator-col-md-6\"><div class=\"forminator-field\"><label for=\"forminator-field-last-name-1_69d609785116e\" id=\"forminator-field-last-name-1_69d609785116e-label\" class=\"forminator-label\">Nome della famiglia <span class=\"forminator-required\">*<\/span><\/label><input type=\"text\" name=\"name-1-last-name\" placeholder=\"Ad esempio: Romano\" id=\"forminator-field-last-name-1_69d609785116e\" class=\"forminator-input\" aria-required=\"true\" data-multi=\"1\" autocomplete=\"family-name\" value=\"\" \/><\/div><\/div><\/div><\/div><\/div><div class=\"forminator-row\"><div id=\"text-1\" class=\"forminator-field-text forminator-col forminator-col-12 \"><div class=\"forminator-field\"><label for=\"forminator-field-text-1_69d609785116e\" id=\"forminator-field-text-1_69d609785116e-label\" class=\"forminator-label\">Numero di file<\/label><input type=\"text\" name=\"text-1\" value=\"\" placeholder=\"Ad esempio: 98765\" id=\"forminator-field-text-1_69d609785116e\" class=\"forminator-input forminator-name--field\" data-required=\"\" \/><\/div><\/div><\/div><div class=\"forminator-row\"><div id=\"phone-1\" class=\"forminator-field-phone forminator-col forminator-col-6 \"><div class=\"forminator-field\"><label for=\"forminator-field-phone-1_69d609785116e\" id=\"forminator-field-phone-1_69d609785116e-label\" class=\"forminator-label\">Telefono<\/label><input type=\"text\" name=\"phone-1\" value=\"\" placeholder=\"Ad esempio: 06 02 03 05 06\" id=\"forminator-field-phone-1_69d609785116e\" class=\"forminator-input forminator-field--phone\" data-required=\"\" aria-required=\"false\" autocomplete=\"off\" \/><\/div><\/div><div id=\"email-1\" class=\"forminator-field-email forminator-col forminator-col-6 \"><div class=\"forminator-field\"><label for=\"forminator-field-email-1_69d609785116e\" id=\"forminator-field-email-1_69d609785116e-label\" class=\"forminator-label\">Email <span class=\"forminator-required\">*<\/span><\/label><input type=\"email\" name=\"email-1\" value=\"\" placeholder=\"Ad esempio: gabriele@romano.com\" id=\"forminator-field-email-1_69d609785116e\" class=\"forminator-input forminator-email--field\" data-required=\"1\" aria-required=\"true\" autocomplete=\"email\" \/><\/div><\/div><\/div><div class=\"forminator-row\"><div id=\"textarea-1\" class=\"forminator-field-textarea forminator-col forminator-col-12 \"><div class=\"forminator-field\"><label for=\"forminator-field-textarea-1_69d609785116e\" id=\"forminator-field-textarea-1_69d609785116e-label\" class=\"forminator-label\">Il vostro messaggio <span class=\"forminator-required\">*<\/span><\/label><textarea name=\"textarea-1\" placeholder=\"Inserite qui il vostro messaggio\" id=\"forminator-field-textarea-1_69d609785116e\" class=\"forminator-textarea\" rows=\"6\" style=\"min-height:140px;\" ><\/textarea><\/div><\/div><\/div><div class=\"forminator-row\"><div id=\"checkbox-1\" class=\"forminator-field-checkbox forminator-col forminator-col-12 \"><div role=\"group\" class=\"forminator-field required\" aria-labelledby=\"forminator-checkbox-group-forminator-field-checkbox-1-69d609785116e-label\"><label id=\"forminator-field-checkbox-1-1-69d609785116e-label\" for=\"forminator-field-checkbox-1-1-69d609785116e\" class=\"forminator-checkbox\" title=\"Selezionando questa casella, l&#039;utente accetta che ADD Associ\u00e9s possa raccogliere e trattare i suoi dati personali nell&#039;ambito della sua attivit\u00e0 di ricerca di eredi, in conformit\u00e0 con la sua politica di riservatezza.\"><input type=\"checkbox\" name=\"checkbox-1[]\" value=\"Lorem-ipsum-dolor-sit-amet,-consectetur-adipiscing-elit.-Ut-aliquet-nec-sapien-sit-amet-consequat.-Nullam-sit-amet-urna-ut-enim-convallis-sagittis.\" id=\"forminator-field-checkbox-1-1-69d609785116e\" aria-labelledby=\"forminator-field-checkbox-1-1-69d609785116e-label\" data-calculation=\"0\" checked=\"checked\"  data-hidden-behavior=\"zero\"\/><span class=\"forminator-checkbox-box\" aria-hidden=\"true\"><\/span><span class=\"forminator-checkbox-label\">Selezionando questa casella, l&#8217;utente accetta che ADD Associ\u00e9s possa raccogliere e trattare i suoi dati personali nell&#8217;ambito della sua attivit\u00e0 di ricerca di eredi, in conformit\u00e0 con la sua politica di riservatezza.<\/span><\/label><\/div><\/div><\/div><div class=\"forminator-row\"><div id=\"captcha-1\" class=\"forminator-field-captcha forminator-col forminator-col-12 \"><div class=\"forminator-captcha-left forminator-g-recaptcha\" data-theme=\"light\"  data-sitekey=\"6Ldoi98nAAAAAPeAzVaAgk_N970JYXv8fQoneIWj\" data-size=\"normal\"><\/div> <\/div><\/div><input type=\"hidden\" name=\"referer_url\" value=\"\" \/><div class=\"forminator-row forminator-row-last\"><div class=\"forminator-col\"><div class=\"forminator-field\"><button class=\"forminator-button forminator-button-submit\"><span>Inviare<\/span><span aria-hidden=\"true\"><\/span><\/button><\/div><\/div><\/div><input type=\"hidden\" id=\"forminator_nonce\" name=\"forminator_nonce\" value=\"13b8f77aa7\" \/><input type=\"hidden\" name=\"_wp_http_referer\" value=\"\/it\/wp-json\/wp\/v2\/pages\/9504\" \/><input type=\"hidden\" name=\"form_id\" value=\"4931\"><input type=\"hidden\" name=\"page_id\" value=\"9504\"><input type=\"hidden\" name=\"form_type\" value=\"default\"><input type=\"hidden\" name=\"current_url\" value=\"https:\/\/www.add-associes.com\/it\/avete-un-altra-domanda\/\"><input type=\"hidden\" name=\"render_id\" value=\"0\"><input type=\"hidden\" name=\"action\" value=\"forminator_submit_form_custom-forms\"><\/form>        <\/div>\n    <\/div>\n<\/div>\n","protected":false},"excerpt":{"rendered":"","protected":false},"author":8,"featured_media":0,"parent":0,"menu_order":0,"comment_status":"closed","ping_status":"closed","template":"","meta":{"_acf_changed":false,"footnotes":""},"class_list":["post-9504","page","type-page","status-publish","hentry"],"acf":[],"_links":{"self":[{"href":"https:\/\/www.add-associes.com\/it\/wp-json\/wp\/v2\/pages\/9504","targetHints":{"allow":["GET"]}}],"collection":[{"href":"https:\/\/www.add-associes.com\/it\/wp-json\/wp\/v2\/pages"}],"about":[{"href":"https:\/\/www.add-associes.com\/it\/wp-json\/wp\/v2\/types\/page"}],"author":[{"embeddable":true,"href":"https:\/\/www.add-associes.com\/it\/wp-json\/wp\/v2\/users\/8"}],"replies":[{"embeddable":true,"href":"https:\/\/www.add-associes.com\/it\/wp-json\/wp\/v2\/comments?post=9504"}],"version-history":[{"count":0,"href":"https:\/\/www.add-associes.com\/it\/wp-json\/wp\/v2\/pages\/9504\/revisions"}],"wp:attachment":[{"href":"https:\/\/www.add-associes.com\/it\/wp-json\/wp\/v2\/media?parent=9504"}],"curies":[{"name":"wp","href":"https:\/\/api.w.org\/{rel}","templated":true}]}}