{"id":4306,"date":"2023-07-20T08:50:51","date_gmt":"2023-07-20T06:50:51","guid":{"rendered":"https:\/\/www.add-associes.com\/foi-contactado-por-um-genealogista-da-add-associes\/as-suas-prestacoes-e-garantias\/"},"modified":"2025-01-15T10:38:01","modified_gmt":"2025-01-15T09:38:01","slug":"as-suas-prestacoes-e-garantias","status":"publish","type":"page","link":"https:\/\/www.add-associes.com\/pt-br\/foi-contactado-por-um-genealogista-da-add-associes\/as-suas-prestacoes-e-garantias\/","title":{"rendered":"As suas vantagens e garantias"},"content":{"rendered":"\n<div class=\"wp-block-group is-style-container\"><div class=\"wp-block-group__inner-container is-layout-constrained wp-block-group-is-layout-constrained\">\n<div class=\"wp-block-columns is-layout-flex wp-container-core-columns-is-layout-9d6595d7 wp-block-columns-is-layout-flex\">\n<div class=\"wp-block-column is-layout-flow wp-block-column-is-layout-flow\">\n<h2 class=\"wp-block-heading\"><strong>Por que escolher ADD ASSOCI\u00c9S?&nbsp;<\/strong><\/h2>\n\n\n\n<p>Porque lhe oferecemos a seguran\u00e7a de beneficiar de uma efici\u00eancia e experi\u00eancia reconhecidas por milhares de clientes, prescritores e herdeiros, que confiam em n\u00f3s ano ap\u00f3s ano.&nbsp;&nbsp;<\/p>\n\n\n\n<ul class=\"wp-block-list\">\n<li>200 profissionais da \u00e1rea do direito e da genealogia sucess\u00f3ria&nbsp;&nbsp;<\/li>\n\n\n\n<li>Capacidade de investiga\u00e7\u00e3o a n\u00edvel nacional e internacional&nbsp;&nbsp;<\/li>\n\n\n\n<li>Ferramentas digitais inovadoras para maior velocidade e fiabilidade&nbsp;&nbsp;&nbsp;<\/li>\n\n\n\n<li>Metodologias testadas e certificadas&nbsp;&nbsp;<\/li>\n<\/ul>\n\n\n\n<p>&nbsp;<br>Escolher os servi\u00e7os da ADD Associ\u00e9s \u00e9 desfrutar do acompanhamento de uma equipa comprometida, sempre dispon\u00edvel e preparada para responder \u00e0s suas perguntas ao longo de todo o processo de sucess\u00e3o.&nbsp;<\/p>\n\n\n\n<ul class=\"wp-block-list\">\n<li>Interlocutores comprometidos e identificados, sempre \u00e0 sua disposi\u00e7\u00e3o para lhe responder com a maior brevidade.&nbsp;&nbsp;&nbsp;<\/li>\n\n\n\n<li>Uma equipa internacional composta por genealogistas que dominam entre si 17 idiomas, para apoiar mais de perto os clientes internacionais n\u00e3o franc\u00f3fonos.&nbsp;<\/li>\n<\/ul>\n\n\n\n<p>Escolher os nossos servi\u00e7os significa tamb\u00e9m desfrutar da tranquilidade de poder confiar num grupo s\u00f3lido, que coloca a confian\u00e7a, a seguran\u00e7a e a \u00e9tica no centro dos seus valores.&nbsp;&nbsp;<\/p>\n\n\n\n<ul class=\"wp-block-list\">\n<li>Membro das associa\u00e7\u00f5es profissionais francesas (<a href=\"https:\/\/genealogistes-france.org\/\">G\u00e9n\u00e9alogistes de France<\/a>) e internacionais (<a href=\"https:\/\/iappr.org\/fr\/\">IAPPR<\/a>).&nbsp;<\/li>\n\n\n\n<li>Para mais informa\u00e7\u00e3o, consulte o c\u00f3digo de \u00e9tica e a carta deontol\u00f3gica da associa\u00e7\u00e3o Gen\u00e9alogistes de France.&nbsp;<\/li>\n<\/ul>\n\n\n\n<p>Como genealogistas profissionais, cada uma das nossas miss\u00f5es \u00e9 amparada por uma procura\u00e7\u00e3o e por um contrato de revela\u00e7\u00e3o, que especifica o \u00e2mbito da nossa atua\u00e7\u00e3o e descreve de maneira transparente os nossos honor\u00e1rios.&nbsp;<\/p>\n<\/div>\n<\/div>\n<\/div><\/div>\n\n\n\n<div class=\"wp-block-group is-style-container has-light-background-color has-background\"><div class=\"wp-block-group__inner-container is-layout-constrained wp-block-group-is-layout-constrained\">\n<div class=\"wp-block-columns is-layout-flex wp-container-core-columns-is-layout-9d6595d7 wp-block-columns-is-layout-flex\">\n<div class=\"wp-block-column is-layout-flow wp-block-column-is-layout-flow\">\n<h2 class=\"wp-block-heading\">Fortes garantias para a sua prote\u00e7\u00e3o<\/h2>\n\n\n\n<ul class=\"wp-block-list\">\n<li>Fundos dos clientes seguros e depositados na Caisse des D\u00e9p\u00f4ts et Consignation&nbsp;&nbsp;<\/li>\n\n\n\n<li>Garantia financeira adaptada \u00e0 disponibilidade de tesouraria&nbsp;<\/li>\n\n\n\n<li>Responsabilidade civil profissional&nbsp;&nbsp;<\/li>\n\n\n\n<li>Controlo anual pela KPMG da representa\u00e7\u00e3o dos fundos dos clientes.&nbsp;<\/li>\n<\/ul>\n<\/div>\n<\/div>\n\n\n\n<div class=\"wp-block-buttons is-content-justification-center is-layout-flex wp-container-core-buttons-is-layout-16018d1d wp-block-buttons-is-layout-flex\">\n<div class=\"wp-block-button is-style-fill\"><a class=\"wp-block-button__link wp-element-button\" href=\"https:\/\/www.add-associes.com\/pt-br\/sobre-a-add-associes\/\"><strong>Saiba mais sobre a ADD Associ\u00e9s<\/strong><\/a><\/div>\n<\/div>\n<\/div><\/div>\n","protected":false},"excerpt":{"rendered":"<p>Por que escolher ADD ASSOCI\u00c9S?&nbsp; Porque lhe oferecemos a seguran\u00e7a de beneficiar de uma efici\u00eancia e experi\u00eancia reconhecidas por milhares de clientes, prescritores e herdeiros, que confiam em n\u00f3s ano ap\u00f3s ano.&nbsp;&nbsp; &nbsp;Escolher os servi\u00e7os da ADD Associ\u00e9s \u00e9 desfrutar do acompanhamento de uma equipa comprometida, sempre dispon\u00edvel e preparada para responder \u00e0s suas perguntas [&hellip;]<\/p>\n","protected":false},"author":2,"featured_media":0,"parent":4263,"menu_order":0,"comment_status":"closed","ping_status":"closed","template":"","meta":{"_acf_changed":true,"footnotes":""},"class_list":["post-4306","page","type-page","status-publish","hentry"],"acf":[],"_links":{"self":[{"href":"https:\/\/www.add-associes.com\/pt-br\/wp-json\/wp\/v2\/pages\/4306","targetHints":{"allow":["GET"]}}],"collection":[{"href":"https:\/\/www.add-associes.com\/pt-br\/wp-json\/wp\/v2\/pages"}],"about":[{"href":"https:\/\/www.add-associes.com\/pt-br\/wp-json\/wp\/v2\/types\/page"}],"author":[{"embeddable":true,"href":"https:\/\/www.add-associes.com\/pt-br\/wp-json\/wp\/v2\/users\/2"}],"replies":[{"embeddable":true,"href":"https:\/\/www.add-associes.com\/pt-br\/wp-json\/wp\/v2\/comments?post=4306"}],"version-history":[{"count":0,"href":"https:\/\/www.add-associes.com\/pt-br\/wp-json\/wp\/v2\/pages\/4306\/revisions"}],"up":[{"embeddable":true,"href":"https:\/\/www.add-associes.com\/pt-br\/wp-json\/wp\/v2\/pages\/4263"}],"wp:attachment":[{"href":"https:\/\/www.add-associes.com\/pt-br\/wp-json\/wp\/v2\/media?parent=4306"}],"curies":[{"name":"wp","href":"https:\/\/api.w.org\/{rel}","templated":true}]}}