{"id":4319,"date":"2023-09-01T15:50:24","date_gmt":"2023-09-01T13:50:24","guid":{"rendered":"https:\/\/www.add-associes.com\/informacao-juridica\/"},"modified":"2023-11-07T12:16:08","modified_gmt":"2023-11-07T11:16:08","slug":"informacao-juridica","status":"publish","type":"page","link":"https:\/\/www.add-associes.com\/pt-br\/informacao-juridica\/","title":{"rendered":"Informa\u00e7\u00e3o legal"},"content":{"rendered":"\n<h2 class=\"wp-block-heading\">Informa\u00e7\u00e3o do Editor&nbsp;<\/h2>\n\n\n\n<p>Nome da empresa: ETUDE GENEALOGIQUE ADD &amp; ASSOCIES&nbsp;<\/p>\n\n\n\n<p>Sede: 4, avenue du Coq-75009 Paris&nbsp;<\/p>\n\n\n\n<p>N\u00famero de telefone: 01 44 94 91 91&nbsp;<\/p>\n\n\n\n<p>N\u00famero de fax: 01 44 94 91 92&nbsp;<\/p>\n\n\n\n<p>E-mail de contacto : <a href=\"http:\/\/mail\" data-type=\"URL\" data-id=\"mail\">contact@add-associes.com&nbsp;<\/a><\/p>\n\n\n\n<p>IVA Intracomunit\u00e1rio: FR76 379427420&nbsp;<\/p>\n\n\n\n<p>N\u00famero RCS: 379427420&nbsp;<\/p>\n\n\n\n<p>Capital Social: SAS com o capital social de 100.000 \u20ac&nbsp;<\/p>\n\n\n\n<h3 class=\"wp-block-heading\">&nbsp;<\/h3>\n\n\n\n<h3 class=\"wp-block-heading\">Designer de informa\u00e7\u00e3o<\/h3>\n\n\n\n<p>Nome da empresa: <a href=\"https:\/\/www.vigicorp.fr\/\" target=\"_blank\" rel=\"noreferrer noopener\">Vigicorp<\/a><\/p>\n\n\n\n<p>Sede: 49 quai Emile Cormerais, B\u00e2timent C. 44 800 Saint-Herblain.<\/p>\n\n\n\n<p>N\u00famero de telefone: 02 28 03 55 51<\/p>\n\n\n\n<h3 class=\"wp-block-heading\">Informa\u00e7\u00e3o do Anfitri\u00e3o<\/h3>\n\n\n\n<p>OVH  <\/p>\n\n\n\n<h3 class=\"wp-block-heading\">Lei de prote\u00e7\u00e3o de dados e liberdades&nbsp;<\/h3>\n\n\n\n<p><\/p>\n\n\n\n<p>Em conformidade com o artigo 32.\u00ba da Lei N78-17, informamos que os seus dados pessoais (estado civil, listas nominativas de censos de popula\u00e7\u00e3o, listas eleitorais, tabelas de sucess\u00f5es e aus\u00eancias, tabelas de registos civis, avisos de \u00f3bito, etc.) est\u00e3o sujeitos a um tratamento automatizado pelo Gabinete de Genealogia ADD &amp; Associ\u00e9s, para fins de localiza\u00e7\u00e3o de herdeiros.&nbsp;<br>Os dados recolhidos destinam-se exclusivamente a uso interno do gabinete.&nbsp;<br>Em conformidade com o disposto na lei &#8220;Inform\u00e1tica e liberdades&#8221; (artigos 38.\u00ba e seguintes), o interessado poder\u00e1 exercer o direito de acesso e retifica\u00e7\u00e3o dos seus dados pessoais , assim como opor-se ao tratamento dos mesmo por motivos leg\u00edtimos.&nbsp;<\/p>\n\n\n\n<p>Para o exerc\u00edcio dos direitos acima mencionados, contactar:&nbsp;<\/p>\n\n\n\n<p>por correio a ADD &amp; Associ\u00e9s \u2013 Delegado de Prote\u00e7\u00e3o de Dados &#8211; 4, avenue du Coq 75009 Paris,&nbsp;&nbsp;<\/p>\n\n\n\n<p>ou atrav\u00e9s do endere\u00e7o de correio eletr\u00f3nico: <a href=\"http:\/\/mailo\" data-type=\"URL\" data-id=\"mailo\">dpo-add@add-associes.com&nbsp;<\/a><\/p>\n\n\n\n<p>O Delegado de Prote\u00e7\u00e3o de Dados do grupo ADD &amp; Associ\u00e9s \u00e9 a Sra. Aur\u00e9lie ROGER, 4, avenue du Coq, 75009 Paris.&nbsp;<\/p>\n","protected":false},"excerpt":{"rendered":"<p>Informa\u00e7\u00e3o do Editor&nbsp; Nome da empresa: ETUDE GENEALOGIQUE ADD &amp; ASSOCIES&nbsp; Sede: 4, avenue du Coq-75009 Paris&nbsp; N\u00famero de telefone: 01 44 94 91 91&nbsp; N\u00famero de fax: 01 44 94 91 92&nbsp; E-mail de contacto : contact@add-associes.com&nbsp; IVA Intracomunit\u00e1rio: FR76 379427420&nbsp; N\u00famero RCS: 379427420&nbsp; Capital Social: SAS com o capital social de 100.000 \u20ac&nbsp; [&hellip;]<\/p>\n","protected":false},"author":10,"featured_media":0,"parent":0,"menu_order":0,"comment_status":"closed","ping_status":"closed","template":"","meta":{"_acf_changed":false,"footnotes":""},"class_list":["post-4319","page","type-page","status-publish","hentry"],"acf":[],"_links":{"self":[{"href":"https:\/\/www.add-associes.com\/pt-br\/wp-json\/wp\/v2\/pages\/4319","targetHints":{"allow":["GET"]}}],"collection":[{"href":"https:\/\/www.add-associes.com\/pt-br\/wp-json\/wp\/v2\/pages"}],"about":[{"href":"https:\/\/www.add-associes.com\/pt-br\/wp-json\/wp\/v2\/types\/page"}],"author":[{"embeddable":true,"href":"https:\/\/www.add-associes.com\/pt-br\/wp-json\/wp\/v2\/users\/10"}],"replies":[{"embeddable":true,"href":"https:\/\/www.add-associes.com\/pt-br\/wp-json\/wp\/v2\/comments?post=4319"}],"version-history":[{"count":0,"href":"https:\/\/www.add-associes.com\/pt-br\/wp-json\/wp\/v2\/pages\/4319\/revisions"}],"wp:attachment":[{"href":"https:\/\/www.add-associes.com\/pt-br\/wp-json\/wp\/v2\/media?parent=4319"}],"curies":[{"name":"wp","href":"https:\/\/api.w.org\/{rel}","templated":true}]}}