{"id":4336,"date":"2023-08-23T11:56:53","date_gmt":"2023-08-23T09:56:53","guid":{"rendered":"https:\/\/www.add-associes.com\/patrocinio-da-add-associes\/"},"modified":"2025-10-21T11:22:53","modified_gmt":"2025-10-21T09:22:53","slug":"patrocinio-da-add-associes","status":"publish","type":"page","link":"https:\/\/www.add-associes.com\/pt-br\/patrocinio-da-add-associes\/","title":{"rendered":"O mecenato de ADD Associ\u00e9s"},"content":{"rendered":"\n<div class=\"wp-block-group is-style-container has-white-background-color has-background\"><div class=\"wp-block-group__inner-container is-layout-constrained wp-block-group-is-layout-constrained\">\n<div class=\"wp-block-columns is-layout-flex wp-container-core-columns-is-layout-9d6595d7 wp-block-columns-is-layout-flex\">\n<div class=\"wp-block-column is-layout-flow wp-block-column-is-layout-flow\">\n<h2 class=\"wp-block-heading has-text-align-center\">A Associa\u00e7\u00e3o Petits Princes<\/h2>\n\n\n\n<blockquote class=\"wp-block-quote is-layout-flow wp-block-quote-is-layout-flow\">\n<div class=\"wp-block-media-text alignwide is-stacked-on-mobile\"><figure class=\"wp-block-media-text__media\"><img loading=\"lazy\" decoding=\"async\" width=\"293\" height=\"376\" src=\"https:\/\/www.add-associes.com\/wp-content\/uploads\/2023\/08\/association-petits-pricnes.jpg\" alt=\"M\u00e9c\u00e9nat Add Associ\u00e9s, associa\u00e7\u00e3o Petits Princes\" class=\"wp-image-1175 size-full\" srcset=\"https:\/\/www.add-associes.com\/wp-content\/uploads\/2023\/08\/association-petits-pricnes.jpg 293w, https:\/\/www.add-associes.com\/wp-content\/uploads\/2023\/08\/association-petits-pricnes-234x300.jpg 234w\" sizes=\"auto, (max-width: 293px) 100vw, 293px\" \/><\/figure><div class=\"wp-block-media-text__content\">\n<p><a href=\"https:\/\/www.petitsprinces.com\/\">A Associa\u00e7\u00e3o Petits Princes<\/a> tem como finalidade tornar realidade os sonhos das crian\u00e7as e dos adolescentes gravemente doentes, possibilitando-lhes encontrar a energia adicional para lutar contra a doen\u00e7a.&nbsp;<\/p>\n\n\n\n<p>Desde 1987, a associa\u00e7\u00e3o tornou realidade <strong>10 000 sonhos<\/strong>, com um sonho de inf\u00e2ncia realizado <strong>cada dia<\/strong>.\u00a0<\/p>\n\n\n\n<p><\/p>\n<\/div><\/div>\n<\/blockquote>\n\n\n\n<p><\/p>\n\n\n\n<p>Desde 2003, acolhemos com satisfa\u00e7\u00e3o a Associa\u00e7\u00e3o Petits Princes no nosso stand durante o Congresso dos Not\u00e1rios. Cada visita ao stand \u00e9 convertida em euros, sendo a receita destinada na sua totalidade \u00e0 associa\u00e7\u00e3o. Este congresso constitui tamb\u00e9m uma oportunidade para a associa\u00e7\u00e3o se dar a conhecer melhor aos not\u00e1rios.&nbsp;<\/p>\n\n\n\n<p>Nos \u00faltimos 3 anos, os colaboradores da ADD t\u00eam vestido as cores da Associa\u00e7\u00e3o Petits Princes durante a Corrida dos Her\u00f3is.&nbsp;<\/p>\n\n\n\n<p><\/p>\n\n\n\n<figure class=\"wp-block-embed is-type-video is-provider-youtube wp-block-embed-youtube wp-embed-aspect-16-9 wp-has-aspect-ratio\"><div class=\"wp-block-embed__wrapper\">\n<iframe loading=\"lazy\" title=\"ADD ASSOCIE\u0301S &amp; ASSOCIATION PETITS PRINCES\" width=\"500\" height=\"281\" src=\"https:\/\/www.youtube.com\/embed\/zkVWgMSypxo?feature=oembed&#038;enablejsapi=1\" frameborder=\"0\" allow=\"accelerometer; autoplay; clipboard-write; encrypted-media; gyroscope; picture-in-picture; web-share\" referrerpolicy=\"strict-origin-when-cross-origin\" allowfullscreen><\/iframe>\n<\/div><\/figure>\n\n\n\n<div class=\"wp-block-buttons is-content-justification-center is-layout-flex wp-container-core-buttons-is-layout-16018d1d wp-block-buttons-is-layout-flex\">\n<div class=\"wp-block-button\"><a class=\"wp-block-button__link wp-element-button\" href=\"https:\/\/www.petitsprinces.com\/\" target=\"_blank\" rel=\"noreferrer noopener\">Conhe\u00e7a a associa\u00e7\u00e3o Petits Princes<\/a><\/div>\n<\/div>\n<\/div>\n<\/div>\n<\/div><\/div>\n\n\n\n<div class=\"wp-block-group is-style-container has-white-background-color has-background\"><div class=\"wp-block-group__inner-container is-layout-constrained wp-block-group-is-layout-constrained\">\n<div class=\"wp-block-columns is-layout-flex wp-container-core-columns-is-layout-9d6595d7 wp-block-columns-is-layout-flex\">\n<div class=\"wp-block-column is-layout-flow wp-block-column-is-layout-flow\">\n<h2 class=\"wp-block-heading has-text-align-center\">A Associa\u00e7\u00e3o ASEDEME<\/h2>\n\n\n\n<div class=\"wp-block-media-text alignwide is-stacked-on-mobile is-vertically-aligned-center\"><figure class=\"wp-block-media-text__media\"><img loading=\"lazy\" decoding=\"async\" width=\"1024\" height=\"631\" src=\"https:\/\/www.add-associes.com\/wp-content\/uploads\/2023\/09\/Asedeme-1024x631.png\" alt=\"Patroc\u00ednio Asedeme adicionar associados\" class=\"wp-image-2293 size-full\" srcset=\"https:\/\/www.add-associes.com\/wp-content\/uploads\/2023\/09\/Asedeme-1024x631.png 1024w, https:\/\/www.add-associes.com\/wp-content\/uploads\/2023\/09\/Asedeme-300x185.png 300w, https:\/\/www.add-associes.com\/wp-content\/uploads\/2023\/09\/Asedeme-768x473.png 768w, https:\/\/www.add-associes.com\/wp-content\/uploads\/2023\/09\/Asedeme-662x408.png 662w, https:\/\/www.add-associes.com\/wp-content\/uploads\/2023\/09\/Asedeme-1218x750.png 1218w, https:\/\/www.add-associes.com\/wp-content\/uploads\/2023\/09\/Asedeme.png 1414w\" sizes=\"auto, (max-width: 1024px) 100vw, 1024px\" \/><\/figure><div class=\"wp-block-media-text__content\">\n<p>Desde 2003, a ADD apoia tamb\u00e9m a <a href=\"https:\/\/asedeme.org\/\">ASEDEME <\/a>(Associa\u00e7\u00e3o senegalesa para a prote\u00e7\u00e3o das crian\u00e7as com defici\u00eancia mental) que trabalha para dar visibilidade ao problema da defici\u00eancia intelectual no Senegal. Christophe Aubrun, um dos fundadores da ADD, \u00e9 o seu secret\u00e1rio-geral desde 2010, dedicando parte do seu tempo e da sua energia ao desenvolvimento desta associa\u00e7\u00e3o.&nbsp;<\/p>\n<\/div><\/div>\n\n\n\n<p><em>Cr\u00e9ditos da foto: Audyssey Prod e Alun Be<\/em>&nbsp;<\/p>\n\n\n\n<p><\/p>\n\n\n\n<p>Com estatuto de ONG desde 2009 e beneficiando desde 2017 do reconhecimento como institui\u00e7\u00e3o de utilidade p\u00fablica, a ASEDEME promove o cuidado das crian\u00e7as atrav\u00e9s da cria\u00e7\u00e3o dos institutos m\u00e9dico-educativos denominados centros Aminata Mbaye (Dakar 2003, Saint-Louis 2008) cujo objetivo \u00e9 a reabilita\u00e7\u00e3o, a escolariza\u00e7\u00e3o e a socializa\u00e7\u00e3o de crian\u00e7as com defici\u00eancia intelectual. A associa\u00e7\u00e3o proporciona tratamento a 200 crian\u00e7as e jovens adultos cada ano.&nbsp;&nbsp;<\/p>\n\n\n\n<p>A integra\u00e7\u00e3o na sociedade destas crian\u00e7as com necessidades educativas especiais, proporcionando-lhes um entorno adaptado e a socializa\u00e7\u00e3o atrav\u00e9s da prepara\u00e7\u00e3o para uma futura profiss\u00e3o, s\u00e3o os objetivos da ASEDEME.&nbsp;<\/p>\n<\/div>\n<\/div>\n\n\n\n<div class=\"wp-block-buttons is-content-justification-center is-layout-flex wp-container-core-buttons-is-layout-16018d1d wp-block-buttons-is-layout-flex\">\n<div class=\"wp-block-button\"><a class=\"wp-block-button__link wp-element-button\" href=\"https:\/\/asedeme.org\/\" target=\"_blank\" rel=\"noreferrer noopener\">Conhe\u00e7a a associa\u00e7\u00e3o ASEDEME<\/a><\/div>\n<\/div>\n<\/div><\/div>\n","protected":false},"excerpt":{"rendered":"<p>A Associa\u00e7\u00e3o Petits Princes A Associa\u00e7\u00e3o Petits Princes tem como finalidade tornar realidade os sonhos das crian\u00e7as e dos adolescentes gravemente doentes, possibilitando-lhes encontrar a energia adicional para lutar contra a doen\u00e7a.&nbsp; Desde 1987, a associa\u00e7\u00e3o tornou realidade 10 000 sonhos, com um sonho de inf\u00e2ncia realizado cada dia.\u00a0 Desde 2003, acolhemos com satisfa\u00e7\u00e3o a [&hellip;]<\/p>\n","protected":false},"author":8,"featured_media":0,"parent":0,"menu_order":0,"comment_status":"closed","ping_status":"closed","template":"","meta":{"_acf_changed":false,"footnotes":""},"class_list":["post-4336","page","type-page","status-publish","hentry"],"acf":[],"_links":{"self":[{"href":"https:\/\/www.add-associes.com\/pt-br\/wp-json\/wp\/v2\/pages\/4336","targetHints":{"allow":["GET"]}}],"collection":[{"href":"https:\/\/www.add-associes.com\/pt-br\/wp-json\/wp\/v2\/pages"}],"about":[{"href":"https:\/\/www.add-associes.com\/pt-br\/wp-json\/wp\/v2\/types\/page"}],"author":[{"embeddable":true,"href":"https:\/\/www.add-associes.com\/pt-br\/wp-json\/wp\/v2\/users\/8"}],"replies":[{"embeddable":true,"href":"https:\/\/www.add-associes.com\/pt-br\/wp-json\/wp\/v2\/comments?post=4336"}],"version-history":[{"count":0,"href":"https:\/\/www.add-associes.com\/pt-br\/wp-json\/wp\/v2\/pages\/4336\/revisions"}],"wp:attachment":[{"href":"https:\/\/www.add-associes.com\/pt-br\/wp-json\/wp\/v2\/media?parent=4336"}],"curies":[{"name":"wp","href":"https:\/\/api.w.org\/{rel}","templated":true}]}}