{"id":4438,"date":"2023-08-23T11:37:36","date_gmt":"2023-08-23T09:37:36","guid":{"rendered":"https:\/\/www.add-associes.com\/os-nossos-compromissos-e-taxas\/"},"modified":"2026-04-02T14:54:24","modified_gmt":"2026-04-02T12:54:24","slug":"os-nossos-compromissos-e-taxas","status":"publish","type":"page","link":"https:\/\/www.add-associes.com\/pt-br\/os-nossos-compromissos-e-taxas\/","title":{"rendered":"Os nossos compromissos e honor\u00e1rios"},"content":{"rendered":"\n<div class=\"wp-block-group is-style-container has-white-background-color has-background\"><div class=\"wp-block-group__inner-container is-layout-constrained wp-block-group-is-layout-constrained\">\n<div class=\"wp-block-columns is-layout-flex wp-container-core-columns-is-layout-9d6595d7 wp-block-columns-is-layout-flex\">\n<div class=\"wp-block-column is-layout-flow wp-block-column-is-layout-flow\">\n<h2 class=\"wp-block-heading\">Os nossos compromissos, ao servi\u00e7o da efic\u00e1cia e da qualidade<\/h2>\n\n\n\n<p>Pomos em funcionamento os melhores recursos humanos e tecnol\u00f3gicos poss\u00edveis, para lhe oferecer mais capacidade de resposta na investiga\u00e7\u00e3o geneal\u00f3gica, uma elevada qualidade relacional e os prazos mais curtos poss\u00edveis.&nbsp;<\/p>\n\n\n\n<h3 class=\"wp-block-heading\">Especializa\u00e7\u00e3o e rigor&nbsp;<\/h3>\n\n\n\n<ul class=\"wp-block-list\">\n<li>Mais de 250 apaixonados pela genealogia,<\/li>\n\n\n\n<li>Perfis de peritos e complementares: genealogistas imobili\u00e1rios, investigadores jur\u00eddicos, historiadores, peritos em filia\u00e7\u00e3o e peritos em arquivos internacionais,<\/li>\n\n\n\n<li>Compet\u00eancias em mat\u00e9ria jur\u00eddica e fiscal sucess\u00f3ria.&nbsp;<\/li>\n<\/ul>\n\n\n\n<h3 class=\"wp-block-heading\">Proximidade e rapidez&nbsp;<\/h3>\n\n\n\n<ul class=\"wp-block-list\">\n<li><a href=\"https:\/\/www.add-associes.com\/pt-br\/encontrar-o-seu-escritorio\/\">36 filiais<\/a> em Fran\u00e7a e <a href=\"https:\/\/www.add-associes.com\/pt-br\/encontrar-o-seu-escritorio\/?region=international\">10 no estrangeiro<\/a>,<\/li>\n\n\n\n<li>Um \u00fanico ponto de contacto dedicado e implicado, que lhe acompanhar\u00e1 de A a Z,<\/li>\n\n\n\n<li>A nossa equipa de investiga\u00e7\u00e3o internacional integrada, composta por peritos multilingues, est\u00e1 sempre preparada para levar a cabo a investiga\u00e7\u00e3o geneal\u00f3gica e localizar e encontrar rapidamente herdeiros nos 5 continentes.&nbsp;<\/li>\n<\/ul>\n\n\n\n<h3 class=\"wp-block-heading\">Excel\u00eancia operacional e inova\u00e7\u00e3o tecnol\u00f3gica&nbsp;&nbsp;<\/h3>\n\n\n\n<ul class=\"wp-block-list\">\n<li>ADD Data: base de dados geneal\u00f3gicos exclusiva, com mais de 500 milh\u00f5es de dados digitalizados e indexados&nbsp;&nbsp;<\/li>\n\n\n\n<li>\u00c1rvore geneal\u00f3gica digital (TGD)&nbsp;&nbsp;<\/li>\n\n\n\n<li>Assinatura eletr\u00f3nica de documentos&nbsp;&nbsp;<\/li>\n\n\n\n<li>M\u00e9todos certificados pela norma ISO 9001 desde 2008&nbsp;<\/li>\n<\/ul>\n\n\n\n<div class=\"wp-block-buttons is-layout-flex wp-block-buttons-is-layout-flex\">\n<div class=\"wp-block-button\"><a class=\"wp-block-button__link wp-element-button\" href=\"https:\/\/www.add-associes.com\/pt-br\/os-nossos-servicos\/\" target=\"_blank\" rel=\"noreferrer noopener\">DESCUBRA OS NOSSOS SERVI\u00c7OS<\/a><\/div>\n<\/div>\n<\/div>\n<\/div>\n<\/div><\/div>\n\n\n\n<div class=\"wp-block-group is-style-container has-light-background-color has-background\"><div class=\"wp-block-group__inner-container is-layout-constrained wp-block-group-is-layout-constrained\">\n<div class=\"wp-block-columns is-layout-flex wp-container-core-columns-is-layout-9d6595d7 wp-block-columns-is-layout-flex\">\n<div class=\"wp-block-column is-layout-flow wp-block-column-is-layout-flow\">\n<h2 class=\"wp-block-heading\">Os nossos honor\u00e1rios&nbsp;<\/h2>\n\n\n\n<p>Os honor\u00e1rios do genealogista sucess\u00f3rio da ADD Associ\u00e9s s\u00e3o calculados de duas formas diferentes, em fun\u00e7\u00e3o dos servi\u00e7os oferecidos, e especificam-se antes da contrata\u00e7\u00e3o do servi\u00e7o, garantindo assim maior clareza e transpar\u00eancia aos nossos interlocutores.&nbsp;&nbsp;<\/p>\n\n\n\n<h3 class=\"wp-block-heading\">Honor\u00e1rios proporcionais&nbsp;<\/h3>\n\n\n\n<p>Os honor\u00e1rios proporcionais calculam-se com base numa percentagem da quota devida ao herdeiro. Estes honor\u00e1rios s\u00e3o estabelecidos no contrato de revela\u00e7\u00e3o ou no contrato de justifica\u00e7\u00e3o de direitos assinado pelo herdeiro. Desde 1886, a jurisprud\u00eancia considera v\u00e1lido o contrato de revela\u00e7\u00e3o apresentado pelo genealogista sucess\u00f3rio aos herdeiros. Os honor\u00e1rios proporcionais variam em fun\u00e7\u00e3o do grau de parentesco.&nbsp;<\/p>\n\n\n\n<p>Os honor\u00e1rios proporcionais aplicam-se quando :&nbsp;<\/p>\n\n\n\n<ul class=\"wp-block-list\">\n<li>A investiga\u00e7\u00e3o realizada levou \u00e0 revela\u00e7\u00e3o dos direitos de um herdeiro ou benefici\u00e1rio de direitos;&nbsp;<\/li>\n\n\n\n<li>As investiga\u00e7\u00f5es realizadas permitiram justificar os direitos sucess\u00f3rios de um herdeiro ou benefici\u00e1rio de direitos.&nbsp;<\/li>\n<\/ul>\n\n\n\n<h3 class=\"wp-block-heading\">Honor\u00e1rios \u201ctudo inclu\u00eddo\u201d&nbsp;<\/h3>\n\n\n\n<p>Falamos de honor\u00e1rios \u201ctudo inclu\u00eddo\u201d quando a remunera\u00e7\u00e3o do servi\u00e7o prestado pelo genealogista se estabelece com base num pre\u00e7o total, em fun\u00e7\u00e3o da dificuldade e da import\u00e2ncia das investiga\u00e7\u00f5es realizadas. O valor dos bens da heran\u00e7a tamb\u00e9m e tido em considera\u00e7\u00e3o.&nbsp;<\/p>\n\n\n\n<p>Os honor\u00e1rios fixos aplicam-se quando a investiga\u00e7\u00e3o geneal\u00f3gica realizada possibilitou <a href=\"https:\/\/www.add-associes.com\/pt-br\/servi\u00e7os\/verificacao-da-devolucao-de-um-bem\/\">confirmar e validar a devolu\u00e7\u00e3o de uma heran\u00e7a<\/a> em benef\u00edcio dos herdeiros conhecidos.&nbsp;&nbsp;<\/p>\n<\/div>\n<\/div>\n<\/div><\/div>\n\n\n\n<div class=\"wp-block-group is-style-container has-white-background-color has-background\"><div class=\"wp-block-group__inner-container is-layout-constrained wp-block-group-is-layout-constrained\">\n<div class=\"wp-block-columns is-layout-flex wp-container-core-columns-is-layout-9d6595d7 wp-block-columns-is-layout-flex\">\n<div class=\"wp-block-column is-layout-flow wp-block-column-is-layout-flow\">\n<div class=\"wp-block-columns is-layout-flex wp-container-core-columns-is-layout-9d6595d7 wp-block-columns-is-layout-flex\">\n<div class=\"wp-block-column is-layout-flow wp-block-column-is-layout-flow\">\n<h2 class=\"wp-block-heading\">C\u00f3digo de \u00e9tica, garantias e certifica\u00e7\u00e3o, no centro do nosso ADN<\/h2>\n\n\n\n<p>Sabendo que os temas de sucess\u00e3o e heran\u00e7a s\u00e3o complexos e sens\u00edveis, a ADD Associ\u00e9s coloca a confian\u00e7a e a \u00e9tica no centro da sua abordagem.&nbsp;<\/p>\n\n\n\n<ul class=\"wp-block-list\">\n<li>Participamos ativamente nos organismos que atuam em prol da regulamenta\u00e7\u00e3o da nossa profiss\u00e3o, ela pr\u00f3pria regida por uma carta deontol\u00f3gica e por um c\u00f3digo \u00e9tico.&nbsp;&nbsp;<\/li>\n\n\n\n<li>Oferecemos elevados n\u00edveis de garantias, acima dos standards exigidos.&nbsp;<\/li>\n\n\n\n<li>Os nossos m\u00e9todos de trabalho encontram-se validados por organismos de certifica\u00e7\u00e3o.&nbsp;&nbsp;&nbsp;<\/li>\n<\/ul>\n\n\n\n<h3 class=\"wp-block-heading\">A genealogia sucess\u00f3ria, uma profiss\u00e3o enquadrada&nbsp;&nbsp;&nbsp;<\/h3>\n\n\n\n<p>A atividade da genealogia sucess\u00f3ria \u00e9 regulada pelo <a href=\"https:\/\/www.legifrance.gouv.fr\/loda\/article_lc\/LEGIARTI000006284870#:~:text=Hormis%20le%20cas%20des%20successions,mandat%20donn%C3%A9%20%C3%A0%20cette%20fin.\">artigo 36.\u00ba da Lei n.\u00ba 2006-728, de 23 de junho de 2006<\/a>, sobre a Reforma de Sucess\u00f5es e de D\u00e1divas.&nbsp;<\/p>\n\n\n\n<p><em>&#8220;Exceto no caso de sucess\u00f5es sujeitas ao regime de vac\u00e2ncia ou deserda\u00e7\u00e3o, ningu\u00e9m pode dedicar-se ou prestar a sua assist\u00eancia \u00e0 busca de um herdeiro numa sucess\u00e3o aberta ou em que um bem tenha sido omitido durante a liquida\u00e7\u00e3o da heran\u00e7a, se n\u00e3o for titular de uma procura\u00e7\u00e3o outorgada para o efeito. Dita procura\u00e7\u00e3o pode ser outorgada por qualquer pessoa que tenha um interesse direto e leg\u00edtimo na identifica\u00e7\u00e3o dos herdeiros ou na liquida\u00e7\u00e3o da heran\u00e7a.\u201d&nbsp;<\/em>&nbsp;<\/p>\n\n\n\n<p>Os s\u00f3cios e colaboradores da ADD Associ\u00e9s s\u00e3o titulares de uma habilita\u00e7\u00e3o profissional e beneficiam de autoriza\u00e7\u00f5es espec\u00edficas emitidas pelo Servi\u00e7o Interministerial dos Arquivos de Fran\u00e7a (SIAF) e pelo Procurador do Minist\u00e9rio P\u00fablico do Tribunal Judicial de Paris. Estas autoriza\u00e7\u00f5es permitem-nos consultar e obter uma c\u00f3pia do estado civil de todas as pessoas menores de 75 anos.&nbsp;&nbsp;<\/p>\n<\/div>\n<\/div>\n\n\n\n<h3 class=\"wp-block-heading\">As melhores garantias para os nossos parceiros e clientes&nbsp;<\/h3>\n\n\n\n<p>Quando um genealogista interv\u00e9m para certificar uma devolu\u00e7\u00e3o sucess\u00f3ria, assume a sua responsabilidade jur\u00eddica e financeira, entregando ao not\u00e1rio liquidat\u00e1rio uma tabela certificada que certifique a devolu\u00e7\u00e3o sucess\u00f3ria ou um certificado com as suas conclus\u00f5es. Os membros da C\u00e2mara Sindical de <a href=\"https:\/\/genealogistes-france.org\/\">Genealogistas da Fran\u00e7a <\/a>subscrevem seguros profissionais para cobrir a sua responsabilidade civil.&nbsp;<\/p>\n\n\n\n<p>A ADD Associ\u00e9s complementou estas medidas com outras garantia adicionais, que constituem uma prote\u00e7\u00e3o essencial para cada um dos intervenientes, profissional genealogista ou herdeiro ou benefici\u00e1rio.&nbsp;<\/p>\n\n\n\n<ul class=\"wp-block-list\">\n<li>Contrato de seguro de Responsabilidade Civil Profissional (MMA IARD N.\u00ba 127120688)&nbsp;<\/li>\n\n\n\n<li>Garantia financeira (com a AMLIN INSURANCE SE N.\u00ba 2018PFC002)&nbsp;<\/li>\n\n\n\n<li>Conta de terceiros garantida pela Caisse des D\u00e9p\u00f4ts et Consignations&nbsp;<\/li>\n\n\n\n<li>Auditoria anual e independente pela KPMG&nbsp;<\/li>\n\n\n\n<li>Certifica\u00e7\u00e3o ISO 9001 desde 17 de dezembro de 2008.&nbsp;<\/li>\n<\/ul>\n\n\n\n<h3 class=\"wp-block-heading\">A \u00e9tica no centro do nosso trabalho&nbsp;<\/h3>\n\n\n\n<p>A ADD Associ\u00e9s contribui significativamente para tornar a genealogia sucess\u00f3ria uma profiss\u00e3o que oferece todas as garantias a quem recorre aos nossos servi\u00e7os.&nbsp;<\/p>\n\n\n\n<p>Desde a sua cria\u00e7\u00e3o, a ADD Associ\u00e9s tem contribu\u00eddo significativamente para a regula\u00e7\u00e3o e supervis\u00e3o da nossa profiss\u00e3o, nomeadamente sob a supervis\u00e3o de Antoine Djikpa, s\u00f3cio e atual Diretor-geral do grupo e Presidente Honor\u00e1rio dos <a href=\"https:\/\/genealogistes-france.org\/\">Genealogistas de Fran\u00e7a<\/a>. Antoine Delabre \u00e9 atualmente o seu Vice-Presidente.&nbsp;<\/p>\n\n\n\n<p>Tendo em conta os aspetos internacionais da profiss\u00e3o, a ADD Associ\u00e9s foi tamb\u00e9m um dos membros fundadores da Associa\u00e7\u00e3o Internacional <a href=\"https:\/\/iappr.org\/fr\/\">IAPPR<\/a> (Associa\u00e7\u00e3o Internacional de Investigadores Profissionais de Sucess\u00f5es, Genealogistas e Ca\u00e7adores de Herdeiros).&nbsp;<\/p>\n\n\n\n<h3 class=\"wp-block-heading\">Media\u00e7\u00e3o<\/h3>\n\n\n\n<p>De acordo com o <a href=\"https:\/\/www.economie.gouv.fr\/mediation-conso\/information-et-assistance-du-consommateur#:~:text=par%20le%20professionnel-,L%27article%20L.,pr%C3%A9sent%20titre%20(%E2%80%A6)%20%C2%BB.\">artigo R 612.1 do C\u00f3digo do Consumidor<\/a>, todo o consumidor tem direito a recorrer gratuitamente a um mediador para a resolu\u00e7\u00e3o amig\u00e1vel de qualquer lit\u00edgio entre o consumidor e um profissional.&nbsp;<\/p>\n\n\n\n<p>O setor da genealogia profissional tem um mediador do consumidor que tem como finalidade favorecer uma resolu\u00e7\u00e3o amig\u00e1vel dos lit\u00edgios contratuais, quando estes dizem respeito \u00e0 execu\u00e7\u00e3o de um contrato ou \u00e0 presta\u00e7\u00e3o de um servi\u00e7o. Assim, a Uni\u00e3o dos Genealogistas de Fran\u00e7a nomeou a Sra. Pascale HEULARD como mediadora, em substitui\u00e7\u00e3o a Sra. Christiane MICAL, a partir de 1\u00ba de novembro de 2025.<\/p>\n\n\n\n<p>O mediador possui o seu pr\u00f3prio s\u00edtio web, que cont\u00e9m toda a informa\u00e7\u00e3o \u00fatil para os consumidores e para os genealogistas profissionais que participam nos processos de media\u00e7\u00e3o.&nbsp;<\/p>\n\n\n\n<p><a href=\"http:\/\/mediateurconso-genealogistesfrance.fr\/\">http:\/\/mediateurconso-genealogistesfrance.fr\/<\/a><\/p>\n<\/div>\n<\/div>\n<\/div><\/div>\n","protected":false},"excerpt":{"rendered":"<p>Os nossos compromissos, ao servi\u00e7o da efic\u00e1cia e da qualidade Pomos em funcionamento os melhores recursos humanos e tecnol\u00f3gicos poss\u00edveis, para lhe oferecer mais capacidade de resposta na investiga\u00e7\u00e3o geneal\u00f3gica, uma elevada qualidade relacional e os prazos mais curtos poss\u00edveis.&nbsp; Especializa\u00e7\u00e3o e rigor&nbsp; Proximidade e rapidez&nbsp; Excel\u00eancia operacional e inova\u00e7\u00e3o tecnol\u00f3gica&nbsp;&nbsp; Os nossos honor\u00e1rios&nbsp; Os [&hellip;]<\/p>\n","protected":false},"author":8,"featured_media":0,"parent":0,"menu_order":0,"comment_status":"closed","ping_status":"closed","template":"","meta":{"_acf_changed":false,"footnotes":""},"class_list":["post-4438","page","type-page","status-publish","hentry"],"acf":[],"_links":{"self":[{"href":"https:\/\/www.add-associes.com\/pt-br\/wp-json\/wp\/v2\/pages\/4438","targetHints":{"allow":["GET"]}}],"collection":[{"href":"https:\/\/www.add-associes.com\/pt-br\/wp-json\/wp\/v2\/pages"}],"about":[{"href":"https:\/\/www.add-associes.com\/pt-br\/wp-json\/wp\/v2\/types\/page"}],"author":[{"embeddable":true,"href":"https:\/\/www.add-associes.com\/pt-br\/wp-json\/wp\/v2\/users\/8"}],"replies":[{"embeddable":true,"href":"https:\/\/www.add-associes.com\/pt-br\/wp-json\/wp\/v2\/comments?post=4438"}],"version-history":[{"count":0,"href":"https:\/\/www.add-associes.com\/pt-br\/wp-json\/wp\/v2\/pages\/4438\/revisions"}],"wp:attachment":[{"href":"https:\/\/www.add-associes.com\/pt-br\/wp-json\/wp\/v2\/media?parent=4438"}],"curies":[{"name":"wp","href":"https:\/\/api.w.org\/{rel}","templated":true}]}}