{"id":4482,"date":"2023-07-20T09:00:56","date_gmt":"2023-07-20T07:00:56","guid":{"rendered":"https:\/\/www.add-associes.com\/parceiro-internacional\/"},"modified":"2026-02-03T17:03:30","modified_gmt":"2026-02-03T16:03:30","slug":"parceiro-internacional","status":"publish","type":"page","link":"https:\/\/www.add-associes.com\/pt-br\/parceiro-internacional\/","title":{"rendered":"Parceiro internacional"},"content":{"rendered":"\n<div class=\"wp-block-group is-style-container\"><div class=\"wp-block-group__inner-container is-layout-constrained wp-block-group-is-layout-constrained\">\n<p>Transcorridos 36 anos, com +250 colaboradores, 46 filiais em todo o mundo e um forte investimento em novas tecnologias, cri\u00e1mos e desenvolvemos:&nbsp;<\/p>\n\n\n\n<ul class=\"wp-block-list\">\n<li><strong>Uma equipa internacional integrada<\/strong> composta por 15 colaboradores que falam 17 idiomas (Alem\u00e3o, ingl\u00eas, espanhol, galego, franc\u00eas, italiano, grego, moldavo, portugu\u00eas, persa, polaco, romeno, russo, servo-croata) e que, al\u00e9m de uma rede de correspondentes em todo o mundo, tem a singular particularidade de viajar por todo o mundo para localizar pessoalmente os herdeiros.&nbsp;<\/li>\n<\/ul>\n\n\n\n<ul class=\"wp-block-list\">\n<li><strong><a href=\"https:\/\/www.add-associes.com\/pt-br\/encontrar-o-seu-escritorio\/?region=international\">10 filiais no estrangeiro<\/a><\/strong> : Alemanha \/ Argentina \/ \u00c1ustria \/ Espanha \/ It\u00e1lia \/ Marrocos \/ Pol\u00f4nia \/ Portugal e Vietn\u00e3.<\/li>\n\n\n\n<li><strong>A nossa pr\u00f3pria base de dados ADD DATA<\/strong> para otimizar as nossas pesquisas e completar os s\u00edtios Web de genealogia. Com um crescimento di\u00e1rio, esta base de dados j\u00e1 cont\u00e9m mais de 500 milh\u00f5es de dados indexados.&nbsp;<\/li>\n\n\n\n<li>Abandonamos a tabela geneal\u00f3gica em formato de papel, adotando um <strong>software de genealogia (TGD)<\/strong> \u00fanico, que nos permite construir as nossas tabelas geneal\u00f3gicas onde quer que estejamos (incluindo offline), trabalhar em equipa, simultaneamente, e partilhar os resultados da nossa investiga\u00e7\u00e3o em tempo real.&nbsp;<\/li>\n<\/ul>\n\n\n\n<p>Com uma experi\u00eancia reconhecida por muitos prescritores estrangeiros (advogados, administradores, especialistas em ativos ou contas em situa\u00e7\u00e3o de incumprimento, etc.) mas tamb\u00e9m pelos nossos colegas estrangeiros em todos os continentes, que confiam as suas investiga\u00e7\u00f5es \u00e0s nossas equipas, somos hoje uma das principais refer\u00eancias globais na <a href=\"https:\/\/www.add-associes.com\/pt-br\/servi\u00e7os\/procurar-herdeiros\/\">localiza\u00e7\u00e3o de herdeiros<\/a>.&nbsp;<\/p>\n<\/div><\/div>\n\n\n\n<div class=\"wp-block-group is-style-container has-light-background-color has-background\"><div class=\"wp-block-group__inner-container is-layout-constrained wp-block-group-is-layout-constrained\">\n<h2 class=\"wp-block-heading\">Confie em genealogistas que combinam profissionalismo e \u00e9tica<\/h2>\n\n\n\n<p><a href=\"https:\/\/www.add-associes.com\/pt-br\/os-nossos-compromissos-e-taxas\/\">Os nossos compromissos deontol\u00f3gicos e \u00e9ticos<\/a>, assumidos atrav\u00e9s das federa\u00e7\u00f5es profissionais de que somos membros, <a href=\"https:\/\/genealogistes-france.org\/\">Genealogistas da Fran\u00e7a<\/a> e <a href=\"https:\/\/www.iappr.org\/fr\/\">IAPPR<\/a>, obrigam-nos, nomeadamente, a :&nbsp;<\/p>\n\n\n\n<ul class=\"wp-block-list\">\n<li>Receber fundos de clientes numa conta de terceiros da Caisse des D\u00e9p\u00f4ts et Consignations, garantindo a seguran\u00e7a dos fundos dos clientes e a sua separa\u00e7\u00e3o das contas operacionais do nosso grupo.&nbsp;<\/li>\n\n\n\n<li>Subscrever um seguro de Responsabilidade Civil Profissional (MMA IARD N.\u00ba 127120688)&nbsp;<\/li>\n\n\n\n<li>Subscrever uma garantia financeira (com a AMLIN INSURANCE SE N.\u00ba 2018PFC002)&nbsp;<\/li>\n\n\n\n<li>Solicitar uma auditoria anual \u00e0 KPMG para verificar, em particular, se os fundos dos herdeiros se encontram bem representados.&nbsp;<\/li>\n<\/ul>\n<\/div><\/div>\n\n\n\n<div class=\"wp-block-group is-style-container\"><div class=\"wp-block-group__inner-container is-layout-constrained wp-block-group-is-layout-constrained\">\n<h2 class=\"wp-block-heading\"><strong>Una experiencia reconocida a nivel internacional<\/strong><\/h2>\n\n\n\n<figure class=\"wp-block-gallery has-nested-images columns-default is-cropped wp-block-gallery-1 is-layout-flex wp-block-gallery-is-layout-flex\">\n<figure class=\"wp-block-image size-large\"><img loading=\"lazy\" decoding=\"async\" width=\"800\" height=\"450\" data-id=\"14152\" src=\"https:\/\/www.add-associes.com\/wp-content\/uploads\/2026\/01\/Probate-Industry-awards-2025-Probates25_International-probate-research-firm-of-the-year.jpeg\" alt=\"\" class=\"wp-image-14152\" srcset=\"https:\/\/www.add-associes.com\/wp-content\/uploads\/2026\/01\/Probate-Industry-awards-2025-Probates25_International-probate-research-firm-of-the-year.jpeg 800w, https:\/\/www.add-associes.com\/wp-content\/uploads\/2026\/01\/Probate-Industry-awards-2025-Probates25_International-probate-research-firm-of-the-year-300x169.jpeg 300w, https:\/\/www.add-associes.com\/wp-content\/uploads\/2026\/01\/Probate-Industry-awards-2025-Probates25_International-probate-research-firm-of-the-year-768x432.jpeg 768w, https:\/\/www.add-associes.com\/wp-content\/uploads\/2026\/01\/Probate-Industry-awards-2025-Probates25_International-probate-research-firm-of-the-year-662x372.jpeg 662w\" sizes=\"auto, (max-width: 800px) 100vw, 800px\" \/><\/figure>\n\n\n\n<figure class=\"wp-block-image size-large\"><img loading=\"lazy\" decoding=\"async\" width=\"1024\" height=\"576\" data-id=\"14156\" src=\"https:\/\/www.add-associes.com\/wp-content\/uploads\/2026\/01\/Remise-du-trophe-Best-International-Probate-Research-Firm-of-the-Year-ADD-Associes-1024x576.webp\" alt=\"\" class=\"wp-image-14156\" srcset=\"https:\/\/www.add-associes.com\/wp-content\/uploads\/2026\/01\/Remise-du-trophe-Best-International-Probate-Research-Firm-of-the-Year-ADD-Associes-1024x576.webp 1024w, https:\/\/www.add-associes.com\/wp-content\/uploads\/2026\/01\/Remise-du-trophe-Best-International-Probate-Research-Firm-of-the-Year-ADD-Associes-300x169.webp 300w, https:\/\/www.add-associes.com\/wp-content\/uploads\/2026\/01\/Remise-du-trophe-Best-International-Probate-Research-Firm-of-the-Year-ADD-Associes-768x432.webp 768w, https:\/\/www.add-associes.com\/wp-content\/uploads\/2026\/01\/Remise-du-trophe-Best-International-Probate-Research-Firm-of-the-Year-ADD-Associes-1536x864.webp 1536w, https:\/\/www.add-associes.com\/wp-content\/uploads\/2026\/01\/Remise-du-trophe-Best-International-Probate-Research-Firm-of-the-Year-ADD-Associes-662x372.webp 662w, https:\/\/www.add-associes.com\/wp-content\/uploads\/2026\/01\/Remise-du-trophe-Best-International-Probate-Research-Firm-of-the-Year-ADD-Associes-1333x750.webp 1333w, https:\/\/www.add-associes.com\/wp-content\/uploads\/2026\/01\/Remise-du-trophe-Best-International-Probate-Research-Firm-of-the-Year-ADD-Associes.webp 1920w\" sizes=\"auto, (max-width: 1024px) 100vw, 1024px\" \/><\/figure>\n<\/figure>\n\n\n\n<div style=\"height:50px\" aria-hidden=\"true\" class=\"wp-block-spacer\"><\/div>\n\n\n\n<p>ADD Associ\u00e9s&nbsp;ha sido distinguida como&nbsp;<strong>Best International Probate Research Firm of the Year<\/strong>&nbsp;en los&nbsp;<strong>Probate Industry Awards 2025<\/strong>.<\/p>\n\n\n\n<p>Esta distinci\u00f3n internacional reconoce la experiencia del grupo ADD en genealog\u00eda sucesoria y, en particular, su capacidad para llevar a cabo investigaciones complejas en un contexto internacional. Destaca el trabajo colectivo de nuestros equipos, la estructuraci\u00f3n de nuestra organizaci\u00f3n a escala mundial, as\u00ed como los recursos humanos y tecnol\u00f3gicos puestos al servicio de nuestros socios y clientes.<\/p>\n\n\n\n<p>Este premio constituye un elemento adicional de garant\u00eda para los profesionales que conf\u00edan en nosotros para expedientes con dimensi\u00f3n internacional, al confirmar la fiabilidad, el rigor y el profesionalismo de nuestros m\u00e9todos de investigaci\u00f3n.<\/p>\n<\/div><\/div>\n\n\n\n<div class=\"wp-block-group is-style-container\"><div class=\"wp-block-group__inner-container is-layout-constrained wp-block-group-is-layout-constrained\">\n<h2 class=\"wp-block-heading\">Junte-se \u00e0 rede dos nossos parceiros e clientes&nbsp;<\/h2>\n\n\n\n<ul class=\"wp-block-list\">\n<li>Um \u00fanico endere\u00e7o de contacto: international@add-associes.com&nbsp;&nbsp;<\/li>\n\n\n\n<li>Um \u00fanico ponto de contacto para o seguimento dos seus ficheiros&nbsp;<\/li>\n\n\n\n<li>Uma equipa dedicada, responsiva e com uma grande sensibilidade intercultural \u00e0 sua disposi\u00e7\u00e3o.&nbsp;<\/li>\n<\/ul>\n<\/div><\/div>\n","protected":false},"excerpt":{"rendered":"<p>Transcorridos 36 anos, com +250 colaboradores, 46 filiais em todo o mundo e um forte investimento em novas tecnologias, cri\u00e1mos e desenvolvemos:&nbsp; Com uma experi\u00eancia reconhecida por muitos prescritores estrangeiros (advogados, administradores, especialistas em ativos ou contas em situa\u00e7\u00e3o de incumprimento, etc.) mas tamb\u00e9m pelos nossos colegas estrangeiros em todos os continentes, que confiam as [&hellip;]<\/p>\n","protected":false},"author":2,"featured_media":0,"parent":0,"menu_order":0,"comment_status":"closed","ping_status":"closed","template":"","meta":{"_acf_changed":false,"footnotes":""},"class_list":["post-4482","page","type-page","status-publish","hentry"],"acf":[],"_links":{"self":[{"href":"https:\/\/www.add-associes.com\/pt-br\/wp-json\/wp\/v2\/pages\/4482","targetHints":{"allow":["GET"]}}],"collection":[{"href":"https:\/\/www.add-associes.com\/pt-br\/wp-json\/wp\/v2\/pages"}],"about":[{"href":"https:\/\/www.add-associes.com\/pt-br\/wp-json\/wp\/v2\/types\/page"}],"author":[{"embeddable":true,"href":"https:\/\/www.add-associes.com\/pt-br\/wp-json\/wp\/v2\/users\/2"}],"replies":[{"embeddable":true,"href":"https:\/\/www.add-associes.com\/pt-br\/wp-json\/wp\/v2\/comments?post=4482"}],"version-history":[{"count":0,"href":"https:\/\/www.add-associes.com\/pt-br\/wp-json\/wp\/v2\/pages\/4482\/revisions"}],"wp:attachment":[{"href":"https:\/\/www.add-associes.com\/pt-br\/wp-json\/wp\/v2\/media?parent=4482"}],"curies":[{"name":"wp","href":"https:\/\/api.w.org\/{rel}","templated":true}]}}