{"id":7176,"date":"2023-10-27T18:45:43","date_gmt":"2023-10-27T16:45:43","guid":{"rendered":"https:\/\/www.add-associes.com\/travailler-chez-addla-reference-de-la-genealogie-successorale\/"},"modified":"2025-09-23T14:22:56","modified_gmt":"2025-09-23T12:22:56","slug":"trabalhar-com-add-associes","status":"publish","type":"page","link":"https:\/\/www.add-associes.com\/pt-br\/trabalhar-com-add-associes\/","title":{"rendered":"Trabalhar com ADD Associ\u00e9s"},"content":{"rendered":"\n<p>Na ADD Associ\u00e9s, cada colaborador encarna e p\u00f5e em pr\u00e1tica na sua atividade di\u00e1ria 4 valores fundamentais:&nbsp;<\/p>\n\n\n\n<ul class=\"wp-block-list\">\n<li><strong>Excel\u00eancia<\/strong>: \u200b\u200bcombinando o desempenho e a qualidade ao servi\u00e7o do cliente.&nbsp;<\/li>\n\n\n\n<li><strong>Liberdade<\/strong>: sendo criativo, partilhando as compet\u00eancias e contribuindo para a inova\u00e7\u00e3o dos nossos m\u00e9todos e ferramentas.&nbsp;<\/li>\n\n\n\n<li><strong>Coragem<\/strong>: libertando-se das compara\u00e7\u00f5es e modelos para assumir a nossa identidade.&nbsp;<\/li>\n\n\n\n<li><strong>Autenticidade<\/strong>:<strong>\u202f<\/strong> valorizando o talento de toda a equipa.&nbsp;<\/li>\n<\/ul>\n\n\n\n<p>Trabalhar na ADD Associ\u00e9s \u00e9 reconhecer nestes valores a ess\u00eancia e o motor do nosso compromisso di\u00e1rio e trabalhar para lhes dar sentido como coletivo.&nbsp;<\/p>\n\n\n\n<p>Implementamos estes valores atrav\u00e9s de v\u00e1rios projetos transversais, que v\u00e3o mais al\u00e9m da \u00e1rea profissional de cada elemento da equipa e que alimentam a atividade quotidiana e o crescimento do grupo. Ao trabalhar no grupo ADD Associ\u00e9s, ser\u00e1 um embaixador dos valores que nos movem. Se se identifica com os valores e o esp\u00edrito da ADD Associ\u00e9s, <a href=\"https:\/\/www.add-associes.com\/espace-candidat\/\">consulte as nossas ofertas de emprego na Fran\u00e7a<\/a> para genealogistas e outras \u00e1reas relacionadas com a genealogia sucess\u00f3ria.&nbsp;&nbsp;<\/p>\n\n\n\n<div class=\"wp-block-group has-light-background-color has-background\"><div class=\"wp-block-group__inner-container is-layout-constrained wp-block-group-is-layout-constrained\">\n<h2 class=\"wp-block-heading\"><strong>As convic\u00e7\u00f5es que nos movem<\/strong>&nbsp;<\/h2>\n\n\n\n<h3 class=\"wp-block-heading\">A igualdade de g\u00e9nero no centro do nosso neg\u00f3cio&nbsp;&nbsp;<\/h3>\n\n\n\n<p>Ser genealogista sucess\u00f3rio na ADD Associ\u00e9s significa formar parte de equipas em que cada um dos seus membros \u00e9 apreciado pela sua contribui\u00e7\u00e3o, e n\u00e3o por aquilo que \u00e9. Homem ou mulher, &#8220;j\u00fanior&#8221; ou &#8220;s\u00e9nior&#8221;, todos encontram o seu lugar e deixam a sua marca, num entorno de exig\u00eancia mas tamb\u00e9m de simpatia.&nbsp;<\/p>\n\n\n\n<p>Na ADD Associ\u00e9s, o sal\u00e1rio n\u00e3o \u00e9 rosa nem azul, e possui apenas um denominador comum: o desempenho e o compromisso de servir sempre melhor os nossos clientes. Obtivemos uma pontua\u00e7\u00e3o de 99\/100 na primeira publica\u00e7\u00e3o do \u00edndice de igualdade profissional.&nbsp;<\/p>\n\n\n\n<p>Brindamos-lhe a oportunidade de construir a sua carreira com o grupo ADD Associ\u00e9s com o apoio dos nossos gestores e de uma equipa de RH que aposta na sua forma\u00e7\u00e3o e nas suas perspetivas de crescimento profissional. Seja qual for a sua \u00e1rea profissional &#8211; genealogista sucess\u00f3rio, investigador, advogado, colaborador de apoio -, estamos empenhados em trabalhar consigo para que desfrute de uma atividade profissional sempre gratificante e rica em experi\u00eancias.&nbsp;<\/p>\n\n\n\n<h3 class=\"wp-block-heading\">Gerar um equil\u00edbrio entre sua a vida profissional e pessoal&nbsp;<\/h3>\n\n\n\n<p>Na ADD Associ\u00e9s, abra\u00e7\u00e1mos com determina\u00e7\u00e3o a tecnologia digital e valorizamos a autonomia e o esp\u00edrito de responsabilidade dos nossos colaboradores.&nbsp;&nbsp;<\/p>\n\n\n\n<p>O nosso compromisso \u00e9tico com o teletrabalho e as ferramentas \u201cn\u00f3madas\u201d para todos, incluindo os servi\u00e7os de apoio, permite-nos responder \u00e0s necessidades de flexibilidade na organiza\u00e7\u00e3o do tempo de trabalho. Se procura flexibilidade no trabalho, saiba que teremos presentes as suas necessidades.&nbsp;&nbsp;<\/p>\n\n\n\n<p>Como coletivo, fazemos todos os esfor\u00e7os para que estas ferramentas proporcionem um apoio eficaz \u00e0 excel\u00eancia operacional, assegurando ao mesmo tempo o direito \u00e0 desconex\u00e3o e promovendo o equil\u00edbrio entre a vida pessoal e profissional.&nbsp;<\/p>\n\n\n\n<h3 class=\"wp-block-heading\">Comprometidos com a diversidade&nbsp;<\/h3>\n\n\n\n<p>As nossas equipas s\u00e3o a nossa riqueza, e a diversidade dos perfis que recrutamos n\u00e3o se limita aos curr\u00edculos perfeitos e sem asperezas. Na ADD Associ\u00e9s estamos orgulhosos da nossa pol\u00edtica de integra\u00e7\u00e3o dos trabalhadores com defici\u00eancia, que vimos aplicando h\u00e1 muitos anos.&nbsp;&nbsp;<\/p>\n\n\n\n<p>A ADD Associ\u00e9s tem-se distinguido tamb\u00e9m, desde a sua cria\u00e7\u00e3o, pela diversidade dos perfis dos seus colaboradores, especialmente no departamento de Investiga\u00e7\u00e3o Internacional.&nbsp;&nbsp;<\/p>\n\n\n\n<p>Valorizamos o contributo de todos, independentemente das suas origens ou particularidades, para o nosso projeto coletivo e a excel\u00eancia do nosso trabalho di\u00e1rio.&nbsp;&nbsp;<\/p>\n<\/div><\/div>\n\n\n\n<div style=\"height:35px\" aria-hidden=\"true\" class=\"wp-block-spacer\"><\/div>\n\n\n\n<h2 class=\"wp-block-heading\">A sua evolu\u00e7\u00e3o \u00e9 importante para n\u00f3s&nbsp;<\/h2>\n\n\n\n<p>Em Fran\u00e7a existem v\u00e1rios cursos para se tornar um genealogista sucess\u00f3rio diplomado. Na ADD Associ\u00e9s procuramos, acima de tudo, perfis motivados e din\u00e2micos, com uma grande vontade de aprender. O resto \u00e9 uma hist\u00f3ria que queremos continuar a escrever consigo, proporcionando-lhe um percurso formativo na sua \u00e1rea profissional.&nbsp;<\/p>\n\n\n\n<p>A esta forma\u00e7\u00e3o inicial somam-se as sess\u00f5es peri\u00f3dicas, abertas aos colaboradores internos e externos, para ajustar melhor as suas compet\u00eancias \u00e0s expetativas dos nossos clientes e prescritores, bem como no seio da sua equipa.&nbsp;<\/p>\n\n\n\n<p>Temos ainda a satisfa\u00e7\u00e3o de, ao longo do ano, recebermos estagi\u00e1rios interessados em descobrir as diferentes \u00e1reas da profiss\u00e3o de genealogista sucess\u00f3rio (investiga\u00e7\u00e3o e liquida\u00e7\u00e3o). Consulte as nossas ofertas de est\u00e1gio e de emprego permanente.<\/p>\n\n\n\n<div class=\"wp-block-buttons is-content-justification-center is-layout-flex wp-container-core-buttons-is-layout-16018d1d wp-block-buttons-is-layout-flex\">\n<div class=\"wp-block-button\"><a class=\"wp-block-button__link has-text-align-center wp-element-button\" href=\"https:\/\/www.add-associes.com\/espace-candidat\/\"><strong>Descubra nossas ofertas de emprego na Fran\u00e7a<\/strong><\/a><\/div>\n<\/div>\n\n\n\n<div style=\"height:44px\" aria-hidden=\"true\" class=\"wp-block-spacer\"><\/div>\n\n\n<div class=\"wp-block-image\">\n<figure class=\"aligncenter size-full\"><img loading=\"lazy\" decoding=\"async\" width=\"951\" height=\"535\" src=\"https:\/\/www.add-associes.com\/wp-content\/uploads\/2025\/09\/Portraits-congres-ADD-2025.gif\" alt=\"\" class=\"wp-image-12902\" \/><\/figure>\n<\/div>","protected":false},"excerpt":{"rendered":"<p>Na ADD Associ\u00e9s, cada colaborador encarna e p\u00f5e em pr\u00e1tica na sua atividade di\u00e1ria 4 valores fundamentais:&nbsp; Trabalhar na ADD Associ\u00e9s \u00e9 reconhecer nestes valores a ess\u00eancia e o motor do nosso compromisso di\u00e1rio e trabalhar para lhes dar sentido como coletivo.&nbsp; Implementamos estes valores atrav\u00e9s de v\u00e1rios projetos transversais, que v\u00e3o mais al\u00e9m da [&hellip;]<\/p>\n","protected":false},"author":8,"featured_media":0,"parent":0,"menu_order":0,"comment_status":"closed","ping_status":"closed","template":"","meta":{"_acf_changed":false,"footnotes":""},"class_list":["post-7176","page","type-page","status-publish","hentry"],"acf":[],"_links":{"self":[{"href":"https:\/\/www.add-associes.com\/pt-br\/wp-json\/wp\/v2\/pages\/7176","targetHints":{"allow":["GET"]}}],"collection":[{"href":"https:\/\/www.add-associes.com\/pt-br\/wp-json\/wp\/v2\/pages"}],"about":[{"href":"https:\/\/www.add-associes.com\/pt-br\/wp-json\/wp\/v2\/types\/page"}],"author":[{"embeddable":true,"href":"https:\/\/www.add-associes.com\/pt-br\/wp-json\/wp\/v2\/users\/8"}],"replies":[{"embeddable":true,"href":"https:\/\/www.add-associes.com\/pt-br\/wp-json\/wp\/v2\/comments?post=7176"}],"version-history":[{"count":0,"href":"https:\/\/www.add-associes.com\/pt-br\/wp-json\/wp\/v2\/pages\/7176\/revisions"}],"wp:attachment":[{"href":"https:\/\/www.add-associes.com\/pt-br\/wp-json\/wp\/v2\/media?parent=7176"}],"curies":[{"name":"wp","href":"https:\/\/api.w.org\/{rel}","templated":true}]}}