{"id":9490,"date":"2024-04-02T16:07:23","date_gmt":"2024-04-02T14:07:23","guid":{"rendered":"https:\/\/www.add-associes.com\/vous-avez-une-questioncomplementaire\/"},"modified":"2024-11-21T18:55:43","modified_gmt":"2024-11-21T17:55:43","slug":"voce-tem-mais-alguma-pergunta","status":"publish","type":"page","link":"https:\/\/www.add-associes.com\/pt-br\/voce-tem-mais-alguma-pergunta\/","title":{"rendered":"Voc\u00ea tem mais algumapergunta?"},"content":{"rendered":"\n<div class=\"wp-block-group has-background custom-form container-lg\" >\n    <div class=\"row\">\n        <div class=\"col-12 col-lg-8\">\n            <h2>Fa\u00e7a-nos sua pergunta diretamente e n\u00f3s a responderemos!<\/h2>\n            <p><\/p>\n\n            <div class=\"forminator-ui forminator-custom-form forminator-custom-form-4933 forminator-design--material  forminator_ajax\" data-forminator-render=\"0\" data-form=\"forminator-module-4933\" data-uid=\"69d6097fd1c7a\"><br\/><\/div><form\r\n\t\t\t\tid=\"forminator-module-4933\"\r\n\t\t\t\tclass=\"forminator-ui forminator-custom-form forminator-custom-form-4933 forminator-design--material  forminator_ajax\"\r\n\t\t\t\tmethod=\"post\"\r\n\t\t\t\tdata-forminator-render=\"0\"\r\n\t\t\t\tdata-form-id=\"4933\"\r\n\t\t\t\t data-color-option=\"default\" data-design=\"material\" data-grid=\"open\" style=\"display: none;\"\r\n\t\t\t\tdata-uid=\"69d6097fd1c7a\"\r\n\t\t\t><div role=\"alert\" aria-live=\"polite\" class=\"forminator-response-message forminator-error\" aria-hidden=\"true\"><\/div><div class=\"forminator-row\"><div id=\"name-1\" class=\"forminator-field-name forminator-col forminator-col-12 \"><div class=\"forminator-row forminator-no-margin\" data-multiple=\"true\"><div class=\"forminator-col forminator-col-md-6\"><div class=\"forminator-field\"><label for=\"forminator-field-first-name-1_69d6097fd1c7a\" id=\"forminator-field-first-name-1_69d6097fd1c7a-label\" class=\"forminator-label\">Primeiro nome <span class=\"forminator-required\">*<\/span><\/label><input type=\"text\" name=\"name-1-first-name\" placeholder=\"Por exemplo: Pedro\" id=\"forminator-field-first-name-1_69d6097fd1c7a\" class=\"forminator-input\" aria-required=\"true\" data-multi=\"1\" autocomplete=\"given-name\" value=\"\" \/><\/div><\/div><div class=\"forminator-col forminator-col-md-6\"><div class=\"forminator-field\"><label for=\"forminator-field-last-name-1_69d6097fd1c7a\" id=\"forminator-field-last-name-1_69d6097fd1c7a-label\" class=\"forminator-label\">Nome <span class=\"forminator-required\">*<\/span><\/label><input type=\"text\" name=\"name-1-last-name\" placeholder=\"Por exemplo: Da Silva\" id=\"forminator-field-last-name-1_69d6097fd1c7a\" class=\"forminator-input\" aria-required=\"true\" data-multi=\"1\" autocomplete=\"family-name\" value=\"\" \/><\/div><\/div><\/div><\/div><\/div><div class=\"forminator-row\"><div id=\"text-1\" class=\"forminator-field-text forminator-col forminator-col-12 \"><div class=\"forminator-field\"><label for=\"forminator-field-text-1_69d6097fd1c7a\" id=\"forminator-field-text-1_69d6097fd1c7a-label\" class=\"forminator-label\">N\u00famero do arquivo<\/label><input type=\"text\" name=\"text-1\" value=\"\" placeholder=\"Por exemplo: 98765\" id=\"forminator-field-text-1_69d6097fd1c7a\" class=\"forminator-input forminator-name--field\" data-required=\"\" \/><\/div><\/div><\/div><div class=\"forminator-row\"><div id=\"phone-1\" class=\"forminator-field-phone forminator-col forminator-col-6 \"><div class=\"forminator-field\"><label for=\"forminator-field-phone-1_69d6097fd1c7a\" id=\"forminator-field-phone-1_69d6097fd1c7a-label\" class=\"forminator-label\">Telefone<\/label><input type=\"text\" name=\"phone-1\" value=\"\" placeholder=\"Por exemplo: 06 02 03 05 06\" id=\"forminator-field-phone-1_69d6097fd1c7a\" class=\"forminator-input forminator-field--phone\" data-required=\"\" aria-required=\"false\" autocomplete=\"off\" \/><\/div><\/div><div id=\"email-1\" class=\"forminator-field-email forminator-col forminator-col-6 \"><div class=\"forminator-field\"><label for=\"forminator-field-email-1_69d6097fd1c7a\" id=\"forminator-field-email-1_69d6097fd1c7a-label\" class=\"forminator-label\">E-mail <span class=\"forminator-required\">*<\/span><\/label><input type=\"email\" name=\"email-1\" value=\"\" placeholder=\"Por exemplo: pedro@dasilva.com\" id=\"forminator-field-email-1_69d6097fd1c7a\" class=\"forminator-input forminator-email--field\" data-required=\"1\" aria-required=\"true\" autocomplete=\"email\" \/><\/div><\/div><\/div><div class=\"forminator-row\"><div id=\"textarea-1\" class=\"forminator-field-textarea forminator-col forminator-col-12 \"><div class=\"forminator-field\"><label for=\"forminator-field-textarea-1_69d6097fd1c7a\" id=\"forminator-field-textarea-1_69d6097fd1c7a-label\" class=\"forminator-label\">Sua mensagem <span class=\"forminator-required\">*<\/span><\/label><textarea name=\"textarea-1\" placeholder=\"Insira sua mensagem aqui\" id=\"forminator-field-textarea-1_69d6097fd1c7a\" class=\"forminator-textarea\" rows=\"6\" style=\"min-height:140px;\" ><\/textarea><\/div><\/div><\/div><div class=\"forminator-row\"><div id=\"checkbox-1\" class=\"forminator-field-checkbox forminator-col forminator-col-12 \"><div role=\"group\" class=\"forminator-field required\" aria-labelledby=\"forminator-checkbox-group-forminator-field-checkbox-1-69d6097fd1c7a-label\"><label id=\"forminator-field-checkbox-1-1-69d6097fd1c7a-label\" for=\"forminator-field-checkbox-1-1-69d6097fd1c7a\" class=\"forminator-checkbox\" title=\"Ao marcar esta caixa, voc\u00ea concorda que a ADD Associ\u00e9s poder\u00e1 coletar e processar seus dados pessoais no contexto de sua atividade de busca de herdeiros, de acordo com sua pol\u00edtica de confidencialidade.\"><input type=\"checkbox\" name=\"checkbox-1[]\" value=\"Lorem-ipsum-dolor-sit-amet,-consectetur-adipiscing-elit.-Ut-aliquet-nec-sapien-sit-amet-consequat.-Nullam-sit-amet-urna-ut-enim-convallis-sagittis.\" id=\"forminator-field-checkbox-1-1-69d6097fd1c7a\" aria-labelledby=\"forminator-field-checkbox-1-1-69d6097fd1c7a-label\" data-calculation=\"0\" checked=\"checked\"  data-hidden-behavior=\"zero\"\/><span class=\"forminator-checkbox-box\" aria-hidden=\"true\"><\/span><span class=\"forminator-checkbox-label\">Ao marcar esta caixa, voc\u00ea concorda que a ADD Associ\u00e9s poder\u00e1 coletar e processar seus dados pessoais no contexto de sua atividade de busca de herdeiros, de acordo com sua pol\u00edtica de confidencialidade.<\/span><\/label><\/div><\/div><\/div><div class=\"forminator-row\"><div id=\"captcha-1\" class=\"forminator-field-captcha forminator-col forminator-col-12 \"><div class=\"forminator-captcha-left forminator-g-recaptcha\" data-theme=\"light\"  data-sitekey=\"6Ldoi98nAAAAAPeAzVaAgk_N970JYXv8fQoneIWj\" data-size=\"normal\"><\/div> <\/div><\/div><input type=\"hidden\" name=\"referer_url\" value=\"\" \/><div class=\"forminator-row forminator-row-last\"><div class=\"forminator-col\"><div class=\"forminator-field\"><button class=\"forminator-button forminator-button-submit\"><span>Enviar<\/span><span aria-hidden=\"true\"><\/span><\/button><\/div><\/div><\/div><input type=\"hidden\" id=\"forminator_nonce\" name=\"forminator_nonce\" value=\"9a6375c45f\" \/><input type=\"hidden\" name=\"_wp_http_referer\" value=\"\/pt-br\/wp-json\/wp\/v2\/pages\/9490\" \/><input type=\"hidden\" name=\"form_id\" value=\"4933\"><input type=\"hidden\" name=\"page_id\" value=\"9490\"><input type=\"hidden\" name=\"form_type\" value=\"default\"><input type=\"hidden\" name=\"current_url\" value=\"https:\/\/www.add-associes.com\/pt-br\/voce-tem-mais-alguma-pergunta\/\"><input type=\"hidden\" name=\"render_id\" value=\"0\"><input type=\"hidden\" name=\"action\" value=\"forminator_submit_form_custom-forms\"><\/form>        <\/div>\n    <\/div>\n<\/div>\n","protected":false},"excerpt":{"rendered":"","protected":false},"author":8,"featured_media":0,"parent":0,"menu_order":0,"comment_status":"closed","ping_status":"closed","template":"","meta":{"_acf_changed":false,"footnotes":""},"class_list":["post-9490","page","type-page","status-publish","hentry"],"acf":[],"_links":{"self":[{"href":"https:\/\/www.add-associes.com\/pt-br\/wp-json\/wp\/v2\/pages\/9490","targetHints":{"allow":["GET"]}}],"collection":[{"href":"https:\/\/www.add-associes.com\/pt-br\/wp-json\/wp\/v2\/pages"}],"about":[{"href":"https:\/\/www.add-associes.com\/pt-br\/wp-json\/wp\/v2\/types\/page"}],"author":[{"embeddable":true,"href":"https:\/\/www.add-associes.com\/pt-br\/wp-json\/wp\/v2\/users\/8"}],"replies":[{"embeddable":true,"href":"https:\/\/www.add-associes.com\/pt-br\/wp-json\/wp\/v2\/comments?post=9490"}],"version-history":[{"count":0,"href":"https:\/\/www.add-associes.com\/pt-br\/wp-json\/wp\/v2\/pages\/9490\/revisions"}],"wp:attachment":[{"href":"https:\/\/www.add-associes.com\/pt-br\/wp-json\/wp\/v2\/media?parent=9490"}],"curies":[{"name":"wp","href":"https:\/\/api.w.org\/{rel}","templated":true}]}}